{"id":53275,"date":"2026-01-08T11:51:34","date_gmt":"2026-01-08T10:51:34","guid":{"rendered":"https:\/\/emene.nueva.avantarea.com\/?post_type=product&#038;p=53275"},"modified":"2026-03-11T09:27:16","modified_gmt":"2026-03-11T08:27:16","slug":"pack-bevue-xtone-lavabo-espejo-led-copia","status":"publish","type":"product","link":"https:\/\/emene.com\/fr\/producto\/pack-bevue-xtone-lavabo-espejo-led-copia\/","title":{"rendered":"Pack B\u00c9VUE Xtone + lavabo + miroir LED"},"content":{"rendered":"<p>Pack de mueble suspendido de ba\u00f1o, lavabo y espejo LED.<br \/>\nM\u00f3dulo superior fijo con encimera y copete de material Xtone de Porcelanosa, compacto mineral sinterizado a partir de la selecci\u00f3n de materias primas de mayor pureza con las que se obtiene una superficie de elevadas prestaciones.<br \/>\nMueble suspendido inferior con caj\u00f3n.<br \/>\nMeubles en panneaux de particules de 19 mm avec rev\u00eatement en m\u00e9lamine et caract\u00e9ristiques de surface optimales, \u00e9cologiques et recyclables.<br \/>\nCintres avec syst\u00e8me antichute.<br \/>\nCaj\u00f3n met\u00e1lico de doble pared de est\u00e9tica minimalista, de costillas finas y l\u00edneas rectas, cierre amortiguado, capacidad de carga de 25 kg, accesibilidad total y espacio trasero disponible.<br \/>\nIncluye espejo con iluminaci\u00f3n LED, IP65, 10,8 W, 1170lm y temperatura de la luz 6000K.<br \/>\nLes meubles sont livr\u00e9s assembl\u00e9s, pr\u00eats \u00e0 \u00eatre accroch\u00e9s au mur.<br \/>\nUn kit de montage du meuble est inclus.<br \/>\nRobinet et siphon non inclus.<br \/>\nFabriqu\u00e9 en Espagne.          <\/p>\n","protected":false},"excerpt":{"rendered":"<p>Pack de mueble suspendido de ba\u00f1o, lavabo y espejo LED. M\u00f3dulo superior fijo con encimera y copete de material Xtone de Porcelanosa, compacto mineral sinterizado a partir de la selecci\u00f3n&#8230;<\/p>\n","protected":false},"featured_media":53236,"comment_status":"closed","ping_status":"closed","template":"","meta":[],"product_brand":[510],"product_cat":[390],"product_tag":[],"class_list":{"0":"post-53275","1":"product","2":"type-product","3":"status-publish","4":"has-post-thumbnail","6":"product_brand-bevue","7":"product_cat-meubles-de-salle-de-bain","8":"pa_color-calcatta-roble-bardolino","9":"pa_color-orobico-dark-roble-azabache","10":"pa_color-paonazzo-biondo-nogal","11":"pa_medidas-545","12":"pa_medidas-234","13":"pa_medidas-235","15":"first","16":"instock","17":"purchasable","18":"product-type-variable"},"_links":{"self":[{"href":"https:\/\/emene.com\/fr\/wp-json\/wp\/v2\/product\/53275","targetHints":{"allow":["GET"]}}],"collection":[{"href":"https:\/\/emene.com\/fr\/wp-json\/wp\/v2\/product"}],"about":[{"href":"https:\/\/emene.com\/fr\/wp-json\/wp\/v2\/types\/product"}],"replies":[{"embeddable":true,"href":"https:\/\/emene.com\/fr\/wp-json\/wp\/v2\/comments?post=53275"}],"wp:featuredmedia":[{"embeddable":true,"href":"https:\/\/emene.com\/fr\/wp-json\/wp\/v2\/media\/53236"}],"wp:attachment":[{"href":"https:\/\/emene.com\/fr\/wp-json\/wp\/v2\/media?parent=53275"}],"wp:term":[{"taxonomy":"product_brand","embeddable":true,"href":"https:\/\/emene.com\/fr\/wp-json\/wp\/v2\/product_brand?post=53275"},{"taxonomy":"product_cat","embeddable":true,"href":"https:\/\/emene.com\/fr\/wp-json\/wp\/v2\/product_cat?post=53275"},{"taxonomy":"product_tag","embeddable":true,"href":"https:\/\/emene.com\/fr\/wp-json\/wp\/v2\/product_tag?post=53275"}],"curies":[{"name":"wp","href":"https:\/\/api.w.org\/{rel}","templated":true}]}}