{"id":53285,"date":"2026-01-08T11:50:44","date_gmt":"2026-01-08T10:50:44","guid":{"rendered":"https:\/\/emene.nueva.avantarea.com\/?post_type=product&#038;p=53285"},"modified":"2026-03-11T13:25:40","modified_gmt":"2026-03-11T12:25:40","slug":"pack-fenetre-xtone-lavabo-espejo-led-copia","status":"publish","type":"product","link":"https:\/\/emene.com\/fr\/producto\/pack-fenetre-xtone-lavabo-espejo-led-copia\/","title":{"rendered":"Pack FEN\u00caTRE Xtone + lavabo + miroir LED"},"content":{"rendered":"<p>Pack compos\u00e9 d&rsquo;un meuble de salle de bain, d&rsquo;un lavabo et d&rsquo;un miroir LED. Ensemble compos\u00e9 de deux modules de tiroirs ind\u00e9pendants qui peuvent \u00eatre plac\u00e9s \u00e0 volont\u00e9, favorisant ainsi l&rsquo;adaptation \u00e0 l&rsquo;espace. Meuble suspendu pour vasque fabriqu\u00e9 en panneau de particules de 19 mm avec rev\u00eatement m\u00e9lamin\u00e9. Tiroirs m\u00e9talliques avec m\u00e9canisme de fermeture amortie, capacit\u00e9 de charge de 25 kg, accessibilit\u00e9 totale et espace arri\u00e8re disponible. Fa\u00e7ade de meuble avec d\u00e9tails d\u00e9coratifs en mat\u00e9riau Xtone de Porcelanosa, un compact min\u00e9ral fritt\u00e9 fabriqu\u00e9 \u00e0 partir de mati\u00e8res premi\u00e8res s\u00e9lectionn\u00e9es parmi les plus pures, ce qui donne une surface haute performance. Comprend un lavabo en c\u00e9ramique. Comprend un miroir avec \u00e9clairage LED IP44, temp\u00e9rature de lumi\u00e8re 6000K. Les meubles sont livr\u00e9s assembl\u00e9s, pr\u00eats \u00e0 \u00eatre accroch\u00e9s au mur. Un kit de montage du meuble est inclus. Robinet et siphon non inclus. Fabriqu\u00e9 en Espagne.<\/p>\n","protected":false},"excerpt":{"rendered":"<p>Pack compos\u00e9 d&rsquo;un meuble de salle de bain, d&rsquo;un lavabo et d&rsquo;un miroir LED. Ensemble compos\u00e9 de deux modules de tiroirs ind\u00e9pendants qui peuvent \u00eatre plac\u00e9s \u00e0 volont\u00e9, favorisant ainsi&#8230;<\/p>\n","protected":false},"featured_media":53100,"comment_status":"closed","ping_status":"closed","template":"","meta":[],"product_brand":[517],"product_cat":[390],"product_tag":[],"class_list":{"0":"post-53285","1":"product","2":"type-product","3":"status-publish","4":"has-post-thumbnail","6":"product_brand-fenetre","7":"product_cat-meubles-de-salle-de-bain","8":"pa_color-calacatta-roble-bardolino","9":"pa_color-orobico-dark-roble-azabache","10":"pa_color-paonazzo-biondo-nogal","11":"pa_medidas-545","12":"pa_medidas-234","13":"pa_medidas-120-00","14":"pa_medidas-235","16":"first","17":"instock","18":"purchasable","19":"product-type-variable"},"_links":{"self":[{"href":"https:\/\/emene.com\/fr\/wp-json\/wp\/v2\/product\/53285","targetHints":{"allow":["GET"]}}],"collection":[{"href":"https:\/\/emene.com\/fr\/wp-json\/wp\/v2\/product"}],"about":[{"href":"https:\/\/emene.com\/fr\/wp-json\/wp\/v2\/types\/product"}],"replies":[{"embeddable":true,"href":"https:\/\/emene.com\/fr\/wp-json\/wp\/v2\/comments?post=53285"}],"wp:featuredmedia":[{"embeddable":true,"href":"https:\/\/emene.com\/fr\/wp-json\/wp\/v2\/media\/53100"}],"wp:attachment":[{"href":"https:\/\/emene.com\/fr\/wp-json\/wp\/v2\/media?parent=53285"}],"wp:term":[{"taxonomy":"product_brand","embeddable":true,"href":"https:\/\/emene.com\/fr\/wp-json\/wp\/v2\/product_brand?post=53285"},{"taxonomy":"product_cat","embeddable":true,"href":"https:\/\/emene.com\/fr\/wp-json\/wp\/v2\/product_cat?post=53285"},{"taxonomy":"product_tag","embeddable":true,"href":"https:\/\/emene.com\/fr\/wp-json\/wp\/v2\/product_tag?post=53285"}],"curies":[{"name":"wp","href":"https:\/\/api.w.org\/{rel}","templated":true}]}}