{"id":53295,"date":"2026-01-08T11:50:09","date_gmt":"2026-01-08T10:50:09","guid":{"rendered":"https:\/\/emene.nueva.avantarea.com\/?post_type=product&#038;p=53295"},"modified":"2026-03-11T16:32:35","modified_gmt":"2026-03-11T15:32:35","slug":"pack-tte-lavabo-espejo-capsula-copia","status":"publish","type":"product","link":"https:\/\/emene.com\/fr\/producto\/pack-tte-lavabo-espejo-capsula-copia\/","title":{"rendered":"Pack TTE + lavabo + miroir capsule"},"content":{"rendered":"<p>Ensemble de salle de bain comprenant un meuble de salle de bain, un lavabo et un miroir. Meuble sous-vasque suspendu compos\u00e9 d&rsquo;un tiroir et d&rsquo;une porte, en panneaux de particules de 19 mm avec rev\u00eatement m\u00e9lamin\u00e9 et caract\u00e9ristiques de surface optimales, \u00e9cologiques et recyclables. Tiroir minimaliste en m\u00e9tal \u00e0 double paroi, aux nervures fines et aux lignes droites, m\u00e9canisme de fermeture amortie, accessibilit\u00e9 totale et espace arri\u00e8re disponible. Charni\u00e8res \u00e9quip\u00e9es d&rsquo;un piston amortisseur pour une fermeture en douceur de la porte et un ajustement tridimensionnel. Comprend un lavabo en c\u00e9ramique blanc brillant. Comprend un miroir orn\u00e9 d&rsquo;un motif d\u00e9coratif en forme de capsule. Les meubles sont livr\u00e9s assembl\u00e9s, pr\u00eats \u00e0 \u00eatre accroch\u00e9s au mur. Un kit de montage du meuble est inclus. Robinet et siphon non inclus. Fabriqu\u00e9 en Espagne.<\/p>\n","protected":false},"excerpt":{"rendered":"<p>Ensemble de salle de bain comprenant un meuble de salle de bain, un lavabo et un miroir. Meuble sous-vasque suspendu compos\u00e9 d&rsquo;un tiroir et d&rsquo;une porte, en panneaux de particules&#8230;<\/p>\n","protected":false},"featured_media":52977,"comment_status":"closed","ping_status":"closed","template":"","meta":[],"product_brand":[532],"product_cat":[390],"product_tag":[],"class_list":{"0":"post-53295","1":"product","2":"type-product","3":"status-publish","4":"has-post-thumbnail","6":"product_brand-tte","7":"product_cat-meubles-de-salle-de-bain","8":"pa_color-blanc-mat-2","9":"pa_color-noyer-2","10":"pa_color-roble-bardolino","11":"pa_medidas-545","12":"pa_medidas-234","14":"first","15":"instock","16":"purchasable","17":"product-type-variable"},"_links":{"self":[{"href":"https:\/\/emene.com\/fr\/wp-json\/wp\/v2\/product\/53295","targetHints":{"allow":["GET"]}}],"collection":[{"href":"https:\/\/emene.com\/fr\/wp-json\/wp\/v2\/product"}],"about":[{"href":"https:\/\/emene.com\/fr\/wp-json\/wp\/v2\/types\/product"}],"replies":[{"embeddable":true,"href":"https:\/\/emene.com\/fr\/wp-json\/wp\/v2\/comments?post=53295"}],"wp:featuredmedia":[{"embeddable":true,"href":"https:\/\/emene.com\/fr\/wp-json\/wp\/v2\/media\/52977"}],"wp:attachment":[{"href":"https:\/\/emene.com\/fr\/wp-json\/wp\/v2\/media?parent=53295"}],"wp:term":[{"taxonomy":"product_brand","embeddable":true,"href":"https:\/\/emene.com\/fr\/wp-json\/wp\/v2\/product_brand?post=53295"},{"taxonomy":"product_cat","embeddable":true,"href":"https:\/\/emene.com\/fr\/wp-json\/wp\/v2\/product_cat?post=53295"},{"taxonomy":"product_tag","embeddable":true,"href":"https:\/\/emene.com\/fr\/wp-json\/wp\/v2\/product_tag?post=53295"}],"curies":[{"name":"wp","href":"https:\/\/api.w.org\/{rel}","templated":true}]}}