{"id":53302,"date":"2026-01-08T11:48:17","date_gmt":"2026-01-08T10:48:17","guid":{"rendered":"https:\/\/emene.nueva.avantarea.com\/?post_type=product&#038;p=53302"},"modified":"2026-03-11T15:18:38","modified_gmt":"2026-03-11T14:18:38","slug":"pack-niveau-lavabo-suspendido-xtone-espejo-led-copia","status":"publish","type":"product","link":"https:\/\/emene.com\/fr\/producto\/pack-niveau-lavabo-suspendido-xtone-espejo-led-copia\/","title":{"rendered":"Pack NIVEAU + lavabo suspendu Xtone + miroir LED"},"content":{"rendered":"<p>Ensemble de salle de bains comprenant un lavabo suspendu en mat\u00e9riau Xtone de Porcelanosa, un meuble et un miroir avec \u00e9clairage LED. Vasque suspendue en Xtone de Porcelanosa, un min\u00e9ral compact fritt\u00e9 \u00e0 partir de la s\u00e9lection des mati\u00e8res premi\u00e8res les plus pures pour obtenir une surface tr\u00e8s performante. Meuble suspendu \u00e0 un tiroir, finition anthracite mat, en panneaux de particules stratifi\u00e9s de 19 mm avec micro-relief, tiroir \u00e0 extension compl\u00e8te et fermeture amortie. Comprend un miroir avec \u00e9clairage LED, IP65, 10,8 W, 1170 lm et temp\u00e9rature de lumi\u00e8re 6000K. Les meubles sont livr\u00e9s assembl\u00e9s, pr\u00eats \u00e0 \u00eatre accroch\u00e9s au mur. Un kit de montage du meuble est inclus. Robinet et siphon non inclus. Fabriqu\u00e9 en Espagne.<\/p>\n","protected":false},"excerpt":{"rendered":"<p>Ensemble de salle de bains comprenant un lavabo suspendu en mat\u00e9riau Xtone de Porcelanosa, un meuble et un miroir avec \u00e9clairage LED. Vasque suspendue en Xtone de Porcelanosa, un min\u00e9ral&#8230;<\/p>\n","protected":false},"featured_media":52878,"comment_status":"closed","ping_status":"closed","template":"","meta":[],"product_brand":[522],"product_cat":[390],"product_tag":[],"class_list":{"0":"post-53302","1":"product","2":"type-product","3":"status-publish","4":"has-post-thumbnail","6":"product_brand-niveau","7":"product_cat-meubles-de-salle-de-bain","8":"pa_color-blanc-kubric","9":"pa_color-viola-rosse-chene-noir-de-jais","10":"pa_color-calacatta-blanco-mate","11":"pa_color-calacatta-roble-bardolino","12":"pa_color-calacatta-gold-blanc-mat-2","13":"pa_medidas-545","14":"pa_medidas-234","15":"pa_medidas-235","17":"first","18":"instock","19":"purchasable","20":"product-type-variable"},"_links":{"self":[{"href":"https:\/\/emene.com\/fr\/wp-json\/wp\/v2\/product\/53302","targetHints":{"allow":["GET"]}}],"collection":[{"href":"https:\/\/emene.com\/fr\/wp-json\/wp\/v2\/product"}],"about":[{"href":"https:\/\/emene.com\/fr\/wp-json\/wp\/v2\/types\/product"}],"replies":[{"embeddable":true,"href":"https:\/\/emene.com\/fr\/wp-json\/wp\/v2\/comments?post=53302"}],"wp:featuredmedia":[{"embeddable":true,"href":"https:\/\/emene.com\/fr\/wp-json\/wp\/v2\/media\/52878"}],"wp:attachment":[{"href":"https:\/\/emene.com\/fr\/wp-json\/wp\/v2\/media?parent=53302"}],"wp:term":[{"taxonomy":"product_brand","embeddable":true,"href":"https:\/\/emene.com\/fr\/wp-json\/wp\/v2\/product_brand?post=53302"},{"taxonomy":"product_cat","embeddable":true,"href":"https:\/\/emene.com\/fr\/wp-json\/wp\/v2\/product_cat?post=53302"},{"taxonomy":"product_tag","embeddable":true,"href":"https:\/\/emene.com\/fr\/wp-json\/wp\/v2\/product_tag?post=53302"}],"curies":[{"name":"wp","href":"https:\/\/api.w.org\/{rel}","templated":true}]}}