{"id":53350,"date":"2025-11-19T13:18:08","date_gmt":"2025-11-19T12:18:08","guid":{"rendered":"https:\/\/emene.nueva.avantarea.com\/?post_type=product&#038;p=53350"},"modified":"2026-02-24T15:54:53","modified_gmt":"2026-02-24T14:54:53","slug":"grifo-empotrado-bide-feroe-oro-rosa-cepillado-copia","status":"publish","type":"product","link":"https:\/\/emene.com\/fr\/producto\/grifo-empotrado-bide-feroe-oro-rosa-cepillado-copia\/","title":{"rendered":"ROBINET ENCASTR\u00c9 BIDET F\u00c9RO\u00c9 OR ROSE BROSS\u00c9"},"content":{"rendered":"","protected":false},"excerpt":{"rendered":"","protected":false},"featured_media":52749,"comment_status":"closed","ping_status":"open","template":"","meta":[],"product_brand":[453],"product_cat":[390,26],"product_tag":[],"class_list":{"0":"post-53350","1":"product","2":"type-product","3":"status-publish","4":"has-post-thumbnail","6":"product_brand-grifos","7":"product_cat-meubles-de-salle-de-bain","8":"product_cat-muebles-de-bano","10":"first","11":"instock","12":"purchasable","13":"product-type-simple"},"_links":{"self":[{"href":"https:\/\/emene.com\/fr\/wp-json\/wp\/v2\/product\/53350","targetHints":{"allow":["GET"]}}],"collection":[{"href":"https:\/\/emene.com\/fr\/wp-json\/wp\/v2\/product"}],"about":[{"href":"https:\/\/emene.com\/fr\/wp-json\/wp\/v2\/types\/product"}],"replies":[{"embeddable":true,"href":"https:\/\/emene.com\/fr\/wp-json\/wp\/v2\/comments?post=53350"}],"wp:featuredmedia":[{"embeddable":true,"href":"https:\/\/emene.com\/fr\/wp-json\/wp\/v2\/media\/52749"}],"wp:attachment":[{"href":"https:\/\/emene.com\/fr\/wp-json\/wp\/v2\/media?parent=53350"}],"wp:term":[{"taxonomy":"product_brand","embeddable":true,"href":"https:\/\/emene.com\/fr\/wp-json\/wp\/v2\/product_brand?post=53350"},{"taxonomy":"product_cat","embeddable":true,"href":"https:\/\/emene.com\/fr\/wp-json\/wp\/v2\/product_cat?post=53350"},{"taxonomy":"product_tag","embeddable":true,"href":"https:\/\/emene.com\/fr\/wp-json\/wp\/v2\/product_tag?post=53350"}],"curies":[{"name":"wp","href":"https:\/\/api.w.org\/{rel}","templated":true}]}}