{"id":53378,"date":"2025-11-19T13:15:27","date_gmt":"2025-11-19T12:15:27","guid":{"rendered":"https:\/\/emene.nueva.avantarea.com\/?post_type=product&#038;p=53378"},"modified":"2026-03-11T16:17:49","modified_gmt":"2026-03-11T15:17:49","slug":"mueble-auxiliar-con-ruedas-tiroir-xtone-copia","status":"publish","type":"product","link":"https:\/\/emene.com\/fr\/producto\/mueble-auxiliar-con-ruedas-tiroir-xtone-copia\/","title":{"rendered":"Meuble d&rsquo;appoint \u00e0 roulettes TIROIR Xtone"},"content":{"rendered":"<p>Mobilier d&rsquo;appoint \u00e0 roulettes de la collection TIROIR, con\u00e7u pour offrir fonctionnalit\u00e9 et style dans tous les espaces de la maison. Son design compact et polyvalent en fait la solution id\u00e9ale pour optimiser le rangement dans toute la maison.<br \/>\u00c9quip\u00e9 de quatre roulettes transparentes avec freins, il se d\u00e9place facilement et se bloque en toute s\u00e9curit\u00e9 dans la position souhait\u00e9e. Gr\u00e2ce \u00e0 sa conception pratique, vous pouvez le d\u00e9placer sans effort selon vos besoins.<br \/>Ce module se compose d&rsquo;un syst\u00e8me d&rsquo;acc\u00e8s par le haut avec une fa\u00e7ade en porcelaine Xtone, un compact min\u00e9ral fritt\u00e9 \u00e9labor\u00e9 \u00e0 partir de mati\u00e8res premi\u00e8res d&rsquo;une grande puret\u00e9 pour une surface haute performance. Fabriqu\u00e9 en panneaux de particules de 19 mm avec rev\u00eatement en m\u00e9lamine, un mat\u00e9riau r\u00e9sistant, \u00e9cologique et recyclable, il garantit durabilit\u00e9 et facilit\u00e9 d&rsquo;entretien. Sa finition haut de gamme apporte une touche moderne et \u00e9l\u00e9gante \u00e0 n&rsquo;importe quelle pi\u00e8ce.<br \/>Le meuble comprend quatre roulettes transparentes pour un montage simple et rapide.<\/p>\n","protected":false},"excerpt":{"rendered":"<p>Mobilier d&rsquo;appoint \u00e0 roulettes de la collection TIROIR, con\u00e7u pour offrir fonctionnalit\u00e9 et style dans tous les espaces de la maison. Son design compact et polyvalent en fait la solution&#8230;<\/p>\n","protected":false},"featured_media":52332,"comment_status":"closed","ping_status":"closed","template":"","meta":[],"product_brand":[507],"product_cat":[390],"product_tag":[],"class_list":{"0":"post-53378","1":"product","2":"type-product","3":"status-publish","4":"has-post-thumbnail","6":"product_brand-tiroir","7":"product_cat-meubles-de-salle-de-bain","8":"pa_color-jotts-noir-mat","9":"pa_color-bardolino-calacatta-gold","10":"pa_color-blanco-mate-calacatta-gold","11":"pa_color-calacatta-gold-bardolino","12":"pa_color-liem-noir-chene-jais-fr","13":"pa_color-orobico-dark-azabache","14":"pa_color-paonazzo-biondo-nogal","15":"pa_medidas-234","16":"pa_medidas-3-6","17":"pa_medidas-4-2","18":"pa_medidas-235","20":"first","21":"instock","22":"purchasable","23":"product-type-variable"},"_links":{"self":[{"href":"https:\/\/emene.com\/fr\/wp-json\/wp\/v2\/product\/53378","targetHints":{"allow":["GET"]}}],"collection":[{"href":"https:\/\/emene.com\/fr\/wp-json\/wp\/v2\/product"}],"about":[{"href":"https:\/\/emene.com\/fr\/wp-json\/wp\/v2\/types\/product"}],"replies":[{"embeddable":true,"href":"https:\/\/emene.com\/fr\/wp-json\/wp\/v2\/comments?post=53378"}],"wp:featuredmedia":[{"embeddable":true,"href":"https:\/\/emene.com\/fr\/wp-json\/wp\/v2\/media\/52332"}],"wp:attachment":[{"href":"https:\/\/emene.com\/fr\/wp-json\/wp\/v2\/media?parent=53378"}],"wp:term":[{"taxonomy":"product_brand","embeddable":true,"href":"https:\/\/emene.com\/fr\/wp-json\/wp\/v2\/product_brand?post=53378"},{"taxonomy":"product_cat","embeddable":true,"href":"https:\/\/emene.com\/fr\/wp-json\/wp\/v2\/product_cat?post=53378"},{"taxonomy":"product_tag","embeddable":true,"href":"https:\/\/emene.com\/fr\/wp-json\/wp\/v2\/product_tag?post=53378"}],"curies":[{"name":"wp","href":"https:\/\/api.w.org\/{rel}","templated":true}]}}