{"id":53410,"date":"2025-11-19T13:12:17","date_gmt":"2025-11-19T12:12:17","guid":{"rendered":"https:\/\/emene.nueva.avantarea.com\/?post_type=product&#038;p=53410"},"modified":"2026-03-11T10:41:40","modified_gmt":"2026-03-11T09:41:40","slug":"pack-brise-encimera-y-copete-xtone-lavabo-espejo-circular-copia","status":"publish","type":"product","link":"https:\/\/emene.com\/fr\/producto\/pack-brise-encimera-y-copete-xtone-lavabo-espejo-circular-copia\/","title":{"rendered":"Pack BRISE + plan de travail et cr\u00e9dence Xtone + lavabo + miroir circulaire"},"content":{"rendered":"<p>Cet ensemble comprend un meuble-lavabo suspendu, un lavabo et un miroir rond.<br \/>Le meuble-lavabo se compose d&rsquo;un tiroir \u00e0 fa\u00e7ade ajour\u00e9e. Son design int\u00e8gre un plan de travail et une cr\u00e9dence aux formes courbes, r\u00e9alis\u00e9s en porcelaine Xtone, un compact min\u00e9ral fritt\u00e9, \u00e9labor\u00e9 \u00e0 partir de mati\u00e8res premi\u00e8res d&rsquo;une puret\u00e9 exceptionnelle pour une surface haute performance.  Meubles en panneaux de particules de 19 mm avec rev\u00eatement en m\u00e9lamine et caract\u00e9ristiques de surface optimales, \u00e9cologiques et recyclables. Cintres avec syst\u00e8me antichute. Tiroirs m\u00e9talliques \u00e0 double paroi de style minimaliste avec nervures fines et lignes droites, m\u00e9canisme de fermeture en douceur, capacit\u00e9 de charge de 25 kg, accessibilit\u00e9 totale et espace arri\u00e8re disponible. Comprend un lavabo en c\u00e9ramique. Comprend un miroir de forme circulaire. Les meubles sont livr\u00e9s assembl\u00e9s, pr\u00eats \u00e0 \u00eatre accroch\u00e9s au mur. Un kit de montage du meuble est inclus. Robinet et siphon non inclus. Fabriqu\u00e9 en Espagne.<\/p>\n","protected":false},"excerpt":{"rendered":"<p>Cet ensemble comprend un meuble-lavabo suspendu, un lavabo et un miroir rond.Le meuble-lavabo se compose d&rsquo;un tiroir \u00e0 fa\u00e7ade ajour\u00e9e. Son design int\u00e8gre un plan de travail et une cr\u00e9dence&#8230;<\/p>\n","protected":false},"featured_media":51768,"comment_status":"closed","ping_status":"closed","template":"","meta":[],"product_brand":[511],"product_cat":[390],"product_tag":[],"class_list":{"0":"post-53410","1":"product","2":"type-product","3":"status-publish","4":"has-post-thumbnail","6":"product_brand-brise","7":"product_cat-meubles-de-salle-de-bain","8":"pa_color-alcatraz-calacatta-gold","9":"pa_color-alcatraz-orobico-dark","10":"pa_color-alcatraz-paonazzo-biondo","11":"pa_color-bardolino-calacatta-gold","12":"pa_color-azabache-orobico-dark","13":"pa_color-nogal-paonazzo-biondo","14":"pa_medidas-545","15":"pa_medidas-234","16":"pa_medidas-235","18":"first","19":"instock","20":"purchasable","21":"product-type-variable"},"_links":{"self":[{"href":"https:\/\/emene.com\/fr\/wp-json\/wp\/v2\/product\/53410","targetHints":{"allow":["GET"]}}],"collection":[{"href":"https:\/\/emene.com\/fr\/wp-json\/wp\/v2\/product"}],"about":[{"href":"https:\/\/emene.com\/fr\/wp-json\/wp\/v2\/types\/product"}],"replies":[{"embeddable":true,"href":"https:\/\/emene.com\/fr\/wp-json\/wp\/v2\/comments?post=53410"}],"wp:featuredmedia":[{"embeddable":true,"href":"https:\/\/emene.com\/fr\/wp-json\/wp\/v2\/media\/51768"}],"wp:attachment":[{"href":"https:\/\/emene.com\/fr\/wp-json\/wp\/v2\/media?parent=53410"}],"wp:term":[{"taxonomy":"product_brand","embeddable":true,"href":"https:\/\/emene.com\/fr\/wp-json\/wp\/v2\/product_brand?post=53410"},{"taxonomy":"product_cat","embeddable":true,"href":"https:\/\/emene.com\/fr\/wp-json\/wp\/v2\/product_cat?post=53410"},{"taxonomy":"product_tag","embeddable":true,"href":"https:\/\/emene.com\/fr\/wp-json\/wp\/v2\/product_tag?post=53410"}],"curies":[{"name":"wp","href":"https:\/\/api.w.org\/{rel}","templated":true}]}}