{"id":53429,"date":"2025-09-26T12:16:28","date_gmt":"2025-09-26T10:16:28","guid":{"rendered":"https:\/\/emene.nueva.avantarea.com\/?post_type=product&#038;p=53429"},"modified":"2026-03-11T11:06:04","modified_gmt":"2026-03-11T10:06:04","slug":"pack-chemin-xtone-lavabo-espejo-capsula-copia","status":"publish","type":"product","link":"https:\/\/emene.com\/fr\/producto\/pack-chemin-xtone-lavabo-espejo-capsula-copia\/","title":{"rendered":"Pack CHEMIN Xtone + lavabo + miroir capsule"},"content":{"rendered":"<p>Cet ensemble comprend un meuble-lavabo suspendu, un lavabo et un miroir capsule.<br \/>Le meuble se compose d&rsquo;un module \u00e0 deux portes et d&rsquo;un module \u00e0 un tiroir. Son design int\u00e8gre des poign\u00e9es en porcelaine Xtone, un mat\u00e9riau min\u00e9ral fritt\u00e9 compact, fabriqu\u00e9 \u00e0 partir de mati\u00e8res premi\u00e8res d&rsquo;une grande puret\u00e9, pour une surface haute performance.  Meubles en panneaux de particules de 19 mm avec rev\u00eatement en m\u00e9lamine et caract\u00e9ristiques de surface optimales, \u00e9cologiques et recyclables. Cintres avec syst\u00e8me antichute. Tiroirs m\u00e9talliques \u00e0 double paroi de style minimaliste avec nervures fines et lignes droites, m\u00e9canisme de fermeture en douceur, capacit\u00e9 de charge de 25 kg, accessibilit\u00e9 totale et espace arri\u00e8re disponible. Comprend un lavabo en c\u00e9ramique. Comprend un miroir design capsule. Les meubles sont livr\u00e9s assembl\u00e9s, pr\u00eats \u00e0 \u00eatre accroch\u00e9s au mur. Un kit de montage du meuble est inclus. Robinet et siphon non inclus. Fabriqu\u00e9 en Espagne.<\/p>\n","protected":false},"excerpt":{"rendered":"<p>Cet ensemble comprend un meuble-lavabo suspendu, un lavabo et un miroir capsule.Le meuble se compose d&rsquo;un module \u00e0 deux portes et d&rsquo;un module \u00e0 un tiroir. Son design int\u00e8gre des&#8230;<\/p>\n","protected":false},"featured_media":51632,"comment_status":"closed","ping_status":"closed","template":"","meta":[],"product_brand":[512],"product_cat":[390],"product_tag":[],"class_list":{"0":"post-53429","1":"product","2":"type-product","3":"status-publish","4":"has-post-thumbnail","6":"product_brand-chemin","7":"product_cat-meubles-de-salle-de-bain","8":"pa_color-ombre-kubric-2","9":"pa_color-bardolino-kubric","10":"pa_color-calacatta-gold-blanc-mat-2","11":"pa_color-calacatta-gold-chene-chene","12":"pa_color-calacatta-gold","13":"pa_color-calcatta-blanc-mat-2","14":"pa_color-sombra-alcatraz","15":"pa_color-orobico-dark","16":"pa_color-paonazzo-biondo","17":"pa_medidas-545","18":"pa_medidas-234","19":"pa_medidas-235","21":"first","22":"instock","23":"purchasable","24":"product-type-variable"},"_links":{"self":[{"href":"https:\/\/emene.com\/fr\/wp-json\/wp\/v2\/product\/53429","targetHints":{"allow":["GET"]}}],"collection":[{"href":"https:\/\/emene.com\/fr\/wp-json\/wp\/v2\/product"}],"about":[{"href":"https:\/\/emene.com\/fr\/wp-json\/wp\/v2\/types\/product"}],"replies":[{"embeddable":true,"href":"https:\/\/emene.com\/fr\/wp-json\/wp\/v2\/comments?post=53429"}],"wp:featuredmedia":[{"embeddable":true,"href":"https:\/\/emene.com\/fr\/wp-json\/wp\/v2\/media\/51632"}],"wp:attachment":[{"href":"https:\/\/emene.com\/fr\/wp-json\/wp\/v2\/media?parent=53429"}],"wp:term":[{"taxonomy":"product_brand","embeddable":true,"href":"https:\/\/emene.com\/fr\/wp-json\/wp\/v2\/product_brand?post=53429"},{"taxonomy":"product_cat","embeddable":true,"href":"https:\/\/emene.com\/fr\/wp-json\/wp\/v2\/product_cat?post=53429"},{"taxonomy":"product_tag","embeddable":true,"href":"https:\/\/emene.com\/fr\/wp-json\/wp\/v2\/product_tag?post=53429"}],"curies":[{"name":"wp","href":"https:\/\/api.w.org\/{rel}","templated":true}]}}