{"id":53495,"date":"2025-07-04T04:20:39","date_gmt":"2025-07-04T02:20:39","guid":{"rendered":"https:\/\/emene.nueva.avantarea.com\/?post_type=product&#038;p=53495"},"modified":"2026-03-11T13:32:02","modified_gmt":"2026-03-11T12:32:02","slug":"pack-feuillu-jotts-lavabo-espejo-circular-copia","status":"publish","type":"product","link":"https:\/\/emene.com\/fr\/producto\/pack-feuillu-jotts-lavabo-espejo-circular-copia\/","title":{"rendered":"Pack FEUILLU Jotts + lavabo + miroir circulaire"},"content":{"rendered":"<p>Meuble vasque avec lavabo.<br \/>Ce meuble se compose d&rsquo;un tiroir unique avec fa\u00e7ade \u00e0 lattes et poign\u00e9e dor\u00e9e. Meubles en panneaux de particules de 19 mm avec rev\u00eatement en m\u00e9lamine et caract\u00e9ristiques de surface optimales, \u00e9cologiques et recyclables. Cintres avec syst\u00e8me antichute. Tiroir minimaliste en m\u00e9tal \u00e0 double paroi avec fines nervures et lignes droites, m\u00e9canisme de fermeture en douceur, capacit\u00e9 de charge de 25 kg, accessibilit\u00e9 totale et espace arri\u00e8re disponible. Comprend un \u00e9vier de comptoir. Comprend un miroir circulaire. Les meubles sont livr\u00e9s assembl\u00e9s, pr\u00eats \u00e0 \u00eatre accroch\u00e9s au mur. Un kit de montage du meuble est inclus. Robinet et siphon non inclus. Fabriqu\u00e9 en Espagne.<\/p>\n","protected":false},"excerpt":{"rendered":"<p>Meuble vasque avec lavabo.Ce meuble se compose d&rsquo;un tiroir unique avec fa\u00e7ade \u00e0 lattes et poign\u00e9e dor\u00e9e. Meubles en panneaux de particules de 19 mm avec rev\u00eatement en m\u00e9lamine et&#8230;<\/p>\n","protected":false},"featured_media":50658,"comment_status":"closed","ping_status":"closed","template":"","meta":[],"product_brand":[518],"product_cat":[390],"product_tag":[],"class_list":{"0":"post-53495","1":"product","2":"type-product","3":"status-publish","4":"has-post-thumbnail","6":"product_brand-feuillu","7":"product_cat-meubles-de-salle-de-bain","8":"pa_color-ombre-jotts-2","9":"pa_color-bardolino-jotts","10":"pa_color-blanco-jotts","11":"pa_color-calacatta-gold-blanc-mat-2","12":"pa_color-calacatta-gold-chene-bardolino-2","13":"pa_color-calacatta-gold-chene-chene","14":"pa_color-calcatta-blanc-mat-2","15":"pa_medidas-545","16":"pa_medidas-233","17":"pa_medidas-234","18":"pa_medidas-235","20":"first","21":"instock","22":"purchasable","23":"product-type-variable"},"_links":{"self":[{"href":"https:\/\/emene.com\/fr\/wp-json\/wp\/v2\/product\/53495","targetHints":{"allow":["GET"]}}],"collection":[{"href":"https:\/\/emene.com\/fr\/wp-json\/wp\/v2\/product"}],"about":[{"href":"https:\/\/emene.com\/fr\/wp-json\/wp\/v2\/types\/product"}],"replies":[{"embeddable":true,"href":"https:\/\/emene.com\/fr\/wp-json\/wp\/v2\/comments?post=53495"}],"wp:featuredmedia":[{"embeddable":true,"href":"https:\/\/emene.com\/fr\/wp-json\/wp\/v2\/media\/50658"}],"wp:attachment":[{"href":"https:\/\/emene.com\/fr\/wp-json\/wp\/v2\/media?parent=53495"}],"wp:term":[{"taxonomy":"product_brand","embeddable":true,"href":"https:\/\/emene.com\/fr\/wp-json\/wp\/v2\/product_brand?post=53495"},{"taxonomy":"product_cat","embeddable":true,"href":"https:\/\/emene.com\/fr\/wp-json\/wp\/v2\/product_cat?post=53495"},{"taxonomy":"product_tag","embeddable":true,"href":"https:\/\/emene.com\/fr\/wp-json\/wp\/v2\/product_tag?post=53495"}],"curies":[{"name":"wp","href":"https:\/\/api.w.org\/{rel}","templated":true}]}}