{"id":53539,"date":"2025-06-18T04:50:24","date_gmt":"2025-06-18T02:50:24","guid":{"rendered":"https:\/\/emene.nueva.avantarea.com\/?post_type=product&#038;p=53539"},"modified":"2026-03-11T09:01:57","modified_gmt":"2026-03-11T08:01:57","slug":"complemento-apercu-xtone-copia","status":"publish","type":"product","link":"https:\/\/emene.com\/fr\/producto\/complemento-apercu-xtone-copia\/","title":{"rendered":"Compl\u00e9ment APER\u00c7U Xtone"},"content":{"rendered":"<p>Meuble de rangement pour salle de bain, id\u00e9al pour optimiser l&rsquo;espace. Ce meuble suspendu est dot\u00e9 d&rsquo;\u00e9tag\u00e8res int\u00e9rieures et d&rsquo;un d\u00e9tail d\u00e9coratif en Xtone de Porcelanosa, un mat\u00e9riau min\u00e9ral fritt\u00e9 compact, fabriqu\u00e9 \u00e0 partir de mati\u00e8res premi\u00e8res de haute puret\u00e9, offrant une surface performante. Sa structure en panneaux de particules de 19 mm avec rev\u00eatement m\u00e9lamin\u00e9 lui conf\u00e8re des caract\u00e9ristiques de surface optimales. \u00c9cologique et recyclable, il est \u00e9quip\u00e9 de charni\u00e8res \u00e0 fermeture amortie pour une ouverture et une fermeture en douceur, ainsi que d&rsquo;un syst\u00e8me de r\u00e9glage tridimensionnel. Les fixations murales sont r\u00e9glables sur trois axes et supportent une charge de 65 kg chacune, conform\u00e9ment \u00e0 la norme DIN 68840 (certifi\u00e9e LGA). Les chants sont finis avec un profil\u00e9 PVC de 1 mm. Le meuble est livr\u00e9 mont\u00e9 et pr\u00eat \u00e0 \u00eatre fix\u00e9 au mur. Un kit de fixation est inclus. Fabriqu\u00e9 en Espagne.        <\/p>\n","protected":false},"excerpt":{"rendered":"<p>Meuble de rangement pour salle de bain, id\u00e9al pour optimiser l&rsquo;espace. Ce meuble suspendu est dot\u00e9 d&rsquo;\u00e9tag\u00e8res int\u00e9rieures et d&rsquo;un d\u00e9tail d\u00e9coratif en Xtone de Porcelanosa, un mat\u00e9riau min\u00e9ral fritt\u00e9&#8230;<\/p>\n","protected":false},"featured_media":50545,"comment_status":"closed","ping_status":"closed","template":"","meta":[],"product_brand":[504],"product_cat":[390],"product_tag":[],"class_list":{"0":"post-53539","1":"product","2":"type-product","3":"status-publish","4":"has-post-thumbnail","6":"product_brand-apercu","7":"product_cat-meubles-de-salle-de-bain","8":"pa_color-calacatta-alcatraz","9":"pa_color-paonazzo-biondo-alcatraz","10":"pa_color-amazonite-alcatraz","11":"pa_color-orobico-dark-alcatraz","12":"pa_medidas-548","13":"pa_medidas-311","15":"first","16":"instock","17":"purchasable","18":"product-type-variable"},"_links":{"self":[{"href":"https:\/\/emene.com\/fr\/wp-json\/wp\/v2\/product\/53539","targetHints":{"allow":["GET"]}}],"collection":[{"href":"https:\/\/emene.com\/fr\/wp-json\/wp\/v2\/product"}],"about":[{"href":"https:\/\/emene.com\/fr\/wp-json\/wp\/v2\/types\/product"}],"replies":[{"embeddable":true,"href":"https:\/\/emene.com\/fr\/wp-json\/wp\/v2\/comments?post=53539"}],"wp:featuredmedia":[{"embeddable":true,"href":"https:\/\/emene.com\/fr\/wp-json\/wp\/v2\/media\/50545"}],"wp:attachment":[{"href":"https:\/\/emene.com\/fr\/wp-json\/wp\/v2\/media?parent=53539"}],"wp:term":[{"taxonomy":"product_brand","embeddable":true,"href":"https:\/\/emene.com\/fr\/wp-json\/wp\/v2\/product_brand?post=53539"},{"taxonomy":"product_cat","embeddable":true,"href":"https:\/\/emene.com\/fr\/wp-json\/wp\/v2\/product_cat?post=53539"},{"taxonomy":"product_tag","embeddable":true,"href":"https:\/\/emene.com\/fr\/wp-json\/wp\/v2\/product_tag?post=53539"}],"curies":[{"name":"wp","href":"https:\/\/api.w.org\/{rel}","templated":true}]}}