{"id":53548,"date":"2025-06-18T04:49:39","date_gmt":"2025-06-18T02:49:39","guid":{"rendered":"https:\/\/emene.nueva.avantarea.com\/?post_type=product&#038;p=53548"},"modified":"2026-03-11T15:27:13","modified_gmt":"2026-03-11T14:27:13","slug":"pack-nou-cubique-lavabo-espejo-aplique-led-copia","status":"publish","type":"product","link":"https:\/\/emene.com\/fr\/producto\/pack-nou-cubique-lavabo-espejo-aplique-led-copia\/","title":{"rendered":"Pack NOU CUBIQUE + lavabo + miroir + applique LED"},"content":{"rendered":"<p>Ensemble de salle de bain comprenant un meuble de salle de bain, un lavabo et un miroir. Mueble suspendido para lavabo fabricado en tablero de part\u00edculas laminado de 19 mm, formado por una puerta con encimera del mismo material. Comprend un lavabo en c\u00e9ramique blanc brillant. Comprend un miroir simple et un luminaire LED avec une finition noire mate. Les meubles sont livr\u00e9s assembl\u00e9s, pr\u00eats \u00e0 \u00eatre accroch\u00e9s au mur. Un kit de montage du meuble est inclus. Robinet et siphon non inclus. Fabriqu\u00e9 en Espagne.<\/p>\n","protected":false},"excerpt":{"rendered":"<p>Ensemble de salle de bain comprenant un meuble de salle de bain, un lavabo et un miroir. Mueble suspendido para lavabo fabricado en tablero de part\u00edculas laminado de 19 mm,&#8230;<\/p>\n","protected":false},"featured_media":50436,"comment_status":"closed","ping_status":"closed","template":"","meta":[],"product_brand":[523],"product_cat":[390],"product_tag":[],"class_list":{"0":"post-53548","1":"product","2":"type-product","3":"status-publish","4":"has-post-thumbnail","6":"product_brand-nou","7":"product_cat-meubles-de-salle-de-bain","8":"pa_color-alcatraz-noir-mat","9":"pa_color-jotts-noir-mat","10":"pa_color-kubric-noir-mat","11":"pa_color-tangram-noir-mat","12":"pa_color-amazonite-alcatraz","13":"pa_medidas-234","14":"pa_medidas-4-2","15":"pa_medidas-345","17":"first","18":"instock","19":"purchasable","20":"product-type-variable"},"_links":{"self":[{"href":"https:\/\/emene.com\/fr\/wp-json\/wp\/v2\/product\/53548","targetHints":{"allow":["GET"]}}],"collection":[{"href":"https:\/\/emene.com\/fr\/wp-json\/wp\/v2\/product"}],"about":[{"href":"https:\/\/emene.com\/fr\/wp-json\/wp\/v2\/types\/product"}],"replies":[{"embeddable":true,"href":"https:\/\/emene.com\/fr\/wp-json\/wp\/v2\/comments?post=53548"}],"wp:featuredmedia":[{"embeddable":true,"href":"https:\/\/emene.com\/fr\/wp-json\/wp\/v2\/media\/50436"}],"wp:attachment":[{"href":"https:\/\/emene.com\/fr\/wp-json\/wp\/v2\/media?parent=53548"}],"wp:term":[{"taxonomy":"product_brand","embeddable":true,"href":"https:\/\/emene.com\/fr\/wp-json\/wp\/v2\/product_brand?post=53548"},{"taxonomy":"product_cat","embeddable":true,"href":"https:\/\/emene.com\/fr\/wp-json\/wp\/v2\/product_cat?post=53548"},{"taxonomy":"product_tag","embeddable":true,"href":"https:\/\/emene.com\/fr\/wp-json\/wp\/v2\/product_tag?post=53548"}],"curies":[{"name":"wp","href":"https:\/\/api.w.org\/{rel}","templated":true}]}}