{"id":53633,"date":"2025-04-25T09:00:18","date_gmt":"2025-04-25T07:00:18","guid":{"rendered":"https:\/\/emene.nueva.avantarea.com\/?post_type=product&#038;p=53633"},"modified":"2026-03-11T13:22:02","modified_gmt":"2026-03-11T12:22:02","slug":"pack-epure-lavabo-espejo-zenit-copia","status":"publish","type":"product","link":"https:\/\/emene.com\/fr\/producto\/pack-epure-lavabo-espejo-zenit-copia\/","title":{"rendered":"Pack \u00c9PUR\u00c9 + lavabo + miroir zenit"},"content":{"rendered":"<p>Ensemble meuble-lavabo comprenant un meuble suspendu, un plan de travail Xtone, un lavabo et un miroir Zenit \u00e0 double position.<br \/>Le meuble-lavabo est dot\u00e9 d&rsquo;un tiroir unique \u00e0 fa\u00e7ade ajour\u00e9e. Conception de meubles avec comptoir en porcelaine Xtone, un compact min\u00e9ral fritt\u00e9 fabriqu\u00e9 \u00e0 partir d&rsquo;une s\u00e9lection des mati\u00e8res premi\u00e8res les plus pures, ce qui donne une surface haute performance. Meubles en panneaux de particules de 19 mm avec rev\u00eatement en m\u00e9lamine et caract\u00e9ristiques de surface optimales, \u00e9cologiques et recyclables. Cintres avec syst\u00e8me antichute. Tiroirs m\u00e9talliques \u00e0 double paroi de style minimaliste avec nervures fines et lignes droites, m\u00e9canisme de fermeture en douceur, capacit\u00e9 de charge de 25 kg, accessibilit\u00e9 totale et espace arri\u00e8re disponible. Comprend un \u00e9vier de comptoir. Comprend un miroir design Zenith. Les meubles sont livr\u00e9s assembl\u00e9s, pr\u00eats \u00e0 \u00eatre accroch\u00e9s au mur. Un kit de montage du meuble est inclus. Robinet et siphon non inclus. Fabriqu\u00e9 en Espagne.<\/p>\n","protected":false},"excerpt":{"rendered":"<p>Ensemble meuble-lavabo comprenant un meuble suspendu, un plan de travail Xtone, un lavabo et un miroir Zenit \u00e0 double position.Le meuble-lavabo est dot\u00e9 d&rsquo;un tiroir unique \u00e0 fa\u00e7ade ajour\u00e9e. Conception&#8230;<\/p>\n","protected":false},"featured_media":49667,"comment_status":"closed","ping_status":"closed","template":"","meta":[],"product_brand":[516],"product_cat":[390],"product_tag":[],"class_list":{"0":"post-53633","1":"product","2":"type-product","3":"status-publish","4":"has-post-thumbnail","6":"product_brand-epure","7":"product_cat-meubles-de-salle-de-bain","8":"pa_color-amazonite","9":"pa_color-calacatta-gold","10":"pa_color-orobico-dark","11":"pa_color-paonazzo-biondo","12":"pa_medidas-545","13":"pa_medidas-233","14":"pa_medidas-234","15":"pa_medidas-235","17":"first","18":"instock","19":"purchasable","20":"product-type-variable"},"_links":{"self":[{"href":"https:\/\/emene.com\/fr\/wp-json\/wp\/v2\/product\/53633","targetHints":{"allow":["GET"]}}],"collection":[{"href":"https:\/\/emene.com\/fr\/wp-json\/wp\/v2\/product"}],"about":[{"href":"https:\/\/emene.com\/fr\/wp-json\/wp\/v2\/types\/product"}],"replies":[{"embeddable":true,"href":"https:\/\/emene.com\/fr\/wp-json\/wp\/v2\/comments?post=53633"}],"wp:featuredmedia":[{"embeddable":true,"href":"https:\/\/emene.com\/fr\/wp-json\/wp\/v2\/media\/49667"}],"wp:attachment":[{"href":"https:\/\/emene.com\/fr\/wp-json\/wp\/v2\/media?parent=53633"}],"wp:term":[{"taxonomy":"product_brand","embeddable":true,"href":"https:\/\/emene.com\/fr\/wp-json\/wp\/v2\/product_brand?post=53633"},{"taxonomy":"product_cat","embeddable":true,"href":"https:\/\/emene.com\/fr\/wp-json\/wp\/v2\/product_cat?post=53633"},{"taxonomy":"product_tag","embeddable":true,"href":"https:\/\/emene.com\/fr\/wp-json\/wp\/v2\/product_tag?post=53633"}],"curies":[{"name":"wp","href":"https:\/\/api.w.org\/{rel}","templated":true}]}}