{"id":53650,"date":"2025-04-25T08:59:33","date_gmt":"2025-04-25T06:59:33","guid":{"rendered":"https:\/\/emene.nueva.avantarea.com\/?post_type=product&#038;p=53650"},"modified":"2026-03-11T15:42:36","modified_gmt":"2026-03-11T14:42:36","slug":"pack-ondule-lavabo-espejo-alma-copia","status":"publish","type":"product","link":"https:\/\/emene.com\/fr\/producto\/pack-ondule-lavabo-espejo-alma-copia\/","title":{"rendered":"Pack ONDUL\u00c9 + lavabo + miroir Alma"},"content":{"rendered":"<p>Meuble vasque de salle de bains compos\u00e9 d&rsquo;un meuble suspendu, d&rsquo;un lavabo et d&rsquo;un miroir \u00e0 double position.<br \/>Le meuble vasque comprend un module \u00e0 un tiroir avec fa\u00e7ade \u00e0 lattes. Design de mobilier avec fa\u00e7ade en porcelaine Xtone, compact min\u00e9ral fritt\u00e9 fabriqu\u00e9 \u00e0 partir d&rsquo;une s\u00e9lection des mati\u00e8res premi\u00e8res les plus pures permettant d&rsquo;obtenir une surface haute performance. Meubles en panneaux de particules de 19 mm avec rev\u00eatement en m\u00e9lamine et caract\u00e9ristiques de surface optimales, \u00e9cologiques et recyclables. Cintres avec syst\u00e8me antichute. Tiroirs m\u00e9talliques \u00e0 double paroi de style minimaliste avec nervures fines et lignes droites, m\u00e9canisme de fermeture en douceur, capacit\u00e9 de charge de 25 kg, accessibilit\u00e9 totale et espace arri\u00e8re disponible. Comprend un \u00e9vier de comptoir. Comprend un miroir sur le th\u00e8me de l&rsquo;\u00e2me. Les meubles sont livr\u00e9s assembl\u00e9s, pr\u00eats \u00e0 \u00eatre accroch\u00e9s au mur. Un kit de montage du meuble est inclus. Robinet et siphon non inclus. Fabriqu\u00e9 en Espagne.<\/p>\n","protected":false},"excerpt":{"rendered":"<p>Meuble vasque de salle de bains compos\u00e9 d&rsquo;un meuble suspendu, d&rsquo;un lavabo et d&rsquo;un miroir \u00e0 double position.Le meuble vasque comprend un module \u00e0 un tiroir avec fa\u00e7ade \u00e0 lattes&#8230;.<\/p>\n","protected":false},"featured_media":49534,"comment_status":"closed","ping_status":"closed","template":"","meta":[],"product_brand":[524],"product_cat":[390],"product_tag":[],"class_list":{"0":"post-53650","1":"product","2":"type-product","3":"status-publish","4":"has-post-thumbnail","6":"product_brand-ondule","7":"product_cat-meubles-de-salle-de-bain","8":"pa_color-amazonite","9":"pa_color-calacatta-gold","10":"pa_color-orobico-dark","11":"pa_color-paonazzo-biondo","12":"pa_medidas-545","13":"pa_medidas-235","15":"first","16":"instock","17":"purchasable","18":"product-type-variable"},"_links":{"self":[{"href":"https:\/\/emene.com\/fr\/wp-json\/wp\/v2\/product\/53650","targetHints":{"allow":["GET"]}}],"collection":[{"href":"https:\/\/emene.com\/fr\/wp-json\/wp\/v2\/product"}],"about":[{"href":"https:\/\/emene.com\/fr\/wp-json\/wp\/v2\/types\/product"}],"replies":[{"embeddable":true,"href":"https:\/\/emene.com\/fr\/wp-json\/wp\/v2\/comments?post=53650"}],"wp:featuredmedia":[{"embeddable":true,"href":"https:\/\/emene.com\/fr\/wp-json\/wp\/v2\/media\/49534"}],"wp:attachment":[{"href":"https:\/\/emene.com\/fr\/wp-json\/wp\/v2\/media?parent=53650"}],"wp:term":[{"taxonomy":"product_brand","embeddable":true,"href":"https:\/\/emene.com\/fr\/wp-json\/wp\/v2\/product_brand?post=53650"},{"taxonomy":"product_cat","embeddable":true,"href":"https:\/\/emene.com\/fr\/wp-json\/wp\/v2\/product_cat?post=53650"},{"taxonomy":"product_tag","embeddable":true,"href":"https:\/\/emene.com\/fr\/wp-json\/wp\/v2\/product_tag?post=53650"}],"curies":[{"name":"wp","href":"https:\/\/api.w.org\/{rel}","templated":true}]}}