{"id":53659,"date":"2025-04-25T08:58:33","date_gmt":"2025-04-25T06:58:33","guid":{"rendered":"https:\/\/emene.nueva.avantarea.com\/?post_type=product&#038;p=53659"},"modified":"2026-03-11T16:02:46","modified_gmt":"2026-03-11T15:02:46","slug":"pack-raffine-lavabo-estriado-espejo-circular-copia","status":"publish","type":"product","link":"https:\/\/emene.com\/fr\/producto\/pack-raffine-lavabo-estriado-espejo-circular-copia\/","title":{"rendered":"Pack RAFFIN\u00c9 + lavabo cannel\u00e9 + miroir circulaire"},"content":{"rendered":"<p>Ensemble meuble-lavabo comprenant un meuble suspendu, une vasque cannel\u00e9e et un miroir rond.<br \/>Le meuble-lavabo est compos\u00e9 d&rsquo;un module \u00e0 deux tiroirs \u00e0 effet latt\u00e9. Meubles en panneaux de particules de 19 mm avec rev\u00eatement en m\u00e9lamine et caract\u00e9ristiques de surface optimales, \u00e9cologiques et recyclables. Cintres avec syst\u00e8me antichute. Tiroirs m\u00e9talliques \u00e0 double paroi de style minimaliste avec nervures fines et lignes droites, m\u00e9canisme de fermeture en douceur, capacit\u00e9 de charge de 25 kg, accessibilit\u00e9 totale et espace arri\u00e8re disponible. Comprend un \u00e9vier de comptoir. Comprend un miroir rond. Les meubles sont livr\u00e9s assembl\u00e9s, pr\u00eats \u00e0 \u00eatre accroch\u00e9s au mur. Un kit de montage du meuble est inclus. Robinet et siphon non inclus. Fabriqu\u00e9 en Espagne.<\/p>\n","protected":false},"excerpt":{"rendered":"<p>Ensemble meuble-lavabo comprenant un meuble suspendu, une vasque cannel\u00e9e et un miroir rond.Le meuble-lavabo est compos\u00e9 d&rsquo;un module \u00e0 deux tiroirs \u00e0 effet latt\u00e9. Meubles en panneaux de particules de&#8230;<\/p>\n","protected":false},"featured_media":49311,"comment_status":"closed","ping_status":"closed","template":"","meta":[],"product_brand":[527],"product_cat":[390],"product_tag":[],"class_list":{"0":"post-53659","1":"product","2":"type-product","3":"status-publish","4":"has-post-thumbnail","6":"product_brand-raffine","7":"product_cat-meubles-de-salle-de-bain","8":"pa_color-noyer-2","9":"pa_color-ombre-kubric-2","10":"pa_color-alcatraz","11":"pa_color-bardolino","12":"pa_medidas-545","13":"pa_medidas-233","14":"pa_medidas-234","15":"pa_medidas-235","17":"first","18":"instock","19":"purchasable","20":"product-type-variable"},"_links":{"self":[{"href":"https:\/\/emene.com\/fr\/wp-json\/wp\/v2\/product\/53659","targetHints":{"allow":["GET"]}}],"collection":[{"href":"https:\/\/emene.com\/fr\/wp-json\/wp\/v2\/product"}],"about":[{"href":"https:\/\/emene.com\/fr\/wp-json\/wp\/v2\/types\/product"}],"replies":[{"embeddable":true,"href":"https:\/\/emene.com\/fr\/wp-json\/wp\/v2\/comments?post=53659"}],"wp:featuredmedia":[{"embeddable":true,"href":"https:\/\/emene.com\/fr\/wp-json\/wp\/v2\/media\/49311"}],"wp:attachment":[{"href":"https:\/\/emene.com\/fr\/wp-json\/wp\/v2\/media?parent=53659"}],"wp:term":[{"taxonomy":"product_brand","embeddable":true,"href":"https:\/\/emene.com\/fr\/wp-json\/wp\/v2\/product_brand?post=53659"},{"taxonomy":"product_cat","embeddable":true,"href":"https:\/\/emene.com\/fr\/wp-json\/wp\/v2\/product_cat?post=53659"},{"taxonomy":"product_tag","embeddable":true,"href":"https:\/\/emene.com\/fr\/wp-json\/wp\/v2\/product_tag?post=53659"}],"curies":[{"name":"wp","href":"https:\/\/api.w.org\/{rel}","templated":true}]}}