{"id":53751,"date":"2025-04-25T08:34:57","date_gmt":"2025-04-25T06:34:57","guid":{"rendered":"https:\/\/emene.nueva.avantarea.com\/?post_type=product&#038;p=53751"},"modified":"2026-03-11T11:54:49","modified_gmt":"2026-03-11T10:54:49","slug":"pack-cubique-lavabo-espejo-aplique-led-copia","status":"publish","type":"product","link":"https:\/\/emene.com\/fr\/producto\/pack-cubique-lavabo-espejo-aplique-led-copia\/","title":{"rendered":"Pack CUBIQUE + lavabo + miroir + applique LED"},"content":{"rendered":"<p>Ensemble de salle de bains comprenant un meuble-lavabo, un lavabo et un miroir. Meuble-lavabo suspendu en panneaux de particules stratifi\u00e9s de 19 mm, avec porte et plan de travail du m\u00eame mat\u00e9riau.  Comprend un lavabo en c\u00e9ramique blanc brillant. Comprend un miroir simple et un luminaire LED avec une finition noire mate. Les meubles sont livr\u00e9s assembl\u00e9s, pr\u00eats \u00e0 \u00eatre accroch\u00e9s au mur. Un kit de montage du meuble est inclus. Robinet et siphon non inclus. Fabriqu\u00e9 en Espagne.<\/p>\n","protected":false},"excerpt":{"rendered":"<p>Ensemble de salle de bains comprenant un meuble-lavabo, un lavabo et un miroir. Meuble-lavabo suspendu en panneaux de particules stratifi\u00e9s de 19 mm, avec porte et plan de travail du&#8230;<\/p>\n","protected":false},"featured_media":14573,"comment_status":"closed","ping_status":"closed","template":"","meta":[],"product_brand":[513],"product_cat":[390],"product_tag":[],"class_list":{"0":"post-53751","1":"product","2":"type-product","3":"status-publish","4":"has-post-thumbnail","6":"product_brand-cubique","7":"product_cat-meubles-de-salle-de-bain","8":"pa_color-blanc-mat-2","9":"pa_color-noyer-2","10":"pa_color-bardolino","11":"pa_color-blanc-mat-terracotta-nova-2","12":"pa_color-calacatta-gold-chene-chene","13":"pa_color-macadam","14":"pa_color-azabache","15":"pa_medidas-234","16":"pa_medidas-4-2","17":"pa_medidas-345","19":"first","20":"instock","21":"purchasable","22":"product-type-variable"},"_links":{"self":[{"href":"https:\/\/emene.com\/fr\/wp-json\/wp\/v2\/product\/53751","targetHints":{"allow":["GET"]}}],"collection":[{"href":"https:\/\/emene.com\/fr\/wp-json\/wp\/v2\/product"}],"about":[{"href":"https:\/\/emene.com\/fr\/wp-json\/wp\/v2\/types\/product"}],"replies":[{"embeddable":true,"href":"https:\/\/emene.com\/fr\/wp-json\/wp\/v2\/comments?post=53751"}],"wp:featuredmedia":[{"embeddable":true,"href":"https:\/\/emene.com\/fr\/wp-json\/wp\/v2\/media\/14573"}],"wp:attachment":[{"href":"https:\/\/emene.com\/fr\/wp-json\/wp\/v2\/media?parent=53751"}],"wp:term":[{"taxonomy":"product_brand","embeddable":true,"href":"https:\/\/emene.com\/fr\/wp-json\/wp\/v2\/product_brand?post=53751"},{"taxonomy":"product_cat","embeddable":true,"href":"https:\/\/emene.com\/fr\/wp-json\/wp\/v2\/product_cat?post=53751"},{"taxonomy":"product_tag","embeddable":true,"href":"https:\/\/emene.com\/fr\/wp-json\/wp\/v2\/product_tag?post=53751"}],"curies":[{"name":"wp","href":"https:\/\/api.w.org\/{rel}","templated":true}]}}