{"id":54015,"date":"2025-04-07T04:58:50","date_gmt":"2025-04-07T02:58:50","guid":{"rendered":"https:\/\/emene.nueva.avantarea.com\/?post_type=product&#038;p=54015"},"modified":"2026-03-11T16:06:07","modified_gmt":"2026-03-11T15:06:07","slug":"pack-ruban-lavabo-espejo-circular-copia","status":"publish","type":"product","link":"https:\/\/emene.com\/fr\/producto\/pack-ruban-lavabo-espejo-circular-copia\/","title":{"rendered":"Pack RUBAN + lavabo + miroir circulaire"},"content":{"rendered":"<p>Ensemble comprenant un meuble de salle de bains, un lavabo et un miroir circulaire. Commode avec bords d\u00e9coratifs et finition dor\u00e9e. Meuble suspendu pour vasque fabriqu\u00e9 en panneau de particules de 19 mm avec rev\u00eatement m\u00e9lamin\u00e9. Tiroir minimaliste en m\u00e9tal \u00e0 double paroi avec fines nervures et lignes droites, m\u00e9canisme de fermeture en douceur, capacit\u00e9 de charge de 25 kg, accessibilit\u00e9 totale et espace arri\u00e8re disponible. Comprend un miroir rond. Comprend un \u00e9vier en c\u00e9ramique. Les meubles sont livr\u00e9s assembl\u00e9s, pr\u00eats \u00e0 \u00eatre accroch\u00e9s au mur. Un kit de montage du meuble est inclus. Robinet et siphon non inclus. Fabriqu\u00e9 en Espagne.<\/p>\n","protected":false},"excerpt":{"rendered":"<p>Ensemble comprenant un meuble de salle de bains, un lavabo et un miroir circulaire. Commode avec bords d\u00e9coratifs et finition dor\u00e9e. Meuble suspendu pour vasque fabriqu\u00e9 en panneau de particules&#8230;<\/p>\n","protected":false},"featured_media":7525,"comment_status":"closed","ping_status":"closed","template":"","meta":[],"product_brand":[528],"product_cat":[390],"product_tag":[],"class_list":{"0":"post-54015","1":"product","2":"type-product","3":"status-publish","4":"has-post-thumbnail","6":"product_brand-ruban","7":"product_cat-meubles-de-salle-de-bain","8":"pa_color-blanc-mat-2","9":"pa_color-noyer-2","10":"pa_color-bardolino","11":"pa_color-blanc-mat-terracotta-nova-2","12":"pa_color-calacatta-gold-blanc-mat-2","13":"pa_color-calacatta-gold-chene-bardolino-2","14":"pa_color-calacatta-gold-chene-chene","15":"pa_color-calcatta-blanc-mat-2","16":"pa_color-azabache","17":"pa_medidas-545","18":"pa_medidas-233","19":"pa_medidas-234","20":"pa_medidas-235","22":"first","23":"instock","24":"purchasable","25":"product-type-variable"},"_links":{"self":[{"href":"https:\/\/emene.com\/fr\/wp-json\/wp\/v2\/product\/54015","targetHints":{"allow":["GET"]}}],"collection":[{"href":"https:\/\/emene.com\/fr\/wp-json\/wp\/v2\/product"}],"about":[{"href":"https:\/\/emene.com\/fr\/wp-json\/wp\/v2\/types\/product"}],"replies":[{"embeddable":true,"href":"https:\/\/emene.com\/fr\/wp-json\/wp\/v2\/comments?post=54015"}],"wp:featuredmedia":[{"embeddable":true,"href":"https:\/\/emene.com\/fr\/wp-json\/wp\/v2\/media\/7525"}],"wp:attachment":[{"href":"https:\/\/emene.com\/fr\/wp-json\/wp\/v2\/media?parent=54015"}],"wp:term":[{"taxonomy":"product_brand","embeddable":true,"href":"https:\/\/emene.com\/fr\/wp-json\/wp\/v2\/product_brand?post=54015"},{"taxonomy":"product_cat","embeddable":true,"href":"https:\/\/emene.com\/fr\/wp-json\/wp\/v2\/product_cat?post=54015"},{"taxonomy":"product_tag","embeddable":true,"href":"https:\/\/emene.com\/fr\/wp-json\/wp\/v2\/product_tag?post=54015"}],"curies":[{"name":"wp","href":"https:\/\/api.w.org\/{rel}","templated":true}]}}