{"id":54032,"date":"2025-04-07T04:55:18","date_gmt":"2025-04-07T02:55:18","guid":{"rendered":"https:\/\/emene.nueva.avantarea.com\/?post_type=product&#038;p=54032"},"modified":"2026-03-11T13:03:53","modified_gmt":"2026-03-11T12:03:53","slug":"pack-elements-xtone-lavabo-espejo-led-copia","status":"publish","type":"product","link":"https:\/\/emene.com\/fr\/producto\/pack-elements-xtone-lavabo-espejo-led-copia\/","title":{"rendered":"Pack \u00c9L\u00c9MENTS Xtone + lavabo + miroir LED"},"content":{"rendered":"<p>Ensemble de salle de bains compos\u00e9 d&rsquo;une vasque suspendue Xtone de Porcelanosa, d&rsquo;un meuble sous-vasque et d&rsquo;un miroir avec \u00e9clairage LED. Vasque suspendue en Xtone de Porcelanosa, un min\u00e9ral compact fritt\u00e9 \u00e0 partir de la s\u00e9lection des mati\u00e8res premi\u00e8res les plus pures pour obtenir une surface tr\u00e8s performante. Meuble-lavabo suspendu avec un tiroir et un espace d\u00e9coratif inf\u00e9rieur avec \u00e9clairage LED. Meubles en panneaux de particules de 19 mm avec rev\u00eatement en m\u00e9lamine et caract\u00e9ristiques de surface optimales, \u00e9cologiques et recyclables. Cintres avec syst\u00e8me antichute. Tiroir minimaliste en m\u00e9tal \u00e0 double paroi avec fines nervures et lignes droites, m\u00e9canisme de fermeture en douceur, capacit\u00e9 de charge de 25 kg, accessibilit\u00e9 totale et espace arri\u00e8re disponible. Comprend un miroir avec \u00e9clairage LED, IP65, 10,8 W, 1170 lm et temp\u00e9rature de lumi\u00e8re 6000K. Les meubles sont livr\u00e9s assembl\u00e9s, pr\u00eats \u00e0 \u00eatre accroch\u00e9s au mur. Un kit de montage du meuble est inclus. Robinet et siphon non inclus. Fabriqu\u00e9 en Espagne.<\/p>\n","protected":false},"excerpt":{"rendered":"<p>Ensemble de salle de bains compos\u00e9 d&rsquo;une vasque suspendue Xtone de Porcelanosa, d&rsquo;un meuble sous-vasque et d&rsquo;un miroir avec \u00e9clairage LED. Vasque suspendue en Xtone de Porcelanosa, un min\u00e9ral compact&#8230;<\/p>\n","protected":false},"featured_media":5033,"comment_status":"closed","ping_status":"closed","template":"","meta":[],"product_brand":[482],"product_cat":[390],"product_tag":[],"class_list":{"0":"post-54032","1":"product","2":"type-product","3":"status-publish","4":"has-post-thumbnail","6":"product_brand-elements","7":"product_cat-meubles-de-salle-de-bain","8":"pa_color-liem-black-blanc-mat","9":"pa_color-liem-black-roble-azabache","10":"pa_color-calacatta-blanco-mate","11":"pa_color-calacatta-roble-roble-bardolino","12":"pa_color-calacatta-gold-bardolino","13":"pa_color-calacatta-gold-blanco-mate","14":"pa_color-jotts-noir-mat-2","15":"pa_color-liem-noir-blanc-mat","16":"pa_color-liem-noir-chene-azabache","17":"pa_color-liem-noir-chene-jais-fr","18":"pa_color-marron-2","19":"pa_color-liem-black-azabache","20":"pa_color-orobico-dark-blanco-mate","21":"pa_color-orobico-dark-azabache","22":"pa_color-orobico-dark-roble-azabache","23":"pa_color-paonazzo-biondo-blanco-mate","24":"pa_color-paonazzo-biondo-nogal","25":"pa_medidas-545","26":"pa_medidas-234","27":"pa_medidas-235","29":"first","30":"instock","31":"purchasable","32":"product-type-variable"},"_links":{"self":[{"href":"https:\/\/emene.com\/fr\/wp-json\/wp\/v2\/product\/54032","targetHints":{"allow":["GET"]}}],"collection":[{"href":"https:\/\/emene.com\/fr\/wp-json\/wp\/v2\/product"}],"about":[{"href":"https:\/\/emene.com\/fr\/wp-json\/wp\/v2\/types\/product"}],"replies":[{"embeddable":true,"href":"https:\/\/emene.com\/fr\/wp-json\/wp\/v2\/comments?post=54032"}],"wp:featuredmedia":[{"embeddable":true,"href":"https:\/\/emene.com\/fr\/wp-json\/wp\/v2\/media\/5033"}],"wp:attachment":[{"href":"https:\/\/emene.com\/fr\/wp-json\/wp\/v2\/media?parent=54032"}],"wp:term":[{"taxonomy":"product_brand","embeddable":true,"href":"https:\/\/emene.com\/fr\/wp-json\/wp\/v2\/product_brand?post=54032"},{"taxonomy":"product_cat","embeddable":true,"href":"https:\/\/emene.com\/fr\/wp-json\/wp\/v2\/product_cat?post=54032"},{"taxonomy":"product_tag","embeddable":true,"href":"https:\/\/emene.com\/fr\/wp-json\/wp\/v2\/product_tag?post=54032"}],"curies":[{"name":"wp","href":"https:\/\/api.w.org\/{rel}","templated":true}]}}