{"id":54057,"date":"2025-04-07T04:54:31","date_gmt":"2025-04-07T02:54:31","guid":{"rendered":"https:\/\/emene.nueva.avantarea.com\/?post_type=product&#038;p=54057"},"modified":"2026-03-11T15:04:44","modified_gmt":"2026-03-11T14:04:44","slug":"pack-meule-xtone-lavabo-espejo-circular-copia","status":"publish","type":"product","link":"https:\/\/emene.com\/fr\/producto\/pack-meule-xtone-lavabo-espejo-circular-copia\/","title":{"rendered":"Pack MEULE Xtone + lavabo + miroir circulaire"},"content":{"rendered":"<p>Pack de mueble suspendido de ba\u00f1o, lavabo y espejo circular. Dise\u00f1o de mueble con contraste de colores y acabados y encimera de porcel\u00e1nico Xtone. Plan de travail r\u00e9alis\u00e9 avec le mat\u00e9riau Xtone de Porcelanosa, un min\u00e9ral compact fritt\u00e9 \u00e0 partir de la s\u00e9lection des mati\u00e8res premi\u00e8res les plus pures pour obtenir une surface tr\u00e8s performante. Lavabo mural en panneaux de particules m\u00e9lamin\u00e9s de 19 mm aux caract\u00e9ristiques de surface optimales, respectueux de l&rsquo;environnement et recyclable. Cintres avec syst\u00e8me antichute. Tiroir minimaliste en m\u00e9tal \u00e0 double paroi avec fines nervures et lignes droites, m\u00e9canisme de fermeture en douceur, capacit\u00e9 de charge de 25 kg, accessibilit\u00e9 totale et espace arri\u00e8re disponible. Comprend un lavabo en c\u00e9ramique. Comprend un miroir de forme circulaire. Les meubles sont livr\u00e9s assembl\u00e9s, pr\u00eats \u00e0 \u00eatre accroch\u00e9s au mur. Un kit de montage du meuble est inclus. Robinet et siphon non inclus. Fabriqu\u00e9 en Espagne. Comprend une double vasque \u00e0 poser en c\u00e9ramique. Comprend un design de capsule \u00e0 double miroir.<\/p>\n","protected":false},"excerpt":{"rendered":"<p>Pack de mueble suspendido de ba\u00f1o, lavabo y espejo circular. Dise\u00f1o de mueble con contraste de colores y acabados y encimera de porcel\u00e1nico Xtone. Plan de travail r\u00e9alis\u00e9 avec le&#8230;<\/p>\n","protected":false},"featured_media":4987,"comment_status":"closed","ping_status":"closed","template":"","meta":[],"product_brand":[481],"product_cat":[390],"product_tag":[],"class_list":{"0":"post-54057","1":"product","2":"type-product","3":"status-publish","4":"has-post-thumbnail","6":"product_brand-meule","7":"product_cat-meubles-de-salle-de-bain","8":"pa_color-jotts-noir-mat","9":"pa_color-viola-rosse-chene-noir-de-jais","10":"pa_color-calacatta-roble-bardolino","11":"pa_color-calacatta-gold-blanc-mat-2","12":"pa_color-calacatta-gold-chene-chene","13":"pa_color-calcatta-blanc-mat-2","14":"pa_color-kubric-noir-mat-2","15":"pa_color-liem-noir-chene-jais-fr","16":"pa_color-paonazzo-biondo-nogal","17":"pa_medidas-545","18":"pa_medidas-234","19":"pa_medidas-235","21":"first","22":"instock","23":"purchasable","24":"product-type-variable"},"_links":{"self":[{"href":"https:\/\/emene.com\/fr\/wp-json\/wp\/v2\/product\/54057","targetHints":{"allow":["GET"]}}],"collection":[{"href":"https:\/\/emene.com\/fr\/wp-json\/wp\/v2\/product"}],"about":[{"href":"https:\/\/emene.com\/fr\/wp-json\/wp\/v2\/types\/product"}],"replies":[{"embeddable":true,"href":"https:\/\/emene.com\/fr\/wp-json\/wp\/v2\/comments?post=54057"}],"wp:featuredmedia":[{"embeddable":true,"href":"https:\/\/emene.com\/fr\/wp-json\/wp\/v2\/media\/4987"}],"wp:attachment":[{"href":"https:\/\/emene.com\/fr\/wp-json\/wp\/v2\/media?parent=54057"}],"wp:term":[{"taxonomy":"product_brand","embeddable":true,"href":"https:\/\/emene.com\/fr\/wp-json\/wp\/v2\/product_brand?post=54057"},{"taxonomy":"product_cat","embeddable":true,"href":"https:\/\/emene.com\/fr\/wp-json\/wp\/v2\/product_cat?post=54057"},{"taxonomy":"product_tag","embeddable":true,"href":"https:\/\/emene.com\/fr\/wp-json\/wp\/v2\/product_tag?post=54057"}],"curies":[{"name":"wp","href":"https:\/\/api.w.org\/{rel}","templated":true}]}}