{"id":54067,"date":"2025-04-07T04:53:01","date_gmt":"2025-04-07T02:53:01","guid":{"rendered":"https:\/\/emene.nueva.avantarea.com\/?post_type=product&#038;p=54067"},"modified":"2026-03-13T08:30:28","modified_gmt":"2026-03-13T07:30:28","slug":"pack-tournant-lavabo-espejo-led-copia","status":"publish","type":"product","link":"https:\/\/emene.com\/fr\/producto\/pack-tournant-lavabo-espejo-led-copia\/","title":{"rendered":"Pack TOURNANT + lavabo + miroir LED"},"content":{"rendered":"<p>Pack compos\u00e9 d&rsquo;un meuble de salle de bain, d&rsquo;un lavabo et d&rsquo;un miroir LED. Conception de meubles avec d\u00e9tails encadr\u00e9s. Mueble suspendido para lavabo formado por cajones. Fabriqu\u00e9 \u00e0 partir de panneaux de particules de 19 mm avec rev\u00eatement en m\u00e9lamine et caract\u00e9ristiques de surface optimales, \u00e9cologique et recyclable. Cintres avec syst\u00e8me antichute. Tiroir minimaliste en m\u00e9tal \u00e0 double paroi avec fines nervures et lignes droites, m\u00e9canisme de fermeture en douceur, capacit\u00e9 de charge de 25 kg, accessibilit\u00e9 totale et espace arri\u00e8re disponible. Comprend un lavabo en c\u00e9ramique. Comprend un miroir avec \u00e9clairage LED IP44, temp\u00e9rature de lumi\u00e8re 6000K. Les meubles sont livr\u00e9s assembl\u00e9s, pr\u00eats \u00e0 \u00eatre accroch\u00e9s au mur. Un kit de montage du meuble est inclus. Robinet et siphon non inclus. Fabriqu\u00e9 en Espagne.<\/p>\n","protected":false},"excerpt":{"rendered":"<p>Pack compos\u00e9 d&rsquo;un meuble de salle de bain, d&rsquo;un lavabo et d&rsquo;un miroir LED. Conception de meubles avec d\u00e9tails encadr\u00e9s. Mueble suspendido para lavabo formado por cajones. Fabriqu\u00e9 \u00e0 partir&#8230;<\/p>\n","protected":false},"featured_media":4932,"comment_status":"closed","ping_status":"closed","template":"","meta":[],"product_brand":[480],"product_cat":[390],"product_tag":[],"class_list":{"0":"post-54067","1":"product","2":"type-product","3":"status-publish","4":"has-post-thumbnail","6":"product_brand-tournant","7":"product_cat-meubles-de-salle-de-bain","8":"pa_color-blanc-mat-chene-bardolino-2","9":"pa_color-blanc-mat-chene-jais","10":"pa_color-blanc-mat-noir-mat-2","11":"pa_color-blanc-mat-noyer-2","12":"pa_color-blanc-mat-terracota-nova","13":"pa_color-blanc-mat-vert-argile-2","14":"pa_medidas-545","15":"pa_medidas-234","16":"pa_medidas-235","18":"first","19":"instock","20":"purchasable","21":"product-type-variable"},"_links":{"self":[{"href":"https:\/\/emene.com\/fr\/wp-json\/wp\/v2\/product\/54067","targetHints":{"allow":["GET"]}}],"collection":[{"href":"https:\/\/emene.com\/fr\/wp-json\/wp\/v2\/product"}],"about":[{"href":"https:\/\/emene.com\/fr\/wp-json\/wp\/v2\/types\/product"}],"replies":[{"embeddable":true,"href":"https:\/\/emene.com\/fr\/wp-json\/wp\/v2\/comments?post=54067"}],"wp:featuredmedia":[{"embeddable":true,"href":"https:\/\/emene.com\/fr\/wp-json\/wp\/v2\/media\/4932"}],"wp:attachment":[{"href":"https:\/\/emene.com\/fr\/wp-json\/wp\/v2\/media?parent=54067"}],"wp:term":[{"taxonomy":"product_brand","embeddable":true,"href":"https:\/\/emene.com\/fr\/wp-json\/wp\/v2\/product_brand?post=54067"},{"taxonomy":"product_cat","embeddable":true,"href":"https:\/\/emene.com\/fr\/wp-json\/wp\/v2\/product_cat?post=54067"},{"taxonomy":"product_tag","embeddable":true,"href":"https:\/\/emene.com\/fr\/wp-json\/wp\/v2\/product_tag?post=54067"}],"curies":[{"name":"wp","href":"https:\/\/api.w.org\/{rel}","templated":true}]}}