{"id":54086,"date":"2025-04-07T04:51:06","date_gmt":"2025-04-07T02:51:06","guid":{"rendered":"https:\/\/emene.nueva.avantarea.com\/?post_type=product&#038;p=54086"},"modified":"2026-03-11T16:54:18","modified_gmt":"2026-03-11T15:54:18","slug":"pack-vue-xtone-lavabo-espejo-capsula-copia","status":"publish","type":"product","link":"https:\/\/emene.com\/fr\/producto\/pack-vue-xtone-lavabo-espejo-capsula-copia\/","title":{"rendered":"Pack VUE Xtone + lavabo + miroir capsule"},"content":{"rendered":"<p>Ensemble comprenant des meubles de salle de bains, un lavabo double et un miroir double design capsule. Design de mobilier avec d\u00e9tails encadr\u00e9s et fa\u00e7ade en porcelaine Xtone. Mueble suspendido para lavabo formado por cajones. Fabriqu\u00e9 \u00e0 partir de panneaux de particules de 19 mm avec rev\u00eatement en m\u00e9lamine et caract\u00e9ristiques de surface optimales, \u00e9cologique et recyclable. Fa\u00e7ade du meuble d\u00e9cor\u00e9e avec le mat\u00e9riau Xtone de Porcelanosa, un compact min\u00e9ral fritt\u00e9 issu de la s\u00e9lection des mati\u00e8res premi\u00e8res de la plus haute puret\u00e9, permettant d&rsquo;obtenir une surface aux performances \u00e9lev\u00e9es. Cintres avec syst\u00e8me antichute. Tiroir minimaliste en m\u00e9tal \u00e0 double paroi avec fines nervures et lignes droites, m\u00e9canisme de fermeture en douceur, capacit\u00e9 de charge de 25 kg, accessibilit\u00e9 totale et espace arri\u00e8re disponible. Comprend une double vasque \u00e0 poser en c\u00e9ramique. Comprend un design de capsule \u00e0 double miroir. Les meubles sont livr\u00e9s assembl\u00e9s, pr\u00eats \u00e0 \u00eatre accroch\u00e9s au mur. Un kit de montage du meuble est inclus. Robinet et siphon non inclus. Fabriqu\u00e9 en Espagne.<\/p>\n","protected":false},"excerpt":{"rendered":"<p>Ensemble comprenant des meubles de salle de bains, un lavabo double et un miroir double design capsule. Design de mobilier avec d\u00e9tails encadr\u00e9s et fa\u00e7ade en porcelaine Xtone. Mueble suspendido&#8230;<\/p>\n","protected":false},"featured_media":4872,"comment_status":"closed","ping_status":"closed","template":"","meta":[],"product_brand":[479],"product_cat":[390],"product_tag":[],"class_list":{"0":"post-54086","1":"product","2":"type-product","3":"status-publish","4":"has-post-thumbnail","6":"product_brand-vue","7":"product_cat-meubles-de-salle-de-bain","8":"pa_color-viola-rose-blanc-mat","9":"pa_color-calacatta-blanco-mate","10":"pa_color-calacatta-gold-bardolino","11":"pa_color-calacatta-gold-blanco-mate","12":"pa_color-jotts-noir-mat-2","13":"pa_color-liem-noir-blanc-mat","14":"pa_color-liem-noir-chene-azabache","15":"pa_color-liem-noir-chene-jais-fr","16":"pa_color-orobico-dark-blanco-mate","17":"pa_color-orobico-dark-azabache","18":"pa_color-paonazzo-biondo-blanco-mate","19":"pa_color-paonazzo-biondo-nogal","20":"pa_color-viola-rosse-azabache","21":"pa_medidas-545","22":"pa_medidas-234","23":"pa_medidas-235","25":"first","26":"instock","27":"purchasable","28":"product-type-variable"},"_links":{"self":[{"href":"https:\/\/emene.com\/fr\/wp-json\/wp\/v2\/product\/54086","targetHints":{"allow":["GET"]}}],"collection":[{"href":"https:\/\/emene.com\/fr\/wp-json\/wp\/v2\/product"}],"about":[{"href":"https:\/\/emene.com\/fr\/wp-json\/wp\/v2\/types\/product"}],"replies":[{"embeddable":true,"href":"https:\/\/emene.com\/fr\/wp-json\/wp\/v2\/comments?post=54086"}],"wp:featuredmedia":[{"embeddable":true,"href":"https:\/\/emene.com\/fr\/wp-json\/wp\/v2\/media\/4872"}],"wp:attachment":[{"href":"https:\/\/emene.com\/fr\/wp-json\/wp\/v2\/media?parent=54086"}],"wp:term":[{"taxonomy":"product_brand","embeddable":true,"href":"https:\/\/emene.com\/fr\/wp-json\/wp\/v2\/product_brand?post=54086"},{"taxonomy":"product_cat","embeddable":true,"href":"https:\/\/emene.com\/fr\/wp-json\/wp\/v2\/product_cat?post=54086"},{"taxonomy":"product_tag","embeddable":true,"href":"https:\/\/emene.com\/fr\/wp-json\/wp\/v2\/product_tag?post=54086"}],"curies":[{"name":"wp","href":"https:\/\/api.w.org\/{rel}","templated":true}]}}