{"id":54111,"date":"2025-01-30T06:48:40","date_gmt":"2025-01-30T05:48:40","guid":{"rendered":"https:\/\/emene.nueva.avantarea.com\/?post_type=product&#038;p=54111"},"modified":"2026-03-11T16:10:18","modified_gmt":"2026-03-11T15:10:18","slug":"pack-singulier-xtone-lavabo-estriado-espejo-alma-copia","status":"publish","type":"product","link":"https:\/\/emene.com\/fr\/producto\/pack-singulier-xtone-lavabo-estriado-espejo-alma-copia\/","title":{"rendered":"Pack SINGULIER Xtone + lavabo stri\u00e9 + miroir Alma"},"content":{"rendered":"<p>Ensemble compos\u00e9 de meubles de salle de bains suspendus, d&rsquo;un lavabo cannel\u00e9 et d&rsquo;un miroir Alma. Design de mobilier avec fa\u00e7ade en porcelaine Xtone, compact min\u00e9ral fritt\u00e9 fabriqu\u00e9 \u00e0 partir d&rsquo;une s\u00e9lection des mati\u00e8res premi\u00e8res les plus pures permettant d&rsquo;obtenir une surface haute performance. Meubles en panneaux de particules de 19 mm avec rev\u00eatement en m\u00e9lamine et caract\u00e9ristiques de surface optimales, \u00e9cologiques et recyclables. Cintres avec syst\u00e8me antichute. Tiroir minimaliste en m\u00e9tal \u00e0 double paroi avec fines nervures et lignes droites, m\u00e9canisme de fermeture en douceur, capacit\u00e9 de charge de 25 kg, accessibilit\u00e9 totale et espace arri\u00e8re disponible. Comprend un \u00e9vier de comptoir. Comprend un miroir d&rsquo;\u00e2me. Les meubles sont livr\u00e9s assembl\u00e9s, pr\u00eats \u00e0 \u00eatre accroch\u00e9s au mur. Un kit de montage du meuble est inclus. Robinet et siphon non inclus. Fabriqu\u00e9 en Espagne.<\/p>\n","protected":false},"excerpt":{"rendered":"<p>Ensemble compos\u00e9 de meubles de salle de bains suspendus, d&rsquo;un lavabo cannel\u00e9 et d&rsquo;un miroir Alma. Design de mobilier avec fa\u00e7ade en porcelaine Xtone, compact min\u00e9ral fritt\u00e9 fabriqu\u00e9 \u00e0 partir&#8230;<\/p>\n","protected":false},"featured_media":7343,"comment_status":"closed","ping_status":"closed","template":"","meta":[],"product_brand":[529],"product_cat":[390],"product_tag":[],"class_list":{"0":"post-54111","1":"product","2":"type-product","3":"status-publish","4":"has-post-thumbnail","6":"product_brand-singulier","7":"product_cat-meubles-de-salle-de-bain","8":"pa_color-jotts-noir-mat","9":"pa_color-blanco","10":"pa_color-calacatta-gold-blanc-mat-2","11":"pa_color-calacatta-gold-chene-bardolino-2","12":"pa_color-calacatta-gold-chene-chene","13":"pa_color-calacatta-gold-bardolino","14":"pa_color-calcatta-blanc-mat-2","15":"pa_color-liem-noir-chene-jais-fr","16":"pa_color-orobico-dark-alcatraz","17":"pa_color-paonazzo-biondo-nogal","18":"pa_medidas-545","19":"pa_medidas-233","20":"pa_medidas-234","21":"pa_medidas-235","23":"first","24":"instock","25":"purchasable","26":"product-type-variable"},"_links":{"self":[{"href":"https:\/\/emene.com\/fr\/wp-json\/wp\/v2\/product\/54111","targetHints":{"allow":["GET"]}}],"collection":[{"href":"https:\/\/emene.com\/fr\/wp-json\/wp\/v2\/product"}],"about":[{"href":"https:\/\/emene.com\/fr\/wp-json\/wp\/v2\/types\/product"}],"replies":[{"embeddable":true,"href":"https:\/\/emene.com\/fr\/wp-json\/wp\/v2\/comments?post=54111"}],"wp:featuredmedia":[{"embeddable":true,"href":"https:\/\/emene.com\/fr\/wp-json\/wp\/v2\/media\/7343"}],"wp:attachment":[{"href":"https:\/\/emene.com\/fr\/wp-json\/wp\/v2\/media?parent=54111"}],"wp:term":[{"taxonomy":"product_brand","embeddable":true,"href":"https:\/\/emene.com\/fr\/wp-json\/wp\/v2\/product_brand?post=54111"},{"taxonomy":"product_cat","embeddable":true,"href":"https:\/\/emene.com\/fr\/wp-json\/wp\/v2\/product_cat?post=54111"},{"taxonomy":"product_tag","embeddable":true,"href":"https:\/\/emene.com\/fr\/wp-json\/wp\/v2\/product_tag?post=54111"}],"curies":[{"name":"wp","href":"https:\/\/api.w.org\/{rel}","templated":true}]}}