{"id":54137,"date":"2025-01-30T06:47:05","date_gmt":"2025-01-30T05:47:05","guid":{"rendered":"https:\/\/emene.nueva.avantarea.com\/?post_type=product&#038;p=54137"},"modified":"2026-03-11T08:54:13","modified_gmt":"2026-03-11T07:54:13","slug":"pack-agrafe-xtone-lavabo-espejo-circular-copia","status":"publish","type":"product","link":"https:\/\/emene.com\/fr\/producto\/pack-agrafe-xtone-lavabo-espejo-circular-copia\/","title":{"rendered":"Pack AGRAFE Xtone + lavabo + miroir circulaire"},"content":{"rendered":"<p>Cet ensemble comprend un meuble-lavabo suspendu, un lavabo et un miroir rond. Le meuble-lavabo est dot\u00e9 d&rsquo;une fa\u00e7ade en porcelaine Xtone, un compact min\u00e9ral fritt\u00e9 fabriqu\u00e9 \u00e0 partir de mati\u00e8res premi\u00e8res de la plus haute qualit\u00e9, offrant une surface haute performance. Fabriqu\u00e9 en panneaux de particules de 19 mm avec un rev\u00eatement m\u00e9lamin\u00e9, il pr\u00e9sente des caract\u00e9ristiques de surface optimales. \u00c9cologique et recyclable, il est \u00e9quip\u00e9 de supports de fixation avec syst\u00e8me anti-affaissement. Les tiroirs m\u00e9talliques minimalistes \u00e0 double paroi, aux lignes \u00e9pur\u00e9es et nervur\u00e9es, sont dot\u00e9s d&rsquo;un syst\u00e8me de fermeture amortie, supportent une charge de 25 kg, offrent une accessibilit\u00e9 totale et un espace de rangement g\u00e9n\u00e9reux. Un lavabo \u00e0 poser et un miroir rond sont inclus. Le meuble-lavabo est livr\u00e9 enti\u00e8rement assembl\u00e9 et pr\u00eat \u00e0 \u00eatre fix\u00e9 au mur. Un kit de fixation est fourni. Robinetterie et bonde non incluses. Fabriqu\u00e9 en Espagne.          <\/p>\n","protected":false},"excerpt":{"rendered":"<p>Cet ensemble comprend un meuble-lavabo suspendu, un lavabo et un miroir rond. Le meuble-lavabo est dot\u00e9 d&rsquo;une fa\u00e7ade en porcelaine Xtone, un compact min\u00e9ral fritt\u00e9 fabriqu\u00e9 \u00e0 partir de mati\u00e8res&#8230;<\/p>\n","protected":false},"featured_media":7287,"comment_status":"closed","ping_status":"closed","template":"","meta":[],"product_brand":[508],"product_cat":[390],"product_tag":[],"class_list":{"0":"post-54137","1":"product","2":"type-product","3":"status-publish","4":"has-post-thumbnail","6":"product_brand-agrafe","7":"product_cat-meubles-de-salle-de-bain","8":"pa_color-calacatta-gold-bardolino","9":"pa_color-liem-noir-chene-jais-fr","10":"pa_color-orobico-dark-bardolino","11":"pa_color-paonazzo-biondo-nogal","12":"pa_medidas-545","13":"pa_medidas-234","15":"first","16":"instock","17":"purchasable","18":"product-type-variable"},"_links":{"self":[{"href":"https:\/\/emene.com\/fr\/wp-json\/wp\/v2\/product\/54137","targetHints":{"allow":["GET"]}}],"collection":[{"href":"https:\/\/emene.com\/fr\/wp-json\/wp\/v2\/product"}],"about":[{"href":"https:\/\/emene.com\/fr\/wp-json\/wp\/v2\/types\/product"}],"replies":[{"embeddable":true,"href":"https:\/\/emene.com\/fr\/wp-json\/wp\/v2\/comments?post=54137"}],"wp:featuredmedia":[{"embeddable":true,"href":"https:\/\/emene.com\/fr\/wp-json\/wp\/v2\/media\/7287"}],"wp:attachment":[{"href":"https:\/\/emene.com\/fr\/wp-json\/wp\/v2\/media?parent=54137"}],"wp:term":[{"taxonomy":"product_brand","embeddable":true,"href":"https:\/\/emene.com\/fr\/wp-json\/wp\/v2\/product_brand?post=54137"},{"taxonomy":"product_cat","embeddable":true,"href":"https:\/\/emene.com\/fr\/wp-json\/wp\/v2\/product_cat?post=54137"},{"taxonomy":"product_tag","embeddable":true,"href":"https:\/\/emene.com\/fr\/wp-json\/wp\/v2\/product_tag?post=54137"}],"curies":[{"name":"wp","href":"https:\/\/api.w.org\/{rel}","templated":true}]}}