{"id":54144,"date":"2024-11-21T10:57:20","date_gmt":"2024-11-21T09:57:20","guid":{"rendered":"https:\/\/emene.nueva.avantarea.com\/?post_type=product&#038;p=54144"},"modified":"2026-03-11T12:10:41","modified_gmt":"2026-03-11T11:10:41","slug":"complemento-deco-de-36x165x30cm-copia","status":"publish","type":"product","link":"https:\/\/emene.com\/fr\/producto\/complemento-deco-de-36x165x30cm-copia\/","title":{"rendered":"Compl\u00e9ment DECO de 36x165x30cm"},"content":{"rendered":"<p>Colonne auxiliaire id\u00e9ale pour optimiser le rangement de votre salle de bain. Cet accessoire de salle de bain de 35 x 165 x 30 cm est fabriqu\u00e9 en panneau stratifi\u00e9 de 19 mm d&rsquo;\u00e9paisseur et est \u00e9quip\u00e9 de portes \u00e0 fermeture amortie. Les charni\u00e8res \u00e0 fermeture amortie ont \u00e9t\u00e9 test\u00e9es sur 80 000 cycles et sont r\u00e9glables sur trois axes. Les crochets muraux supportent jusqu&rsquo;\u00e0 30 kg chacun. Finition avec profil\u00e9 PVC de 1 mm. Livr\u00e9e mont\u00e9e et pr\u00eate \u00e0 \u00eatre install\u00e9e. Toute la visserie n\u00e9cessaire est incluse.       <\/p>\n","protected":false},"excerpt":{"rendered":"<p>Colonne auxiliaire id\u00e9ale pour optimiser le rangement de votre salle de bain. Cet accessoire de salle de bain de 35 x 165 x 30 cm est fabriqu\u00e9 en panneau stratifi\u00e9&#8230;<\/p>\n","protected":false},"featured_media":7269,"comment_status":"closed","ping_status":"closed","template":"","meta":[],"product_brand":[505],"product_cat":[390],"product_tag":[],"class_list":{"0":"post-54144","1":"product","2":"type-product","3":"status-publish","4":"has-post-thumbnail","6":"product_brand-deco","7":"product_cat-meubles-de-salle-de-bain","8":"pa_color-noyer-2","9":"pa_color-ombre-kubric-2","10":"pa_color-bardolino","11":"pa_color-blanco","12":"pa_medidas-165-00","14":"first","15":"instock","16":"purchasable","17":"product-type-variable"},"_links":{"self":[{"href":"https:\/\/emene.com\/fr\/wp-json\/wp\/v2\/product\/54144","targetHints":{"allow":["GET"]}}],"collection":[{"href":"https:\/\/emene.com\/fr\/wp-json\/wp\/v2\/product"}],"about":[{"href":"https:\/\/emene.com\/fr\/wp-json\/wp\/v2\/types\/product"}],"replies":[{"embeddable":true,"href":"https:\/\/emene.com\/fr\/wp-json\/wp\/v2\/comments?post=54144"}],"wp:featuredmedia":[{"embeddable":true,"href":"https:\/\/emene.com\/fr\/wp-json\/wp\/v2\/media\/7269"}],"wp:attachment":[{"href":"https:\/\/emene.com\/fr\/wp-json\/wp\/v2\/media?parent=54144"}],"wp:term":[{"taxonomy":"product_brand","embeddable":true,"href":"https:\/\/emene.com\/fr\/wp-json\/wp\/v2\/product_brand?post=54144"},{"taxonomy":"product_cat","embeddable":true,"href":"https:\/\/emene.com\/fr\/wp-json\/wp\/v2\/product_cat?post=54144"},{"taxonomy":"product_tag","embeddable":true,"href":"https:\/\/emene.com\/fr\/wp-json\/wp\/v2\/product_tag?post=54144"}],"curies":[{"name":"wp","href":"https:\/\/api.w.org\/{rel}","templated":true}]}}