{"id":54169,"date":"2024-11-15T11:08:22","date_gmt":"2024-11-15T10:08:22","guid":{"rendered":"https:\/\/emene.nueva.avantarea.com\/?post_type=product&#038;p=54169"},"modified":"2026-03-11T15:10:41","modified_gmt":"2026-03-11T14:10:41","slug":"pack-mirage-xtone-lavabo-espejo-circular-copia","status":"publish","type":"product","link":"https:\/\/emene.com\/fr\/producto\/pack-mirage-xtone-lavabo-espejo-circular-copia\/","title":{"rendered":"Pack MIRAGE Xtone + lavabo + miroir circulaire"},"content":{"rendered":"<p>Ensemble comprenant un meuble de salle de bain mural, un lavabo et un miroir rond. Meuble compos\u00e9 de deux tiroirs et de deux portes. Conception de meubles avec des d\u00e9tails de portes en porcelaine Xtone, un compact min\u00e9ral fritt\u00e9 fabriqu\u00e9 \u00e0 partir de mati\u00e8res premi\u00e8res s\u00e9lectionn\u00e9es parmi les plus pures, ce qui donne une surface haute performance. Meubles en panneaux de particules de 19 mm avec rev\u00eatement en m\u00e9lamine et caract\u00e9ristiques de surface optimales, \u00e9cologiques et recyclables. Tiroir minimaliste en m\u00e9tal \u00e0 double paroi avec fines nervures et lignes droites, m\u00e9canisme de fermeture en douceur, capacit\u00e9 de charge de 25 kg, accessibilit\u00e9 totale et espace arri\u00e8re disponible. Charni\u00e8res \u00e9quip\u00e9es d&rsquo;un piston amortisseur pour une fermeture en douceur de la porte et un ajustement tridimensionnel. Supports muraux \u00e0 r\u00e9glage sur 3 axes et capacit\u00e9 de charge de 65 kg par support selon la norme DIN-68840 certifi\u00e9e par LGA. Cintres avec syst\u00e8me antichute. Comprend un lavabo de comptoir avec vasque d\u00e9centr\u00e9e. Comprend un miroir de forme circulaire. Les meubles sont livr\u00e9s assembl\u00e9s, pr\u00eats \u00e0 \u00eatre accroch\u00e9s au mur. Un kit de montage du meuble est inclus. Robinet et siphon non inclus. Fabriqu\u00e9 en Espagne.<\/p>\n","protected":false},"excerpt":{"rendered":"<p>Ensemble comprenant un meuble de salle de bain mural, un lavabo et un miroir rond. Meuble compos\u00e9 de deux tiroirs et de deux portes. Conception de meubles avec des d\u00e9tails&#8230;<\/p>\n","protected":false},"featured_media":7113,"comment_status":"closed","ping_status":"closed","template":"","meta":[],"product_brand":[521],"product_cat":[390],"product_tag":[],"class_list":{"0":"post-54169","1":"product","2":"type-product","3":"status-publish","4":"has-post-thumbnail","6":"product_brand-mirage","7":"product_cat-meubles-de-salle-de-bain","8":"pa_color-gris-cubanite","9":"pa_color-jotts-noir-mat","10":"pa_color-blanco","11":"pa_color-calacatta-gold-blanc-mat-2","12":"pa_color-calacatta-gold-chene-bardolino-2","13":"pa_color-calacatta-gold-chene-chene","14":"pa_color-calacatta-gold-bardolino","15":"pa_color-calacatta-gold-blanco-mate","16":"pa_color-liem-noir-chene-jais-fr","17":"pa_color-marron-2","18":"pa_color-azabache","19":"pa_color-orobico-dark-roble-azabache","20":"pa_color-paonazzo-biondo-nogal","21":"pa_medidas-233","22":"pa_medidas-234","23":"pa_medidas-235","25":"first","26":"instock","27":"purchasable","28":"product-type-variable"},"_links":{"self":[{"href":"https:\/\/emene.com\/fr\/wp-json\/wp\/v2\/product\/54169","targetHints":{"allow":["GET"]}}],"collection":[{"href":"https:\/\/emene.com\/fr\/wp-json\/wp\/v2\/product"}],"about":[{"href":"https:\/\/emene.com\/fr\/wp-json\/wp\/v2\/types\/product"}],"replies":[{"embeddable":true,"href":"https:\/\/emene.com\/fr\/wp-json\/wp\/v2\/comments?post=54169"}],"wp:featuredmedia":[{"embeddable":true,"href":"https:\/\/emene.com\/fr\/wp-json\/wp\/v2\/media\/7113"}],"wp:attachment":[{"href":"https:\/\/emene.com\/fr\/wp-json\/wp\/v2\/media?parent=54169"}],"wp:term":[{"taxonomy":"product_brand","embeddable":true,"href":"https:\/\/emene.com\/fr\/wp-json\/wp\/v2\/product_brand?post=54169"},{"taxonomy":"product_cat","embeddable":true,"href":"https:\/\/emene.com\/fr\/wp-json\/wp\/v2\/product_cat?post=54169"},{"taxonomy":"product_tag","embeddable":true,"href":"https:\/\/emene.com\/fr\/wp-json\/wp\/v2\/product_tag?post=54169"}],"curies":[{"name":"wp","href":"https:\/\/api.w.org\/{rel}","templated":true}]}}