{"id":54182,"date":"2024-11-15T11:07:11","date_gmt":"2024-11-15T10:07:11","guid":{"rendered":"https:\/\/emene.nueva.avantarea.com\/?post_type=product&#038;p=54182"},"modified":"2026-03-11T09:22:28","modified_gmt":"2026-03-11T08:22:28","slug":"pack-asymetrie-xtone-lavabo-espejo-alma-copia","status":"publish","type":"product","link":"https:\/\/emene.com\/fr\/producto\/pack-asymetrie-xtone-lavabo-espejo-alma-copia\/","title":{"rendered":"Pack ASYM\u00c9TRIE Xtone + lavabo + miroir Alma"},"content":{"rendered":"<p>Cet ensemble comprend un meuble-lavabo suspendu, une vasque et un miroir Alma. Le meuble-lavabo est dot\u00e9 d&rsquo;une porte en porcelaine Xtone, un compact min\u00e9ral fritt\u00e9 fabriqu\u00e9 \u00e0 partir de mati\u00e8res premi\u00e8res de la plus haute qualit\u00e9, offrant une surface haute performance. Fabriqu\u00e9 en panneaux de particules de 19 mm avec un rev\u00eatement m\u00e9lamin\u00e9 aux propri\u00e9t\u00e9s de surface optimales, il est \u00e9cologique et recyclable. Le tiroir minimaliste \u00e0 double paroi en m\u00e9tal pr\u00e9sente des nervures fines et des lignes droites, un syst\u00e8me de fermeture amortie, une capacit\u00e9 de charge de 25 kg, une accessibilit\u00e9 totale et un espace de rangement g\u00e9n\u00e9reux. Les charni\u00e8res sont \u00e9quip\u00e9es d&rsquo;un piston \u00e0 fermeture amortie pour une ouverture et une fermeture en douceur et un r\u00e9glage tridimensionnel. Les supports muraux sont r\u00e9glables sur trois axes et supportent une charge de 65 kg chacun, conform\u00e9ment \u00e0 la norme DIN-68840 et certifi\u00e9s LGA. Ils sont \u00e9galement \u00e9quip\u00e9s d&rsquo;un syst\u00e8me anti-affaissement. Une vasque \u00e0 poser et un miroir design Alma sont inclus. Le meuble-lavabo est livr\u00e9 assembl\u00e9 et pr\u00eat \u00e0 \u00eatre fix\u00e9 au mur. Un kit de montage est fourni. Robinet et bonde non inclus. Fabriqu\u00e9 en Espagne.            <\/p>\n","protected":false},"excerpt":{"rendered":"<p>Cet ensemble comprend un meuble-lavabo suspendu, une vasque et un miroir Alma. Le meuble-lavabo est dot\u00e9 d&rsquo;une porte en porcelaine Xtone, un compact min\u00e9ral fritt\u00e9 fabriqu\u00e9 \u00e0 partir de mati\u00e8res&#8230;<\/p>\n","protected":false},"featured_media":7076,"comment_status":"closed","ping_status":"closed","template":"","meta":[],"product_brand":[509],"product_cat":[390],"product_tag":[],"class_list":{"0":"post-54182","1":"product","2":"type-product","3":"status-publish","4":"has-post-thumbnail","6":"product_brand-asymetrie","7":"product_cat-meubles-de-salle-de-bain","8":"pa_color-calacatta-gold-alcatraz","9":"pa_color-paonazzo-biondo-alcatraz","10":"pa_color-calacatta-gold-blanc-mat-2","11":"pa_color-calacatta-gold-chene-bardolino-2","12":"pa_color-calacatta-gold-chene-chene","13":"pa_color-calcatta-blanc-mat-2","14":"pa_color-orobico-dark-alcatraz","15":"pa_medidas-545","16":"pa_medidas-233","17":"pa_medidas-234","18":"pa_medidas-235","20":"first","21":"instock","22":"purchasable","23":"product-type-variable"},"_links":{"self":[{"href":"https:\/\/emene.com\/fr\/wp-json\/wp\/v2\/product\/54182","targetHints":{"allow":["GET"]}}],"collection":[{"href":"https:\/\/emene.com\/fr\/wp-json\/wp\/v2\/product"}],"about":[{"href":"https:\/\/emene.com\/fr\/wp-json\/wp\/v2\/types\/product"}],"replies":[{"embeddable":true,"href":"https:\/\/emene.com\/fr\/wp-json\/wp\/v2\/comments?post=54182"}],"wp:featuredmedia":[{"embeddable":true,"href":"https:\/\/emene.com\/fr\/wp-json\/wp\/v2\/media\/7076"}],"wp:attachment":[{"href":"https:\/\/emene.com\/fr\/wp-json\/wp\/v2\/media?parent=54182"}],"wp:term":[{"taxonomy":"product_brand","embeddable":true,"href":"https:\/\/emene.com\/fr\/wp-json\/wp\/v2\/product_brand?post=54182"},{"taxonomy":"product_cat","embeddable":true,"href":"https:\/\/emene.com\/fr\/wp-json\/wp\/v2\/product_cat?post=54182"},{"taxonomy":"product_tag","embeddable":true,"href":"https:\/\/emene.com\/fr\/wp-json\/wp\/v2\/product_tag?post=54182"}],"curies":[{"name":"wp","href":"https:\/\/api.w.org\/{rel}","templated":true}]}}