{"id":54195,"date":"2024-11-15T11:05:43","date_gmt":"2024-11-15T10:05:43","guid":{"rendered":"https:\/\/emene.nueva.avantarea.com\/?post_type=product&#038;p=54195"},"modified":"2026-03-11T12:23:19","modified_gmt":"2026-03-11T11:23:19","slug":"pack-demeter-xtone-lavabo-estriado-espejo-capsula-copia","status":"publish","type":"product","link":"https:\/\/emene.com\/fr\/producto\/pack-demeter-xtone-lavabo-estriado-espejo-capsula-copia\/","title":{"rendered":"Pack D\u00c9M\u00c9TER Xtone + lavabo stri\u00e9 + miroir capsule"},"content":{"rendered":"<p>Cet ensemble comprend un meuble-lavabo suspendu, un lavabo et un miroir escamotable. Le meuble se compose de deux modules de tiroirs ind\u00e9pendants, modulables \u00e0 souhait et adaptables \u00e0 diff\u00e9rents espaces.  Design de mobilier avec fa\u00e7ade en porcelaine Xtone, compact min\u00e9ral fritt\u00e9 fabriqu\u00e9 \u00e0 partir d&rsquo;une s\u00e9lection des mati\u00e8res premi\u00e8res les plus pures permettant d&rsquo;obtenir une surface haute performance. Meubles en panneaux de particules de 19 mm avec rev\u00eatement en m\u00e9lamine et caract\u00e9ristiques de surface optimales, \u00e9cologiques et recyclables. Cintres avec syst\u00e8me antichute. Tiroir minimaliste en m\u00e9tal \u00e0 double paroi avec fines nervures et lignes droites, m\u00e9canisme de fermeture en douceur, capacit\u00e9 de charge de 25 kg, accessibilit\u00e9 totale et espace arri\u00e8re disponible. Comprend un lavabo de comptoir avec un design rainur\u00e9. Comprend un miroir design capsule. Les meubles sont livr\u00e9s assembl\u00e9s, pr\u00eats \u00e0 \u00eatre accroch\u00e9s au mur. Un kit de montage du meuble est inclus. Robinet et siphon non inclus. Fabriqu\u00e9 en Espagne.<\/p>\n","protected":false},"excerpt":{"rendered":"<p>Cet ensemble comprend un meuble-lavabo suspendu, un lavabo et un miroir escamotable. Le meuble se compose de deux modules de tiroirs ind\u00e9pendants, modulables \u00e0 souhait et adaptables \u00e0 diff\u00e9rents espaces&#8230;.<\/p>\n","protected":false},"featured_media":7027,"comment_status":"closed","ping_status":"closed","template":"","meta":[],"product_brand":[515],"product_cat":[390],"product_tag":[],"class_list":{"0":"post-54195","1":"product","2":"type-product","3":"status-publish","4":"has-post-thumbnail","6":"product_brand-demeter","7":"product_cat-meubles-de-salle-de-bain","8":"pa_color-calacatta-gold-bardolino","9":"pa_color-calacatta-gold-blanco-mate","10":"pa_color-liem-noir-chene-jais-fr","11":"pa_color-orobico-dark-azabache","12":"pa_color-paonazzo-biondo-nogal","13":"pa_medidas-545","14":"pa_medidas-233","15":"pa_medidas-234","16":"pa_medidas-235","18":"first","19":"instock","20":"purchasable","21":"product-type-variable"},"_links":{"self":[{"href":"https:\/\/emene.com\/fr\/wp-json\/wp\/v2\/product\/54195","targetHints":{"allow":["GET"]}}],"collection":[{"href":"https:\/\/emene.com\/fr\/wp-json\/wp\/v2\/product"}],"about":[{"href":"https:\/\/emene.com\/fr\/wp-json\/wp\/v2\/types\/product"}],"replies":[{"embeddable":true,"href":"https:\/\/emene.com\/fr\/wp-json\/wp\/v2\/comments?post=54195"}],"wp:featuredmedia":[{"embeddable":true,"href":"https:\/\/emene.com\/fr\/wp-json\/wp\/v2\/media\/7027"}],"wp:attachment":[{"href":"https:\/\/emene.com\/fr\/wp-json\/wp\/v2\/media?parent=54195"}],"wp:term":[{"taxonomy":"product_brand","embeddable":true,"href":"https:\/\/emene.com\/fr\/wp-json\/wp\/v2\/product_brand?post=54195"},{"taxonomy":"product_cat","embeddable":true,"href":"https:\/\/emene.com\/fr\/wp-json\/wp\/v2\/product_cat?post=54195"},{"taxonomy":"product_tag","embeddable":true,"href":"https:\/\/emene.com\/fr\/wp-json\/wp\/v2\/product_tag?post=54195"}],"curies":[{"name":"wp","href":"https:\/\/api.w.org\/{rel}","templated":true}]}}