{"id":54212,"date":"2024-09-23T12:12:09","date_gmt":"2024-09-23T10:12:09","guid":{"rendered":"https:\/\/emene.nueva.avantarea.com\/?post_type=product&#038;p=54212"},"modified":"2026-03-26T13:05:50","modified_gmt":"2026-03-26T12:05:50","slug":"armario-contour-140-cm-copia","status":"publish","type":"product","link":"https:\/\/emene.com\/fr\/producto\/armario-contour-140-cm-copia\/","title":{"rendered":"Armoire CONTOUR 140 cm"},"content":{"rendered":"<p>Meuble auxiliaire de salle de bains, id\u00e9al pour augmenter l&rsquo;espace de rangement. Meuble mural \u00e0 une porte avec \u00e9tag\u00e8res int\u00e9rieures, avec une ouverture en bas. Fabriqu\u00e9 en panneau de particules de 19 mm avec rev\u00eatement m\u00e9lamin\u00e9 et caract\u00e9ristiques de surface optimales, \u00e9cologique et recyclable. Charni\u00e8res \u00e9quip\u00e9es d&rsquo;un piston amortisseur pour une fermeture en douceur de la porte et un r\u00e9glage tridimensionnel. Crochets muraux avec r\u00e9glage sur 3 axes et une capacit\u00e9 de charge de 65 kg par crochet selon la norme DIN-68840 certifi\u00e9e par LGA.     Chants en PVC de 1 mm. Les meubles sont livr\u00e9s assembl\u00e9s, pr\u00eats \u00e0 \u00eatre accroch\u00e9s au mur. Un kit de montage du meuble est inclus. Fabriqu\u00e9 en Espagne.<\/p>\n","protected":false},"excerpt":{"rendered":"<p>Meuble auxiliaire de salle de bains, id\u00e9al pour augmenter l&rsquo;espace de rangement. Meuble mural \u00e0 une porte avec \u00e9tag\u00e8res int\u00e9rieures, avec une ouverture en bas. Fabriqu\u00e9 en panneau de particules&#8230;<\/p>\n","protected":false},"featured_media":6962,"comment_status":"closed","ping_status":"closed","template":"","meta":[],"product_brand":[503],"product_cat":[390],"product_tag":[],"class_list":{"0":"post-54212","1":"product","2":"type-product","3":"status-publish","4":"has-post-thumbnail","6":"product_brand-contour","7":"product_cat-meubles-de-salle-de-bain","8":"pa_color-noir-mat-2","9":"pa_color-terre-cuite-2","10":"pa_color-vert-argile-2","11":"pa_color-calcatta-chene-bardolino-2","12":"pa_color-chene-bardolino-alcatraz-2","13":"pa_color-macadam","14":"pa_color-tangram-noir-mat-2","15":"pa_medidas-140-00","17":"first","18":"instock","19":"purchasable","20":"product-type-variable","21":"has-default-attributes"},"_links":{"self":[{"href":"https:\/\/emene.com\/fr\/wp-json\/wp\/v2\/product\/54212","targetHints":{"allow":["GET"]}}],"collection":[{"href":"https:\/\/emene.com\/fr\/wp-json\/wp\/v2\/product"}],"about":[{"href":"https:\/\/emene.com\/fr\/wp-json\/wp\/v2\/types\/product"}],"replies":[{"embeddable":true,"href":"https:\/\/emene.com\/fr\/wp-json\/wp\/v2\/comments?post=54212"}],"wp:featuredmedia":[{"embeddable":true,"href":"https:\/\/emene.com\/fr\/wp-json\/wp\/v2\/media\/6962"}],"wp:attachment":[{"href":"https:\/\/emene.com\/fr\/wp-json\/wp\/v2\/media?parent=54212"}],"wp:term":[{"taxonomy":"product_brand","embeddable":true,"href":"https:\/\/emene.com\/fr\/wp-json\/wp\/v2\/product_brand?post=54212"},{"taxonomy":"product_cat","embeddable":true,"href":"https:\/\/emene.com\/fr\/wp-json\/wp\/v2\/product_cat?post=54212"},{"taxonomy":"product_tag","embeddable":true,"href":"https:\/\/emene.com\/fr\/wp-json\/wp\/v2\/product_tag?post=54212"}],"curies":[{"name":"wp","href":"https:\/\/api.w.org\/{rel}","templated":true}]}}