{"id":54217,"date":"2024-09-23T12:10:47","date_gmt":"2024-09-23T10:10:47","guid":{"rendered":"https:\/\/emene.nueva.avantarea.com\/?post_type=product&#038;p=54217"},"modified":"2026-03-11T11:16:35","modified_gmt":"2026-03-11T10:16:35","slug":"pack-contour-lavabo-espejo-led-copia","status":"publish","type":"product","link":"https:\/\/emene.com\/fr\/producto\/pack-contour-lavabo-espejo-led-copia\/","title":{"rendered":"Pack CONTOUR + lavabo + miroir LED"},"content":{"rendered":"<p>Cet ensemble comprend un meuble-lavabo suspendu, un lavabo et un miroir design \u00e0 LED. Le meuble-lavabo est compos\u00e9 d&rsquo;un module \u00e0 tiroirs. Fabriqu\u00e9 en panneaux de particules de 19 mm avec un rev\u00eatement m\u00e9lamin\u00e9 et des propri\u00e9t\u00e9s de surface optimales, il est \u00e9cologique et recyclable.   Cintres avec syst\u00e8me antichute. Meuble de salle de bain minimaliste \u00e0 double paroi en m\u00e9tal, aux lignes \u00e9pur\u00e9es et nervur\u00e9es, avec fermeture amortie, capacit\u00e9 de charge de 25 kg, accessibilit\u00e9 totale et grand espace de rangement \u00e0 l&rsquo;arri\u00e8re. Comprend un double lavabo et un miroir avec \u00e9clairage LED (IP65, 10,8 W, 1170 lm, temp\u00e9rature de couleur 6000 K).   Les meubles sont livr\u00e9s assembl\u00e9s, pr\u00eats \u00e0 \u00eatre accroch\u00e9s au mur. Un kit de montage du meuble est inclus. Robinet et siphon non inclus. Fabriqu\u00e9 en Espagne.<\/p>\n","protected":false},"excerpt":{"rendered":"<p>Cet ensemble comprend un meuble-lavabo suspendu, un lavabo et un miroir design \u00e0 LED. Le meuble-lavabo est compos\u00e9 d&rsquo;un module \u00e0 tiroirs. Fabriqu\u00e9 en panneaux de particules de 19 mm&#8230;<\/p>\n","protected":false},"featured_media":6925,"comment_status":"closed","ping_status":"closed","template":"","meta":[],"product_brand":[503],"product_cat":[390],"product_tag":[],"class_list":{"0":"post-54217","1":"product","2":"type-product","3":"status-publish","4":"has-post-thumbnail","6":"product_brand-contour","7":"product_cat-meubles-de-salle-de-bain","8":"pa_color-noir-mat-2","9":"pa_color-terre-cuite-2","10":"pa_color-vert-argile-2","11":"pa_color-macadam","12":"pa_medidas-233","13":"pa_medidas-234","14":"pa_medidas-235","16":"first","17":"instock","18":"purchasable","19":"product-type-variable"},"_links":{"self":[{"href":"https:\/\/emene.com\/fr\/wp-json\/wp\/v2\/product\/54217","targetHints":{"allow":["GET"]}}],"collection":[{"href":"https:\/\/emene.com\/fr\/wp-json\/wp\/v2\/product"}],"about":[{"href":"https:\/\/emene.com\/fr\/wp-json\/wp\/v2\/types\/product"}],"replies":[{"embeddable":true,"href":"https:\/\/emene.com\/fr\/wp-json\/wp\/v2\/comments?post=54217"}],"wp:featuredmedia":[{"embeddable":true,"href":"https:\/\/emene.com\/fr\/wp-json\/wp\/v2\/media\/6925"}],"wp:attachment":[{"href":"https:\/\/emene.com\/fr\/wp-json\/wp\/v2\/media?parent=54217"}],"wp:term":[{"taxonomy":"product_brand","embeddable":true,"href":"https:\/\/emene.com\/fr\/wp-json\/wp\/v2\/product_brand?post=54217"},{"taxonomy":"product_cat","embeddable":true,"href":"https:\/\/emene.com\/fr\/wp-json\/wp\/v2\/product_cat?post=54217"},{"taxonomy":"product_tag","embeddable":true,"href":"https:\/\/emene.com\/fr\/wp-json\/wp\/v2\/product_tag?post=54217"}],"curies":[{"name":"wp","href":"https:\/\/api.w.org\/{rel}","templated":true}]}}