{"id":54230,"date":"2024-09-23T12:10:04","date_gmt":"2024-09-23T10:10:04","guid":{"rendered":"https:\/\/emene.nueva.avantarea.com\/?post_type=product&#038;p=54230"},"modified":"2026-03-11T16:28:49","modified_gmt":"2026-03-11T15:28:49","slug":"pack-trapeze-lavabo-espejo-capsula-copia","status":"publish","type":"product","link":"https:\/\/emene.com\/fr\/producto\/pack-trapeze-lavabo-espejo-capsula-copia\/","title":{"rendered":"Pack TRAP\u00c8ZE + lavabo + miroir capsule"},"content":{"rendered":"<p>Ensemble comprenant des meubles de salle de bains, un lavabo et un miroir au design capsule. Meuble-lavabo suspendu compos\u00e9 d&rsquo;un module de porte, dont l&rsquo;une des portes est inclin\u00e9e. Fabriqu\u00e9 \u00e0 partir de panneaux de particules de 19 mm avec rev\u00eatement en m\u00e9lamine et caract\u00e9ristiques de surface optimales, \u00e9cologique et recyclable. Charni\u00e8res \u00e9quip\u00e9es d&rsquo;un piston amortisseur pour une fermeture en douceur de la porte et un ajustement tridimensionnel. Supports muraux \u00e0 r\u00e9glage sur 3 axes et capacit\u00e9 de charge de 65 kg par support selon la norme DIN-68840 certifi\u00e9e par LGA. Chants en PVC de 1 mm. Cintres avec syst\u00e8me antichute. Comprend un lavabo en c\u00e9ramique. Comprend un miroir design capsule. Les meubles sont livr\u00e9s assembl\u00e9s, pr\u00eats \u00e0 \u00eatre accroch\u00e9s au mur. Un kit de montage du meuble est inclus. Robinet et siphon non inclus. Fabriqu\u00e9 en Espagne.<\/p>\n","protected":false},"excerpt":{"rendered":"<p>Ensemble comprenant des meubles de salle de bains, un lavabo et un miroir au design capsule. Meuble-lavabo suspendu compos\u00e9 d&rsquo;un module de porte, dont l&rsquo;une des portes est inclin\u00e9e. Fabriqu\u00e9&#8230;<\/p>\n","protected":false},"featured_media":6906,"comment_status":"closed","ping_status":"closed","template":"","meta":[],"product_brand":[531],"product_cat":[390],"product_tag":[],"class_list":{"0":"post-54230","1":"product","2":"type-product","3":"status-publish","4":"has-post-thumbnail","6":"product_brand-trapeze","7":"product_cat-meubles-de-salle-de-bain","8":"pa_color-noyer-2","9":"pa_color-ombre-kubric-2","10":"pa_color-bardolino","11":"pa_color-calacatta-gold-blanc-mat-2","12":"pa_color-calacatta-gold-chene-chene","13":"pa_color-calcatta-blanc-mat-2","14":"pa_medidas-545","15":"pa_medidas-234","16":"pa_medidas-235","18":"first","19":"instock","20":"purchasable","21":"product-type-variable"},"_links":{"self":[{"href":"https:\/\/emene.com\/fr\/wp-json\/wp\/v2\/product\/54230","targetHints":{"allow":["GET"]}}],"collection":[{"href":"https:\/\/emene.com\/fr\/wp-json\/wp\/v2\/product"}],"about":[{"href":"https:\/\/emene.com\/fr\/wp-json\/wp\/v2\/types\/product"}],"replies":[{"embeddable":true,"href":"https:\/\/emene.com\/fr\/wp-json\/wp\/v2\/comments?post=54230"}],"wp:featuredmedia":[{"embeddable":true,"href":"https:\/\/emene.com\/fr\/wp-json\/wp\/v2\/media\/6906"}],"wp:attachment":[{"href":"https:\/\/emene.com\/fr\/wp-json\/wp\/v2\/media?parent=54230"}],"wp:term":[{"taxonomy":"product_brand","embeddable":true,"href":"https:\/\/emene.com\/fr\/wp-json\/wp\/v2\/product_brand?post=54230"},{"taxonomy":"product_cat","embeddable":true,"href":"https:\/\/emene.com\/fr\/wp-json\/wp\/v2\/product_cat?post=54230"},{"taxonomy":"product_tag","embeddable":true,"href":"https:\/\/emene.com\/fr\/wp-json\/wp\/v2\/product_tag?post=54230"}],"curies":[{"name":"wp","href":"https:\/\/api.w.org\/{rel}","templated":true}]}}