{"id":54237,"date":"2024-09-23T12:09:30","date_gmt":"2024-09-23T10:09:30","guid":{"rendered":"https:\/\/emene.nueva.avantarea.com\/?post_type=product&#038;p=54237"},"modified":"2026-03-11T16:13:06","modified_gmt":"2026-03-11T15:13:06","slug":"pack-sommet-lavabo-espejo-capsula-copia","status":"publish","type":"product","link":"https:\/\/emene.com\/fr\/producto\/pack-sommet-lavabo-espejo-capsula-copia\/","title":{"rendered":"Pack SOMMET + lavabo + miroir capsule"},"content":{"rendered":"<p>Ensemble comprenant des meubles de salle de bains, un lavabo et un miroir au design capsule. Meuble-lavabo suspendu id\u00e9al pour les petits espaces. Meuble compos\u00e9 d&rsquo;un module de porte. Fabriqu\u00e9 \u00e0 partir de panneaux de particules de 19 mm avec rev\u00eatement en m\u00e9lamine et caract\u00e9ristiques de surface optimales, \u00e9cologique et recyclable. Cintres avec syst\u00e8me antichute. Charni\u00e8res nickel\u00e9es \u00e9quip\u00e9es d&rsquo;un piston amortisseur pour une fermeture de porte en douceur. Comprend un \u00e9vier en r\u00e9sine. Comprend un miroir design capsule. Les meubles sont livr\u00e9s assembl\u00e9s, pr\u00eats \u00e0 \u00eatre accroch\u00e9s au mur. Un kit de montage du meuble est inclus. Robinet et siphon non inclus. Fabriqu\u00e9 en Espagne.<\/p>\n","protected":false},"excerpt":{"rendered":"<p>Ensemble comprenant des meubles de salle de bains, un lavabo et un miroir au design capsule. Meuble-lavabo suspendu id\u00e9al pour les petits espaces. Meuble compos\u00e9 d&rsquo;un module de porte. Fabriqu\u00e9&#8230;<\/p>\n","protected":false},"featured_media":6890,"comment_status":"closed","ping_status":"closed","template":"","meta":[],"product_brand":[530],"product_cat":[390],"product_tag":[],"class_list":{"0":"post-54237","1":"product","2":"type-product","3":"status-publish","4":"has-post-thumbnail","6":"product_brand-sommet","7":"product_cat-meubles-de-salle-de-bain","8":"pa_color-blanc-mat-2","9":"pa_color-noyer-2","10":"pa_color-ombre-kubric-2","11":"pa_color-alcatraz","12":"pa_color-bardolino","13":"pa_color-biscuit","14":"pa_color-blanc-mat-terracotta-nova-2","15":"pa_color-chene-bardolino-2","16":"pa_color-macadam","17":"pa_medidas-344","19":"first","20":"instock","21":"purchasable","22":"product-type-variable"},"_links":{"self":[{"href":"https:\/\/emene.com\/fr\/wp-json\/wp\/v2\/product\/54237","targetHints":{"allow":["GET"]}}],"collection":[{"href":"https:\/\/emene.com\/fr\/wp-json\/wp\/v2\/product"}],"about":[{"href":"https:\/\/emene.com\/fr\/wp-json\/wp\/v2\/types\/product"}],"replies":[{"embeddable":true,"href":"https:\/\/emene.com\/fr\/wp-json\/wp\/v2\/comments?post=54237"}],"wp:featuredmedia":[{"embeddable":true,"href":"https:\/\/emene.com\/fr\/wp-json\/wp\/v2\/media\/6890"}],"wp:attachment":[{"href":"https:\/\/emene.com\/fr\/wp-json\/wp\/v2\/media?parent=54237"}],"wp:term":[{"taxonomy":"product_brand","embeddable":true,"href":"https:\/\/emene.com\/fr\/wp-json\/wp\/v2\/product_brand?post=54237"},{"taxonomy":"product_cat","embeddable":true,"href":"https:\/\/emene.com\/fr\/wp-json\/wp\/v2\/product_cat?post=54237"},{"taxonomy":"product_tag","embeddable":true,"href":"https:\/\/emene.com\/fr\/wp-json\/wp\/v2\/product_tag?post=54237"}],"curies":[{"name":"wp","href":"https:\/\/api.w.org\/{rel}","templated":true}]}}