{"id":54243,"date":"2024-09-23T12:08:11","date_gmt":"2024-09-23T10:08:11","guid":{"rendered":"https:\/\/emene.nueva.avantarea.com\/?post_type=product&#038;p=54243"},"modified":"2026-03-11T13:07:38","modified_gmt":"2026-03-11T12:07:38","slug":"pack-emboite-lavabo-espejo-circular-copia","status":"publish","type":"product","link":"https:\/\/emene.com\/fr\/producto\/pack-emboite-lavabo-espejo-circular-copia\/","title":{"rendered":"Pack EMBO\u00ceT\u00c9 + lavabo + miroir circulaire"},"content":{"rendered":"<p>Cet ensemble comprend un meuble-lavabo suspendu, un lavabo et un miroir rond. Le meuble-lavabo est dot\u00e9 d&rsquo;une poign\u00e9e en porcelaine Xtone, un mat\u00e9riau min\u00e9ral fritt\u00e9 compact, \u00e9labor\u00e9 \u00e0 partir de mati\u00e8res premi\u00e8res d&rsquo;une grande puret\u00e9 pour une surface haute performance. Le meuble-lavabo se compose d&rsquo;un module \u00e0 deux tiroirs.   Fabriqu\u00e9 \u00e0 partir de panneaux de particules de 19 mm avec rev\u00eatement en m\u00e9lamine et caract\u00e9ristiques de surface optimales, \u00e9cologique et recyclable. Cintres avec syst\u00e8me antichute. Tiroir minimaliste en m\u00e9tal \u00e0 double paroi avec fines nervures et lignes droites, m\u00e9canisme de fermeture en douceur, capacit\u00e9 de charge de 25 kg, accessibilit\u00e9 totale et espace arri\u00e8re disponible. Comprend un \u00e9vier de comptoir. Comprend un miroir de forme circulaire. Les meubles sont livr\u00e9s assembl\u00e9s, pr\u00eats \u00e0 \u00eatre accroch\u00e9s au mur. Un kit de montage du meuble est inclus. Robinet et siphon non inclus. Fabriqu\u00e9 en Espagne.<\/p>\n","protected":false},"excerpt":{"rendered":"<p>Cet ensemble comprend un meuble-lavabo suspendu, un lavabo et un miroir rond. Le meuble-lavabo est dot\u00e9 d&rsquo;une poign\u00e9e en porcelaine Xtone, un mat\u00e9riau min\u00e9ral fritt\u00e9 compact, \u00e9labor\u00e9 \u00e0 partir de&#8230;<\/p>\n","protected":false},"featured_media":6853,"comment_status":"closed","ping_status":"closed","template":"","meta":[],"product_brand":[502],"product_cat":[390],"product_tag":[],"class_list":{"0":"post-54243","1":"product","2":"type-product","3":"status-publish","4":"has-post-thumbnail","6":"product_brand-emboite","7":"product_cat-meubles-de-salle-de-bain","8":"pa_color-jotts-noir-mat","9":"pa_color-blanco","10":"pa_color-calacatta-gold-blanc-mat-2","11":"pa_color-calacatta-gold-chene-chene","12":"pa_color-calacatta-gold-bardolino","13":"pa_color-calacatta-gold-blanco-mate","14":"pa_color-calcatta-blanc-mat-2","15":"pa_color-liem-noir-chene-jais-fr","16":"pa_color-azabache","17":"pa_color-orobico-dark-azabache","18":"pa_color-paonazzo-biondo-nogal","19":"pa_medidas-545","20":"pa_medidas-234","21":"pa_medidas-235","23":"first","24":"instock","25":"purchasable","26":"product-type-variable"},"_links":{"self":[{"href":"https:\/\/emene.com\/fr\/wp-json\/wp\/v2\/product\/54243","targetHints":{"allow":["GET"]}}],"collection":[{"href":"https:\/\/emene.com\/fr\/wp-json\/wp\/v2\/product"}],"about":[{"href":"https:\/\/emene.com\/fr\/wp-json\/wp\/v2\/types\/product"}],"replies":[{"embeddable":true,"href":"https:\/\/emene.com\/fr\/wp-json\/wp\/v2\/comments?post=54243"}],"wp:featuredmedia":[{"embeddable":true,"href":"https:\/\/emene.com\/fr\/wp-json\/wp\/v2\/media\/6853"}],"wp:attachment":[{"href":"https:\/\/emene.com\/fr\/wp-json\/wp\/v2\/media?parent=54243"}],"wp:term":[{"taxonomy":"product_brand","embeddable":true,"href":"https:\/\/emene.com\/fr\/wp-json\/wp\/v2\/product_brand?post=54243"},{"taxonomy":"product_cat","embeddable":true,"href":"https:\/\/emene.com\/fr\/wp-json\/wp\/v2\/product_cat?post=54243"},{"taxonomy":"product_tag","embeddable":true,"href":"https:\/\/emene.com\/fr\/wp-json\/wp\/v2\/product_tag?post=54243"}],"curies":[{"name":"wp","href":"https:\/\/api.w.org\/{rel}","templated":true}]}}