{"id":54256,"date":"2024-06-17T18:32:41","date_gmt":"2024-06-17T16:32:41","guid":{"rendered":"https:\/\/emene.nueva.avantarea.com\/?post_type=product&#038;p=54256"},"modified":"2026-03-11T16:46:04","modified_gmt":"2026-03-11T15:46:04","slug":"complemento-vertical-xtone-calacatta-gold-blanco-mate-140-cm-copia","status":"publish","type":"product","link":"https:\/\/emene.com\/fr\/producto\/complemento-vertical-xtone-calacatta-gold-blanco-mate-140-cm-copia\/","title":{"rendered":"Accessoire VERTICAL Xtone Calacatta or &#8211; blanc mat 140 cm"},"content":{"rendered":"<p>Module auxiliaire de salle de bain, id\u00e9al pour augmenter l&rsquo;espace de rangement. Armoire suspendue \u00e0 deux portes avec \u00e9tag\u00e8res int\u00e9rieures. D\u00e9tail du d\u00e9cor du mat\u00e9riau Xtone de Porcelanosa, un compact min\u00e9ral fritt\u00e9 fabriqu\u00e9 \u00e0 partir de mati\u00e8res premi\u00e8res s\u00e9lectionn\u00e9es parmi les plus pures, aboutissant \u00e0 une surface haute performance. Fabriqu\u00e9 \u00e0 partir de panneaux de particules de 19 mm avec rev\u00eatement en m\u00e9lamine et caract\u00e9ristiques de surface optimales, \u00e9cologique et recyclable. Charni\u00e8res \u00e9quip\u00e9es d&rsquo;un piston amortisseur pour une fermeture en douceur de la porte et un ajustement tridimensionnel. Supports muraux \u00e0 r\u00e9glage sur 3 axes et capacit\u00e9 de charge de 65 kg par support selon la norme DIN-68840 certifi\u00e9e par LGA. Chants en PVC de 1 mm. Les meubles sont livr\u00e9s assembl\u00e9s, pr\u00eats \u00e0 \u00eatre accroch\u00e9s au mur. Un kit de montage du meuble est inclus. Fabriqu\u00e9 en Espagne.<\/p>\n","protected":false},"excerpt":{"rendered":"<p>Module auxiliaire de salle de bain, id\u00e9al pour augmenter l&rsquo;espace de rangement. Armoire suspendue \u00e0 deux portes avec \u00e9tag\u00e8res int\u00e9rieures. D\u00e9tail du d\u00e9cor du mat\u00e9riau Xtone de Porcelanosa, un compact&#8230;<\/p>\n","protected":false},"featured_media":6778,"comment_status":"closed","ping_status":"closed","template":"","meta":[],"product_brand":[501],"product_cat":[390],"product_tag":[],"class_list":{"0":"post-54256","1":"product","2":"type-product","3":"status-publish","4":"has-post-thumbnail","6":"product_brand-vertical","7":"product_cat-meubles-de-salle-de-bain","8":"pa_color-liem-black-blanc-mat","9":"pa_color-calacatta-gold-bardolino","10":"pa_color-calacatta-gold-blanco-mate","11":"pa_color-liem-noir-blanc-mat","12":"pa_color-liem-noir-chene-jais-fr","13":"pa_color-liem-black-azabache","14":"pa_color-orobico-dark-azabache","15":"pa_color-paonazzo-biondo-blanco-mate","16":"pa_color-paonazzo-biondo-nogal","17":"pa_medidas-140-2","19":"first","20":"instock","21":"purchasable","22":"product-type-variable"},"_links":{"self":[{"href":"https:\/\/emene.com\/fr\/wp-json\/wp\/v2\/product\/54256","targetHints":{"allow":["GET"]}}],"collection":[{"href":"https:\/\/emene.com\/fr\/wp-json\/wp\/v2\/product"}],"about":[{"href":"https:\/\/emene.com\/fr\/wp-json\/wp\/v2\/types\/product"}],"replies":[{"embeddable":true,"href":"https:\/\/emene.com\/fr\/wp-json\/wp\/v2\/comments?post=54256"}],"wp:featuredmedia":[{"embeddable":true,"href":"https:\/\/emene.com\/fr\/wp-json\/wp\/v2\/media\/6778"}],"wp:attachment":[{"href":"https:\/\/emene.com\/fr\/wp-json\/wp\/v2\/media?parent=54256"}],"wp:term":[{"taxonomy":"product_brand","embeddable":true,"href":"https:\/\/emene.com\/fr\/wp-json\/wp\/v2\/product_brand?post=54256"},{"taxonomy":"product_cat","embeddable":true,"href":"https:\/\/emene.com\/fr\/wp-json\/wp\/v2\/product_cat?post=54256"},{"taxonomy":"product_tag","embeddable":true,"href":"https:\/\/emene.com\/fr\/wp-json\/wp\/v2\/product_tag?post=54256"}],"curies":[{"name":"wp","href":"https:\/\/api.w.org\/{rel}","templated":true}]}}