{"id":54264,"date":"2024-06-17T18:31:02","date_gmt":"2024-06-17T16:31:02","guid":{"rendered":"https:\/\/emene.nueva.avantarea.com\/?post_type=product&#038;p=54264"},"modified":"2026-03-11T16:43:48","modified_gmt":"2026-03-11T15:43:48","slug":"pack-vertical-xtone-calacatta-gold-blanco-mate-80-cm-lavabo-espejo-circular-copia","status":"publish","type":"product","link":"https:\/\/emene.com\/fr\/producto\/pack-vertical-xtone-calacatta-gold-blanco-mate-80-cm-lavabo-espejo-circular-copia\/","title":{"rendered":"Pack vertical + lavabo + miroir rond"},"content":{"rendered":"<p>Ensemble comprenant un meuble de salle de bains, un lavabo et un miroir circulaire. Lavabo mural en panneaux de particules m\u00e9lamin\u00e9s de 19 mm aux caract\u00e9ristiques de surface optimales, respectueux de l&rsquo;environnement et recyclable. Compos\u00e9e de portes aux d\u00e9tails d\u00e9coratifs en mat\u00e9riau Xtone de Porcelanosa, un compact min\u00e9ral fritt\u00e9 fabriqu\u00e9 \u00e0 partir de mati\u00e8res premi\u00e8res s\u00e9lectionn\u00e9es parmi les plus pures, ce qui donne une surface haute performance. Charni\u00e8res \u00e9quip\u00e9es d&rsquo;un piston amortisseur pour une fermeture en douceur de la porte et un ajustement tridimensionnel. Cintres avec syst\u00e8me anti-glissement et r\u00e9glage horizontal et vertical. Comprend un lavabo en c\u00e9ramique. Comprend un miroir de forme circulaire. Les meubles sont livr\u00e9s assembl\u00e9s, pr\u00eats \u00e0 \u00eatre accroch\u00e9s au mur. Un kit de montage du meuble est inclus. Robinet et siphon non inclus. Fabriqu\u00e9 en Espagne.<\/p>\n","protected":false},"excerpt":{"rendered":"<p>Ensemble comprenant un meuble de salle de bains, un lavabo et un miroir circulaire. Lavabo mural en panneaux de particules m\u00e9lamin\u00e9s de 19 mm aux caract\u00e9ristiques de surface optimales, respectueux&#8230;<\/p>\n","protected":false},"featured_media":6714,"comment_status":"closed","ping_status":"closed","template":"","meta":[],"product_brand":[501],"product_cat":[390],"product_tag":[],"class_list":{"0":"post-54264","1":"product","2":"type-product","3":"status-publish","4":"has-post-thumbnail","6":"product_brand-vertical","7":"product_cat-meubles-de-salle-de-bain","8":"pa_color-liem-black-blanc-mat","9":"pa_color-calacatta-blanco-mate","10":"pa_color-calacatta-roble-bardolino","11":"pa_color-calacatta-gold-bardolino","12":"pa_color-calacatta-gold-blanco-mate","13":"pa_color-jotts-noir-mat-2","14":"pa_color-kubric-noir-mat-2","15":"pa_color-liem-noir-blanc-mat","16":"pa_color-liem-noir-chene-jais-fr","17":"pa_color-liem-black-azabache","18":"pa_color-orobico-dark-azabache","19":"pa_color-paonazzo-biondo-blanco-mate","20":"pa_color-paonazzo-biondo-nogal","21":"pa_medidas-545","22":"pa_medidas-234","23":"pa_medidas-235","25":"first","26":"instock","27":"purchasable","28":"product-type-variable"},"_links":{"self":[{"href":"https:\/\/emene.com\/fr\/wp-json\/wp\/v2\/product\/54264","targetHints":{"allow":["GET"]}}],"collection":[{"href":"https:\/\/emene.com\/fr\/wp-json\/wp\/v2\/product"}],"about":[{"href":"https:\/\/emene.com\/fr\/wp-json\/wp\/v2\/types\/product"}],"replies":[{"embeddable":true,"href":"https:\/\/emene.com\/fr\/wp-json\/wp\/v2\/comments?post=54264"}],"wp:featuredmedia":[{"embeddable":true,"href":"https:\/\/emene.com\/fr\/wp-json\/wp\/v2\/media\/6714"}],"wp:attachment":[{"href":"https:\/\/emene.com\/fr\/wp-json\/wp\/v2\/media?parent=54264"}],"wp:term":[{"taxonomy":"product_brand","embeddable":true,"href":"https:\/\/emene.com\/fr\/wp-json\/wp\/v2\/product_brand?post=54264"},{"taxonomy":"product_cat","embeddable":true,"href":"https:\/\/emene.com\/fr\/wp-json\/wp\/v2\/product_cat?post=54264"},{"taxonomy":"product_tag","embeddable":true,"href":"https:\/\/emene.com\/fr\/wp-json\/wp\/v2\/product_tag?post=54264"}],"curies":[{"name":"wp","href":"https:\/\/api.w.org\/{rel}","templated":true}]}}