{"id":54344,"date":"2024-05-21T04:59:50","date_gmt":"2024-05-21T02:59:50","guid":{"rendered":"https:\/\/emene.nueva.avantarea.com\/?post_type=product&#038;p=54344"},"modified":"2026-03-11T12:54:07","modified_gmt":"2026-03-11T11:54:07","slug":"complemento-droit-copia","status":"publish","type":"product","link":"https:\/\/emene.com\/fr\/producto\/complemento-droit-copia\/","title":{"rendered":"Compl\u00e9ment DROIT"},"content":{"rendered":"<p>Meuble de rangement pour salle de bain, id\u00e9al pour optimiser l&rsquo;espace de rangement. Armoire murale \u00e0 deux portes et \u00e9tag\u00e8res int\u00e9rieures.  Fabriqu\u00e9 \u00e0 partir de panneaux de particules de 19 mm avec rev\u00eatement en m\u00e9lamine et caract\u00e9ristiques de surface optimales, \u00e9cologique et recyclable. Charni\u00e8res \u00e9quip\u00e9es d&rsquo;un piston amortisseur pour une fermeture en douceur de la porte et un ajustement tridimensionnel. Supports muraux \u00e0 r\u00e9glage sur 3 axes et capacit\u00e9 de charge de 65 kg par support selon la norme DIN-68840 certifi\u00e9e par LGA. Chants en PVC de 1 mm. Les meubles sont livr\u00e9s assembl\u00e9s, pr\u00eats \u00e0 \u00eatre accroch\u00e9s au mur. Un kit de montage du meuble est inclus. Fabriqu\u00e9 en Espagne.<\/p>\n","protected":false},"excerpt":{"rendered":"<p>Meuble de rangement pour salle de bain, id\u00e9al pour optimiser l&rsquo;espace de rangement. Armoire murale \u00e0 deux portes et \u00e9tag\u00e8res int\u00e9rieures. Fabriqu\u00e9 \u00e0 partir de panneaux de particules de 19&#8230;<\/p>\n","protected":false},"featured_media":6441,"comment_status":"closed","ping_status":"closed","template":"","meta":[],"product_brand":[483],"product_cat":[390],"product_tag":[],"class_list":{"0":"post-54344","1":"product","2":"type-product","3":"status-publish","4":"has-post-thumbnail","6":"product_brand-droit","7":"product_cat-meubles-de-salle-de-bain","8":"pa_color-noyer-blanc-mat-2","9":"pa_color-bardolino-blanco-mate","10":"pa_color-azabache-blanco-mate","11":"pa_medidas-165-00","13":"first","14":"instock","15":"purchasable","16":"product-type-variable"},"_links":{"self":[{"href":"https:\/\/emene.com\/fr\/wp-json\/wp\/v2\/product\/54344","targetHints":{"allow":["GET"]}}],"collection":[{"href":"https:\/\/emene.com\/fr\/wp-json\/wp\/v2\/product"}],"about":[{"href":"https:\/\/emene.com\/fr\/wp-json\/wp\/v2\/types\/product"}],"replies":[{"embeddable":true,"href":"https:\/\/emene.com\/fr\/wp-json\/wp\/v2\/comments?post=54344"}],"wp:featuredmedia":[{"embeddable":true,"href":"https:\/\/emene.com\/fr\/wp-json\/wp\/v2\/media\/6441"}],"wp:attachment":[{"href":"https:\/\/emene.com\/fr\/wp-json\/wp\/v2\/media?parent=54344"}],"wp:term":[{"taxonomy":"product_brand","embeddable":true,"href":"https:\/\/emene.com\/fr\/wp-json\/wp\/v2\/product_brand?post=54344"},{"taxonomy":"product_cat","embeddable":true,"href":"https:\/\/emene.com\/fr\/wp-json\/wp\/v2\/product_cat?post=54344"},{"taxonomy":"product_tag","embeddable":true,"href":"https:\/\/emene.com\/fr\/wp-json\/wp\/v2\/product_tag?post=54344"}],"curies":[{"name":"wp","href":"https:\/\/api.w.org\/{rel}","templated":true}]}}