{"id":54353,"date":"2024-05-21T04:59:16","date_gmt":"2024-05-21T02:59:16","guid":{"rendered":"https:\/\/emene.nueva.avantarea.com\/?post_type=product&#038;p=54353"},"modified":"2026-03-11T12:42:16","modified_gmt":"2026-03-11T11:42:16","slug":"pack-douce-lavabo-espejo-capsula-copia","status":"publish","type":"product","link":"https:\/\/emene.com\/fr\/producto\/pack-douce-lavabo-espejo-capsula-copia\/","title":{"rendered":"Pack DOUCE + lavabo + miroir capsule"},"content":{"rendered":"<p>Ensemble de salle de bains comprenant un meuble-lavabo, un lavabo et un miroir de style capsule. Le plan de travail est r\u00e9alis\u00e9 en Xtone de Porcelanosa, un mat\u00e9riau min\u00e9ral fritt\u00e9 compact, fabriqu\u00e9 \u00e0 partir de mati\u00e8res premi\u00e8res d&rsquo;une puret\u00e9 exceptionnelle, offrant une surface haute performance.     Cintres avec syst\u00e8me antichute. Tiroir minimaliste en m\u00e9tal \u00e0 double paroi avec fines nervures et lignes droites, m\u00e9canisme de fermeture en douceur, capacit\u00e9 de charge de 25 kg, accessibilit\u00e9 totale et espace arri\u00e8re disponible. Comprend un \u00e9vier de comptoir. Comprend un miroir design capsule. Les meubles sont livr\u00e9s assembl\u00e9s, pr\u00eats \u00e0 \u00eatre accroch\u00e9s au mur. Un kit de montage du meuble est inclus. Robinet et siphon non inclus. Fabriqu\u00e9 en Espagne.<\/p>\n","protected":false},"excerpt":{"rendered":"<p>Ensemble de salle de bains comprenant un meuble-lavabo, un lavabo et un miroir de style capsule. Le plan de travail est r\u00e9alis\u00e9 en Xtone de Porcelanosa, un mat\u00e9riau min\u00e9ral fritt\u00e9&#8230;<\/p>\n","protected":false},"featured_media":6421,"comment_status":"closed","ping_status":"closed","template":"","meta":[],"product_brand":[499],"product_cat":[390],"product_tag":[],"class_list":{"0":"post-54353","1":"product","2":"type-product","3":"status-publish","4":"has-post-thumbnail","6":"product_brand-douce","7":"product_cat-meubles-de-salle-de-bain","8":"pa_color-blanco","9":"pa_color-calacatta-gold-chene-chene","10":"pa_color-calacatta-gold-bardolino","11":"pa_color-calacatta-gold-blanco-mate","12":"pa_color-azabache","13":"pa_medidas-234","14":"pa_medidas-4-2","16":"first","17":"instock","18":"purchasable","19":"product-type-variable"},"_links":{"self":[{"href":"https:\/\/emene.com\/fr\/wp-json\/wp\/v2\/product\/54353","targetHints":{"allow":["GET"]}}],"collection":[{"href":"https:\/\/emene.com\/fr\/wp-json\/wp\/v2\/product"}],"about":[{"href":"https:\/\/emene.com\/fr\/wp-json\/wp\/v2\/types\/product"}],"replies":[{"embeddable":true,"href":"https:\/\/emene.com\/fr\/wp-json\/wp\/v2\/comments?post=54353"}],"wp:featuredmedia":[{"embeddable":true,"href":"https:\/\/emene.com\/fr\/wp-json\/wp\/v2\/media\/6421"}],"wp:attachment":[{"href":"https:\/\/emene.com\/fr\/wp-json\/wp\/v2\/media?parent=54353"}],"wp:term":[{"taxonomy":"product_brand","embeddable":true,"href":"https:\/\/emene.com\/fr\/wp-json\/wp\/v2\/product_brand?post=54353"},{"taxonomy":"product_cat","embeddable":true,"href":"https:\/\/emene.com\/fr\/wp-json\/wp\/v2\/product_cat?post=54353"},{"taxonomy":"product_tag","embeddable":true,"href":"https:\/\/emene.com\/fr\/wp-json\/wp\/v2\/product_tag?post=54353"}],"curies":[{"name":"wp","href":"https:\/\/api.w.org\/{rel}","templated":true}]}}