{"id":54373,"date":"2024-05-21T04:56:39","date_gmt":"2024-05-21T02:56:39","guid":{"rendered":"https:\/\/emene.nueva.avantarea.com\/?post_type=product&#038;p=54373"},"modified":"2026-03-11T12:19:36","modified_gmt":"2026-03-11T11:19:36","slug":"pack-delicat-lavabo-espejo-circular-copia","status":"publish","type":"product","link":"https:\/\/emene.com\/fr\/producto\/pack-delicat-lavabo-espejo-circular-copia\/","title":{"rendered":"Pack D\u00c9LICAT + lavabo + miroir circulaire"},"content":{"rendered":"<p>Ensemble de salle de bains comprenant un meuble-lavabo, un lavabo et un miroir rond. Fabriqu\u00e9 en panneaux de particules de 19 mm avec un rev\u00eatement en m\u00e9lamine et des caract\u00e9ristiques de surface optimales ; \u00e9cologique et recyclable.   Cintres avec syst\u00e8me antichute. Tiroir minimaliste en m\u00e9tal \u00e0 double paroi avec fines nervures et lignes droites, m\u00e9canisme de fermeture en douceur, capacit\u00e9 de charge de 25 kg, accessibilit\u00e9 totale et espace arri\u00e8re disponible. Comprend un \u00e9vier de comptoir. Comprend un miroir de forme circulaire. Les meubles sont livr\u00e9s assembl\u00e9s, pr\u00eats \u00e0 \u00eatre accroch\u00e9s au mur. Un kit de montage du meuble est inclus. Robinet et siphon non inclus. Fabriqu\u00e9 en Espagne.<\/p>\n","protected":false},"excerpt":{"rendered":"<p>Ensemble de salle de bains comprenant un meuble-lavabo, un lavabo et un miroir rond. Fabriqu\u00e9 en panneaux de particules de 19 mm avec un rev\u00eatement en m\u00e9lamine et des caract\u00e9ristiques&#8230;<\/p>\n","protected":false},"featured_media":6323,"comment_status":"closed","ping_status":"closed","template":"","meta":[],"product_brand":[497],"product_cat":[390],"product_tag":[],"class_list":{"0":"post-54373","1":"product","2":"type-product","3":"status-publish","4":"has-post-thumbnail","6":"product_brand-delicat","7":"product_cat-meubles-de-salle-de-bain","8":"pa_color-blanc-mat-2","9":"pa_color-noyer-2","10":"pa_color-bardolino","11":"pa_color-azabache","12":"pa_medidas-545","13":"pa_medidas-233","14":"pa_medidas-234","15":"pa_medidas-235","17":"first","18":"instock","19":"purchasable","20":"product-type-variable"},"_links":{"self":[{"href":"https:\/\/emene.com\/fr\/wp-json\/wp\/v2\/product\/54373","targetHints":{"allow":["GET"]}}],"collection":[{"href":"https:\/\/emene.com\/fr\/wp-json\/wp\/v2\/product"}],"about":[{"href":"https:\/\/emene.com\/fr\/wp-json\/wp\/v2\/types\/product"}],"replies":[{"embeddable":true,"href":"https:\/\/emene.com\/fr\/wp-json\/wp\/v2\/comments?post=54373"}],"wp:featuredmedia":[{"embeddable":true,"href":"https:\/\/emene.com\/fr\/wp-json\/wp\/v2\/media\/6323"}],"wp:attachment":[{"href":"https:\/\/emene.com\/fr\/wp-json\/wp\/v2\/media?parent=54373"}],"wp:term":[{"taxonomy":"product_brand","embeddable":true,"href":"https:\/\/emene.com\/fr\/wp-json\/wp\/v2\/product_brand?post=54373"},{"taxonomy":"product_cat","embeddable":true,"href":"https:\/\/emene.com\/fr\/wp-json\/wp\/v2\/product_cat?post=54373"},{"taxonomy":"product_tag","embeddable":true,"href":"https:\/\/emene.com\/fr\/wp-json\/wp\/v2\/product_tag?post=54373"}],"curies":[{"name":"wp","href":"https:\/\/api.w.org\/{rel}","templated":true}]}}