{"id":54424,"date":"2024-05-21T04:54:02","date_gmt":"2024-05-21T02:54:02","guid":{"rendered":"https:\/\/emene.nueva.avantarea.com\/?post_type=product&#038;p=54424"},"modified":"2026-03-11T12:36:17","modified_gmt":"2026-03-11T11:36:17","slug":"pack-differer-xtone-lavabo-espejo-capsula-copia","status":"publish","type":"product","link":"https:\/\/emene.com\/fr\/producto\/pack-differer-xtone-lavabo-espejo-capsula-copia\/","title":{"rendered":"Pack DIFF\u00c9RER Xtone + lavabo + miroir capsule"},"content":{"rendered":"<p>Meuble vasque suspendu compos\u00e9 d&rsquo;une vasque int\u00e9gr\u00e9e et d&rsquo;un miroir. Ce meuble comprend un module \u00e0 deux tiroirs et une porte rev\u00eatue du mat\u00e9riau Xtone de Porcelanosa, un compact min\u00e9ral fritt\u00e9 issu de mati\u00e8res premi\u00e8res d&rsquo;une grande puret\u00e9, offrant une surface haute performance.   Cintres avec syst\u00e8me antichute. Tiroir minimaliste en m\u00e9tal \u00e0 double paroi avec fines nervures et lignes droites, m\u00e9canisme de fermeture en douceur, capacit\u00e9 de charge de 25 kg, accessibilit\u00e9 totale et espace arri\u00e8re disponible. Charni\u00e8res nickel\u00e9es \u00e9quip\u00e9es d&rsquo;un piston amortisseur pour une fermeture de porte en douceur. Comprend un \u00e9vier de comptoir. Comprend un miroir design capsule. Les meubles sont livr\u00e9s assembl\u00e9s, pr\u00eats \u00e0 \u00eatre accroch\u00e9s au mur. Un kit de montage du meuble est inclus. Robinet et siphon non inclus. Fabriqu\u00e9 en Espagne.<\/p>\n","protected":false},"excerpt":{"rendered":"<p>Meuble vasque suspendu compos\u00e9 d&rsquo;une vasque int\u00e9gr\u00e9e et d&rsquo;un miroir. Ce meuble comprend un module \u00e0 deux tiroirs et une porte rev\u00eatue du mat\u00e9riau Xtone de Porcelanosa, un compact min\u00e9ral&#8230;<\/p>\n","protected":false},"featured_media":6225,"comment_status":"closed","ping_status":"closed","template":"","meta":[],"product_brand":[495],"product_cat":[390],"product_tag":[],"class_list":{"0":"post-54424","1":"product","2":"type-product","3":"status-publish","4":"has-post-thumbnail","6":"product_brand-differer","7":"product_cat-meubles-de-salle-de-bain","8":"pa_color-calacatta-gold-bardolino","9":"pa_color-calacatta-gold-blanco-mate","10":"pa_color-liem-noir-chene-jais-fr","11":"pa_color-orobico-dark-azabache","12":"pa_color-paonazzo-biondo-nogal","13":"pa_medidas-545","14":"pa_medidas-233","15":"pa_medidas-234","16":"pa_medidas-235","18":"first","19":"instock","20":"purchasable","21":"product-type-variable"},"_links":{"self":[{"href":"https:\/\/emene.com\/fr\/wp-json\/wp\/v2\/product\/54424","targetHints":{"allow":["GET"]}}],"collection":[{"href":"https:\/\/emene.com\/fr\/wp-json\/wp\/v2\/product"}],"about":[{"href":"https:\/\/emene.com\/fr\/wp-json\/wp\/v2\/types\/product"}],"replies":[{"embeddable":true,"href":"https:\/\/emene.com\/fr\/wp-json\/wp\/v2\/comments?post=54424"}],"wp:featuredmedia":[{"embeddable":true,"href":"https:\/\/emene.com\/fr\/wp-json\/wp\/v2\/media\/6225"}],"wp:attachment":[{"href":"https:\/\/emene.com\/fr\/wp-json\/wp\/v2\/media?parent=54424"}],"wp:term":[{"taxonomy":"product_brand","embeddable":true,"href":"https:\/\/emene.com\/fr\/wp-json\/wp\/v2\/product_brand?post=54424"},{"taxonomy":"product_cat","embeddable":true,"href":"https:\/\/emene.com\/fr\/wp-json\/wp\/v2\/product_cat?post=54424"},{"taxonomy":"product_tag","embeddable":true,"href":"https:\/\/emene.com\/fr\/wp-json\/wp\/v2\/product_tag?post=54424"}],"curies":[{"name":"wp","href":"https:\/\/api.w.org\/{rel}","templated":true}]}}