{"id":54441,"date":"2024-05-21T04:53:07","date_gmt":"2024-05-21T02:53:07","guid":{"rendered":"https:\/\/emene.nueva.avantarea.com\/?post_type=product&#038;p=54441"},"modified":"2026-03-11T16:38:24","modified_gmt":"2026-03-11T15:38:24","slug":"pack-uve-xtone-lavabo-espejo-capsula-copia","status":"publish","type":"product","link":"https:\/\/emene.com\/fr\/producto\/pack-uve-xtone-lavabo-espejo-capsula-copia\/","title":{"rendered":"Pack UVE Xtone + lavabo + miroir capsule"},"content":{"rendered":"<p>Cet ensemble comprend un meuble-lavabo suspendu, un lavabo et un miroir de style capsule. Le meuble-lavabo est dot\u00e9 d&rsquo;une poign\u00e9e en porcelaine Xtone. Ses portes sont en panneaux de particules de 19 mm avec rev\u00eatement m\u00e9lamin\u00e9 et pr\u00e9sentent des caract\u00e9ristiques de surface optimales. Ce meuble est \u00e9cologique et recyclable. La poign\u00e9e est orn\u00e9e de Xtone de Porcelanosa, un compact min\u00e9ral fritt\u00e9 issu de mati\u00e8res premi\u00e8res de la plus haute qualit\u00e9, offrant une surface performante.    Charni\u00e8res \u00e9quip\u00e9es d&rsquo;un piston amortisseur pour une fermeture en douceur de la porte et un ajustement tridimensionnel. Supports muraux \u00e0 r\u00e9glage sur 3 axes et capacit\u00e9 de charge de 65 kg par support selon la norme DIN-68840 certifi\u00e9e par LGA. Chants en PVC de 1 mm. Cintres avec syst\u00e8me antichute. Comprend un lavabo en c\u00e9ramique. Comprend un miroir design capsule. Les meubles sont livr\u00e9s assembl\u00e9s, pr\u00eats \u00e0 \u00eatre accroch\u00e9s au mur. Un kit de montage du meuble est inclus. Robinet et siphon non inclus. Fabriqu\u00e9 en Espagne.<\/p>\n","protected":false},"excerpt":{"rendered":"<p>Cet ensemble comprend un meuble-lavabo suspendu, un lavabo et un miroir de style capsule. Le meuble-lavabo est dot\u00e9 d&rsquo;une poign\u00e9e en porcelaine Xtone. Ses portes sont en panneaux de particules&#8230;<\/p>\n","protected":false},"featured_media":6188,"comment_status":"closed","ping_status":"closed","template":"","meta":[],"product_brand":[494],"product_cat":[390],"product_tag":[],"class_list":{"0":"post-54441","1":"product","2":"type-product","3":"status-publish","4":"has-post-thumbnail","6":"product_brand-uve","7":"product_cat-meubles-de-salle-de-bain","8":"pa_color-jotts-noir-mat","9":"pa_color-blanco","10":"pa_color-calacatta-gold-blanc-mat-2","11":"pa_color-calacatta-gold-chene-chene","12":"pa_color-calacatta-gold-bardolino","13":"pa_color-calacatta-gold-blanco-mate","14":"pa_color-calcatta-blanc-mat-2","15":"pa_color-liem-noir-chene-jais-fr","16":"pa_color-azabache","17":"pa_color-orobico-dark-azabache","18":"pa_color-paonazzo-biondo-nogal","19":"pa_medidas-545","20":"pa_medidas-234","21":"pa_medidas-235","23":"first","24":"instock","25":"purchasable","26":"product-type-variable"},"_links":{"self":[{"href":"https:\/\/emene.com\/fr\/wp-json\/wp\/v2\/product\/54441","targetHints":{"allow":["GET"]}}],"collection":[{"href":"https:\/\/emene.com\/fr\/wp-json\/wp\/v2\/product"}],"about":[{"href":"https:\/\/emene.com\/fr\/wp-json\/wp\/v2\/types\/product"}],"replies":[{"embeddable":true,"href":"https:\/\/emene.com\/fr\/wp-json\/wp\/v2\/comments?post=54441"}],"wp:featuredmedia":[{"embeddable":true,"href":"https:\/\/emene.com\/fr\/wp-json\/wp\/v2\/media\/6188"}],"wp:attachment":[{"href":"https:\/\/emene.com\/fr\/wp-json\/wp\/v2\/media?parent=54441"}],"wp:term":[{"taxonomy":"product_brand","embeddable":true,"href":"https:\/\/emene.com\/fr\/wp-json\/wp\/v2\/product_brand?post=54441"},{"taxonomy":"product_cat","embeddable":true,"href":"https:\/\/emene.com\/fr\/wp-json\/wp\/v2\/product_cat?post=54441"},{"taxonomy":"product_tag","embeddable":true,"href":"https:\/\/emene.com\/fr\/wp-json\/wp\/v2\/product_tag?post=54441"}],"curies":[{"name":"wp","href":"https:\/\/api.w.org\/{rel}","templated":true}]}}