{"id":54454,"date":"2024-02-29T13:38:43","date_gmt":"2024-02-29T12:38:43","guid":{"rendered":"https:\/\/emene.nueva.avantarea.com\/?post_type=product&#038;p=54454"},"modified":"2026-03-11T13:14:38","modified_gmt":"2026-03-11T12:14:38","slug":"pack-entaille-xtone-lavabo-espejo-circular-copia","status":"publish","type":"product","link":"https:\/\/emene.com\/fr\/producto\/pack-entaille-xtone-lavabo-espejo-circular-copia\/","title":{"rendered":"Pack ENTAILLE Xtone + lavabo + miroir circulaire"},"content":{"rendered":"<p>Ensemble comprenant des meubles de salle de bains, un lavabo et un miroir au design capsule. Meuble-lavabo suspendu compos\u00e9 d&rsquo;un tiroir et d&rsquo;une porte d\u00e9cor\u00e9s en mat\u00e9riau Xtone de Porcelanosa, un compact min\u00e9ral fritt\u00e9 fabriqu\u00e9 \u00e0 partir des mati\u00e8res premi\u00e8res les plus pures, offrant une surface haute performance. Fabriqu\u00e9 \u00e0 partir de panneaux de particules de 19 mm avec rev\u00eatement en m\u00e9lamine et caract\u00e9ristiques de surface optimales, \u00e9cologique et recyclable. Cintres avec syst\u00e8me antichute. Tiroir minimaliste en m\u00e9tal \u00e0 double paroi avec fines nervures et lignes droites, m\u00e9canisme de fermeture en douceur, capacit\u00e9 de charge de 25 kg, accessibilit\u00e9 totale et espace arri\u00e8re disponible. Charni\u00e8res nickel\u00e9es \u00e9quip\u00e9es d&rsquo;un piston amortisseur pour une fermeture de porte en douceur. Comprend un \u00e9vier de comptoir. Comprend un miroir design capsule. Les meubles sont livr\u00e9s assembl\u00e9s, pr\u00eats \u00e0 \u00eatre accroch\u00e9s au mur. Un kit de montage du meuble est inclus. Robinet et siphon non inclus. Fabriqu\u00e9 en Espagne.<\/p>\n","protected":false},"excerpt":{"rendered":"<p>Ensemble comprenant des meubles de salle de bains, un lavabo et un miroir au design capsule. Meuble-lavabo suspendu compos\u00e9 d&rsquo;un tiroir et d&rsquo;une porte d\u00e9cor\u00e9s en mat\u00e9riau Xtone de Porcelanosa,&#8230;<\/p>\n","protected":false},"featured_media":6126,"comment_status":"closed","ping_status":"closed","template":"","meta":[],"product_brand":[493],"product_cat":[390],"product_tag":[],"class_list":{"0":"post-54454","1":"product","2":"type-product","3":"status-publish","4":"has-post-thumbnail","6":"product_brand-entaille","7":"product_cat-meubles-de-salle-de-bain","8":"pa_color-calacatta-gold-bardolino","9":"pa_color-liem-noir-chene-jais-fr","10":"pa_color-orobico-dark-azabache","11":"pa_color-paonazzo-biondo-nogal","12":"pa_medidas-545","13":"pa_medidas-233","14":"pa_medidas-234","15":"pa_medidas-235","17":"first","18":"instock","19":"purchasable","20":"product-type-variable"},"_links":{"self":[{"href":"https:\/\/emene.com\/fr\/wp-json\/wp\/v2\/product\/54454","targetHints":{"allow":["GET"]}}],"collection":[{"href":"https:\/\/emene.com\/fr\/wp-json\/wp\/v2\/product"}],"about":[{"href":"https:\/\/emene.com\/fr\/wp-json\/wp\/v2\/types\/product"}],"replies":[{"embeddable":true,"href":"https:\/\/emene.com\/fr\/wp-json\/wp\/v2\/comments?post=54454"}],"wp:featuredmedia":[{"embeddable":true,"href":"https:\/\/emene.com\/fr\/wp-json\/wp\/v2\/media\/6126"}],"wp:attachment":[{"href":"https:\/\/emene.com\/fr\/wp-json\/wp\/v2\/media?parent=54454"}],"wp:term":[{"taxonomy":"product_brand","embeddable":true,"href":"https:\/\/emene.com\/fr\/wp-json\/wp\/v2\/product_brand?post=54454"},{"taxonomy":"product_cat","embeddable":true,"href":"https:\/\/emene.com\/fr\/wp-json\/wp\/v2\/product_cat?post=54454"},{"taxonomy":"product_tag","embeddable":true,"href":"https:\/\/emene.com\/fr\/wp-json\/wp\/v2\/product_tag?post=54454"}],"curies":[{"name":"wp","href":"https:\/\/api.w.org\/{rel}","templated":true}]}}