{"id":54467,"date":"2024-02-29T13:38:13","date_gmt":"2024-02-29T12:38:13","guid":{"rendered":"https:\/\/emene.nueva.avantarea.com\/?post_type=product&#038;p=54467"},"modified":"2026-03-11T13:52:26","modified_gmt":"2026-03-11T12:52:26","slug":"pack-lignes-lavabo-espejo-circular-copia","status":"publish","type":"product","link":"https:\/\/emene.com\/fr\/producto\/pack-lignes-lavabo-espejo-circular-copia\/","title":{"rendered":"Pack LIGNES + lavabo + miroir circulaire"},"content":{"rendered":"<p>Ensemble comprenant des meubles de salle de bains, un lavabo et un miroir rond. Meuble-lavabo suspendu compos\u00e9 de tiroirs \u00e0 ouverture par levier. Fabriqu\u00e9 \u00e0 partir de panneaux de particules de 19 mm avec rev\u00eatement en m\u00e9lamine et caract\u00e9ristiques de surface optimales, \u00e9cologique et recyclable. Cintres avec syst\u00e8me antichute. Tiroir minimaliste en m\u00e9tal \u00e0 double paroi avec fines nervures et lignes droites, m\u00e9canisme de fermeture en douceur, capacit\u00e9 de charge de 25 kg, accessibilit\u00e9 totale et espace arri\u00e8re disponible. Comprend un \u00e9vier de comptoir. Comprend un miroir de forme circulaire. Les meubles sont livr\u00e9s assembl\u00e9s, pr\u00eats \u00e0 \u00eatre accroch\u00e9s au mur. Un kit de montage du meuble est inclus. Robinet et siphon non inclus. Fabriqu\u00e9 en Espagne.<\/p>\n","protected":false},"excerpt":{"rendered":"<p>Ensemble comprenant des meubles de salle de bains, un lavabo et un miroir rond. Meuble-lavabo suspendu compos\u00e9 de tiroirs \u00e0 ouverture par levier. Fabriqu\u00e9 \u00e0 partir de panneaux de particules&#8230;<\/p>\n","protected":false},"featured_media":6113,"comment_status":"closed","ping_status":"closed","template":"","meta":[],"product_brand":[492],"product_cat":[390],"product_tag":[],"class_list":{"0":"post-54467","1":"product","2":"type-product","3":"status-publish","4":"has-post-thumbnail","6":"product_brand-lignes","7":"product_cat-meubles-de-salle-de-bain","8":"pa_color-bardolino-alcatraz","9":"pa_medidas-545","10":"pa_medidas-233","11":"pa_medidas-234","12":"pa_medidas-235","14":"first","15":"instock","16":"purchasable","17":"product-type-variable"},"_links":{"self":[{"href":"https:\/\/emene.com\/fr\/wp-json\/wp\/v2\/product\/54467","targetHints":{"allow":["GET"]}}],"collection":[{"href":"https:\/\/emene.com\/fr\/wp-json\/wp\/v2\/product"}],"about":[{"href":"https:\/\/emene.com\/fr\/wp-json\/wp\/v2\/types\/product"}],"replies":[{"embeddable":true,"href":"https:\/\/emene.com\/fr\/wp-json\/wp\/v2\/comments?post=54467"}],"wp:featuredmedia":[{"embeddable":true,"href":"https:\/\/emene.com\/fr\/wp-json\/wp\/v2\/media\/6113"}],"wp:attachment":[{"href":"https:\/\/emene.com\/fr\/wp-json\/wp\/v2\/media?parent=54467"}],"wp:term":[{"taxonomy":"product_brand","embeddable":true,"href":"https:\/\/emene.com\/fr\/wp-json\/wp\/v2\/product_brand?post=54467"},{"taxonomy":"product_cat","embeddable":true,"href":"https:\/\/emene.com\/fr\/wp-json\/wp\/v2\/product_cat?post=54467"},{"taxonomy":"product_tag","embeddable":true,"href":"https:\/\/emene.com\/fr\/wp-json\/wp\/v2\/product_tag?post=54467"}],"curies":[{"name":"wp","href":"https:\/\/api.w.org\/{rel}","templated":true}]}}