{"id":54472,"date":"2024-02-29T13:37:40","date_gmt":"2024-02-29T12:37:40","guid":{"rendered":"https:\/\/emene.nueva.avantarea.com\/?post_type=product&#038;p=54472"},"modified":"2026-03-11T14:54:20","modified_gmt":"2026-03-11T13:54:20","slug":"pack-lune-xtone-lavabo-espejo-capsula-copia","status":"publish","type":"product","link":"https:\/\/emene.com\/fr\/producto\/pack-lune-xtone-lavabo-espejo-capsula-copia\/","title":{"rendered":"Pack LUNE Xtone + lavabo + miroir capsule"},"content":{"rendered":"<p>Cet ensemble comprend un meuble-lavabo suspendu, un lavabo et un miroir de style capsule. Le meuble-lavabo est dot\u00e9 d&rsquo;une poign\u00e9e circulaire en porcelaine Xtone. Fabriqu\u00e9 en panneaux de particules de 19 mm avec rev\u00eatement m\u00e9lamin\u00e9, il offre des propri\u00e9t\u00e9s de surface optimales. \u00c9cologique et recyclable, il est con\u00e7u pour durer.   Fa\u00e7ade du meuble d\u00e9cor\u00e9e avec le mat\u00e9riau Xtone de Porcelanosa, un compact min\u00e9ral fritt\u00e9 issu de la s\u00e9lection des mati\u00e8res premi\u00e8res de la plus haute puret\u00e9, permettant d&rsquo;obtenir une surface aux performances \u00e9lev\u00e9es. Charni\u00e8res \u00e9quip\u00e9es d&rsquo;un piston amortisseur pour une fermeture en douceur de la porte et un ajustement tridimensionnel. Supports muraux \u00e0 r\u00e9glage sur 3 axes et capacit\u00e9 de charge de 65 kg par support selon la norme DIN-68840 certifi\u00e9e par LGA. Chants en PVC de 1 mm. Cintres avec syst\u00e8me antichute. Comprend un lavabo en c\u00e9ramique. Comprend un miroir design capsule. Les meubles sont livr\u00e9s assembl\u00e9s, pr\u00eats \u00e0 \u00eatre accroch\u00e9s au mur. Un kit de montage du meuble est inclus. Robinet et siphon non inclus. Fabriqu\u00e9 en Espagne.<\/p>\n","protected":false},"excerpt":{"rendered":"<p>Cet ensemble comprend un meuble-lavabo suspendu, un lavabo et un miroir de style capsule. Le meuble-lavabo est dot\u00e9 d&rsquo;une poign\u00e9e circulaire en porcelaine Xtone. Fabriqu\u00e9 en panneaux de particules de&#8230;<\/p>\n","protected":false},"featured_media":6094,"comment_status":"closed","ping_status":"closed","template":"","meta":[],"product_brand":[491],"product_cat":[390],"product_tag":[],"class_list":{"0":"post-54472","1":"product","2":"type-product","3":"status-publish","4":"has-post-thumbnail","6":"product_brand-lune","7":"product_cat-meubles-de-salle-de-bain","8":"pa_color-calacatta-gold-bardolino","9":"pa_color-liem-noir-chene-jais-fr","10":"pa_color-orobico-dark-azabache","11":"pa_color-paonazzo-biondo-nogal","12":"pa_medidas-545","13":"pa_medidas-235","15":"first","16":"instock","17":"purchasable","18":"product-type-variable"},"_links":{"self":[{"href":"https:\/\/emene.com\/fr\/wp-json\/wp\/v2\/product\/54472","targetHints":{"allow":["GET"]}}],"collection":[{"href":"https:\/\/emene.com\/fr\/wp-json\/wp\/v2\/product"}],"about":[{"href":"https:\/\/emene.com\/fr\/wp-json\/wp\/v2\/types\/product"}],"replies":[{"embeddable":true,"href":"https:\/\/emene.com\/fr\/wp-json\/wp\/v2\/comments?post=54472"}],"wp:featuredmedia":[{"embeddable":true,"href":"https:\/\/emene.com\/fr\/wp-json\/wp\/v2\/media\/6094"}],"wp:attachment":[{"href":"https:\/\/emene.com\/fr\/wp-json\/wp\/v2\/media?parent=54472"}],"wp:term":[{"taxonomy":"product_brand","embeddable":true,"href":"https:\/\/emene.com\/fr\/wp-json\/wp\/v2\/product_brand?post=54472"},{"taxonomy":"product_cat","embeddable":true,"href":"https:\/\/emene.com\/fr\/wp-json\/wp\/v2\/product_cat?post=54472"},{"taxonomy":"product_tag","embeddable":true,"href":"https:\/\/emene.com\/fr\/wp-json\/wp\/v2\/product_tag?post=54472"}],"curies":[{"name":"wp","href":"https:\/\/api.w.org\/{rel}","templated":true}]}}