{"id":54530,"date":"2024-02-06T10:09:25","date_gmt":"2024-02-06T09:09:25","guid":{"rendered":"https:\/\/emene.nueva.avantarea.com\/?post_type=product&#038;p=54530"},"modified":"2026-02-24T15:44:26","modified_gmt":"2026-02-24T14:44:26","slug":"espejo-paula-negro-600-x-850-copia","status":"publish","type":"product","link":"https:\/\/emene.com\/fr\/producto\/espejo-paula-negro-600-x-850-copia\/","title":{"rendered":"Miroir PAULA Noir 600 x 850"},"content":{"rendered":"<p>Miroir de salle de bain aux lignes \u00e9pur\u00e9es, au design \u00e9l\u00e9gant qui s&rsquo;int\u00e8gre parfaitement dans n&rsquo;importe quel espace. Traitement anticorrosion qui pr\u00e9vient l&rsquo;oxydation du miroir. Position verticale ou horizontale. Lumi\u00e8re blanche 5700K. Puissance 20W, 820 lumens. Protection IP44. Faible impact environnemental.<\/p>\n","protected":false},"excerpt":{"rendered":"<p>Miroir de salle de bain aux lignes \u00e9pur\u00e9es, au design \u00e9l\u00e9gant qui s&rsquo;int\u00e8gre parfaitement dans n&rsquo;importe quel espace. Traitement anticorrosion qui pr\u00e9vient l&rsquo;oxydation du miroir. Position verticale ou horizontale. Lumi\u00e8re&#8230;<\/p>\n","protected":false},"featured_media":0,"comment_status":"closed","ping_status":"open","template":"","meta":[],"product_brand":[451],"product_cat":[390,26],"product_tag":[],"class_list":{"0":"post-54530","1":"product","2":"type-product","3":"status-publish","5":"product_brand-espejos","6":"product_cat-meubles-de-salle-de-bain","7":"product_cat-muebles-de-bano","9":"first","10":"instock","11":"purchasable","12":"product-type-simple"},"_links":{"self":[{"href":"https:\/\/emene.com\/fr\/wp-json\/wp\/v2\/product\/54530","targetHints":{"allow":["GET"]}}],"collection":[{"href":"https:\/\/emene.com\/fr\/wp-json\/wp\/v2\/product"}],"about":[{"href":"https:\/\/emene.com\/fr\/wp-json\/wp\/v2\/types\/product"}],"replies":[{"embeddable":true,"href":"https:\/\/emene.com\/fr\/wp-json\/wp\/v2\/comments?post=54530"}],"wp:attachment":[{"href":"https:\/\/emene.com\/fr\/wp-json\/wp\/v2\/media?parent=54530"}],"wp:term":[{"taxonomy":"product_brand","embeddable":true,"href":"https:\/\/emene.com\/fr\/wp-json\/wp\/v2\/product_brand?post=54530"},{"taxonomy":"product_cat","embeddable":true,"href":"https:\/\/emene.com\/fr\/wp-json\/wp\/v2\/product_cat?post=54530"},{"taxonomy":"product_tag","embeddable":true,"href":"https:\/\/emene.com\/fr\/wp-json\/wp\/v2\/product_tag?post=54530"}],"curies":[{"name":"wp","href":"https:\/\/api.w.org\/{rel}","templated":true}]}}