{"id":54531,"date":"2024-02-06T10:09:16","date_gmt":"2024-02-06T09:09:16","guid":{"rendered":"https:\/\/emene.nueva.avantarea.com\/?post_type=product&#038;p=54531"},"modified":"2026-02-24T15:44:26","modified_gmt":"2026-02-24T14:44:26","slug":"espejo-mayte-negro-650-x-1000-copia","status":"publish","type":"product","link":"https:\/\/emene.com\/fr\/producto\/espejo-mayte-negro-650-x-1000-copia\/","title":{"rendered":"Miroir MAYTE Noir 650 x 1000"},"content":{"rendered":"<p>Miroir de salle de bain au design d\u00e9coratif avec \u00e9clairage int\u00e9gr\u00e9. Lumi\u00e8re d&rsquo;ambiance et bord d\u00e9coratif, id\u00e9al pour s&rsquo;harmoniser avec les \u00e9l\u00e9ments de la salle de bain. Position verticale ou horizontale. Lumi\u00e8re naturelle 4000K. Puissance 20W, 403l\u00famenes. Protection IP44. Faible impact environnemental.<\/p>\n","protected":false},"excerpt":{"rendered":"<p>Miroir de salle de bain au design d\u00e9coratif avec \u00e9clairage int\u00e9gr\u00e9. Lumi\u00e8re d&rsquo;ambiance et bord d\u00e9coratif, id\u00e9al pour s&rsquo;harmoniser avec les \u00e9l\u00e9ments de la salle de bain. Position verticale ou&#8230;<\/p>\n","protected":false},"featured_media":0,"comment_status":"closed","ping_status":"open","template":"","meta":[],"product_brand":[451],"product_cat":[390,26],"product_tag":[],"class_list":{"0":"post-54531","1":"product","2":"type-product","3":"status-publish","5":"product_brand-espejos","6":"product_cat-meubles-de-salle-de-bain","7":"product_cat-muebles-de-bano","9":"first","10":"instock","11":"purchasable","12":"product-type-simple"},"_links":{"self":[{"href":"https:\/\/emene.com\/fr\/wp-json\/wp\/v2\/product\/54531","targetHints":{"allow":["GET"]}}],"collection":[{"href":"https:\/\/emene.com\/fr\/wp-json\/wp\/v2\/product"}],"about":[{"href":"https:\/\/emene.com\/fr\/wp-json\/wp\/v2\/types\/product"}],"replies":[{"embeddable":true,"href":"https:\/\/emene.com\/fr\/wp-json\/wp\/v2\/comments?post=54531"}],"wp:attachment":[{"href":"https:\/\/emene.com\/fr\/wp-json\/wp\/v2\/media?parent=54531"}],"wp:term":[{"taxonomy":"product_brand","embeddable":true,"href":"https:\/\/emene.com\/fr\/wp-json\/wp\/v2\/product_brand?post=54531"},{"taxonomy":"product_cat","embeddable":true,"href":"https:\/\/emene.com\/fr\/wp-json\/wp\/v2\/product_cat?post=54531"},{"taxonomy":"product_tag","embeddable":true,"href":"https:\/\/emene.com\/fr\/wp-json\/wp\/v2\/product_tag?post=54531"}],"curies":[{"name":"wp","href":"https:\/\/api.w.org\/{rel}","templated":true}]}}