{"id":54532,"date":"2024-02-06T09:57:52","date_gmt":"2024-02-06T08:57:52","guid":{"rendered":"https:\/\/emene.nueva.avantarea.com\/?post_type=product&#038;p=54532"},"modified":"2026-02-24T15:44:27","modified_gmt":"2026-02-24T14:44:27","slug":"pack-elements-xtone-lavabo-espejo-led-copia-2","status":"publish","type":"product","link":"https:\/\/emene.com\/fr\/producto\/pack-elements-xtone-lavabo-espejo-led-copia-2\/","title":{"rendered":"Pack \u00c9L\u00c9MENTS Xtone + lavabo + miroir LED"},"content":{"rendered":"<p>Pack de salle de bain compos\u00e9 d&rsquo;un lavabo suspendu en mat\u00e9riau Xtone de Porcelanosa, d&rsquo;un meuble et d&rsquo;un miroir avec \u00e9clairage LED. Lavabo suspendu fabriqu\u00e9 en mat\u00e9riau Xtone de Porcelanosa, un min\u00e9ral compact fritt\u00e9 issu de la s\u00e9lection des mati\u00e8res premi\u00e8res les plus pures, permettant d&rsquo;obtenir une surface aux performances \u00e9lev\u00e9es. Meuble sous-lavabo suspendu avec un tiroir et un espace d\u00e9coratif inf\u00e9rieur avec \u00e9clairage LED. Meuble fabriqu\u00e9 en panneau de particules de 19 mm avec rev\u00eatement m\u00e9lamin\u00e9 et des caract\u00e9ristiques de surface optimales, \u00e9cologique et recyclable. Accroches avec syst\u00e8me anti-d\u00e9crochage. Tiroir m\u00e9tallique \u00e0 double paroi \u00e0 l&rsquo;esth\u00e9tique minimaliste, aux parois fines et aux lignes droites, fermeture amortie, capacit\u00e9 de charge de 25 kg, accessibilit\u00e9 totale et espace arri\u00e8re disponible. Comprend un miroir avec \u00e9clairage LED, IP65, 10,8 W, 1170lm et temp\u00e9rature de lumi\u00e8re 6000K. Le meuble est livr\u00e9 mont\u00e9, pr\u00eat \u00e0 \u00eatre fix\u00e9 au mur. Kit de fixation du meuble inclus. Robinet et siphon non inclus. Fabriqu\u00e9 en Espagne.<\/p>\n","protected":false},"excerpt":{"rendered":"<p>Pack de salle de bain compos\u00e9 d&rsquo;un lavabo suspendu en mat\u00e9riau Xtone de Porcelanosa, d&rsquo;un meuble et d&rsquo;un miroir avec \u00e9clairage LED. Lavabo suspendu fabriqu\u00e9 en mat\u00e9riau Xtone de Porcelanosa,&#8230;<\/p>\n","protected":false},"featured_media":5015,"comment_status":"closed","ping_status":"closed","template":"","meta":[],"product_brand":[482],"product_cat":[390],"product_tag":[],"class_list":{"0":"post-54532","1":"product","2":"type-product","3":"status-publish","4":"has-post-thumbnail","6":"product_brand-elements","7":"product_cat-meubles-de-salle-de-bain","8":"pa_color-alcatraz-noir-mat","9":"pa_color-bardolino-2","10":"pa_color-blanc-kubric","11":"pa_color-calacatta-alcatraz","12":"pa_color-gris-cubanite","13":"pa_color-jotts-noir-mat","14":"pa_color-liem-black-blanc-mat","15":"pa_color-orobico-dark-blanc-mat","16":"pa_color-paonazzo-biondo-alcatraz","17":"pa_color-viola-rosse-chene-noir-de-jais","18":"pa_color-bardolino-blanc-mat-2","19":"pa_color-blanc-mat-argile-verte-2","20":"pa_color-bleu-marine","21":"pa_color-calacatta-blanco-mate","22":"pa_color-calacatta-roble-bardolino","23":"pa_color-calacatta-roble-roble-bardolino","24":"pa_color-jotts-noir-mat-2","25":"pa_color-kubric-noir-mat-2","26":"pa_color-liem-noir-blanc-mat","27":"pa_color-liem-noir-chene-azabache","28":"pa_color-liem-noir-chene-jais-fr","29":"pa_color-marron-2","30":"pa_color-liem-black-azabache","31":"pa_color-orobico-dark-blanco-mate","32":"pa_color-orobico-dark-roble-azabache","33":"pa_color-paonazzo-biondo-blanco-mate","34":"pa_color-paonazzo-biondo-nogal","35":"pa_medidas-563","36":"pa_medidas-548","37":"pa_tamano-552","38":"pa_tamano-553","40":"first","41":"instock","42":"purchasable","43":"product-type-variable"},"_links":{"self":[{"href":"https:\/\/emene.com\/fr\/wp-json\/wp\/v2\/product\/54532","targetHints":{"allow":["GET"]}}],"collection":[{"href":"https:\/\/emene.com\/fr\/wp-json\/wp\/v2\/product"}],"about":[{"href":"https:\/\/emene.com\/fr\/wp-json\/wp\/v2\/types\/product"}],"replies":[{"embeddable":true,"href":"https:\/\/emene.com\/fr\/wp-json\/wp\/v2\/comments?post=54532"}],"wp:featuredmedia":[{"embeddable":true,"href":"https:\/\/emene.com\/fr\/wp-json\/wp\/v2\/media\/5015"}],"wp:attachment":[{"href":"https:\/\/emene.com\/fr\/wp-json\/wp\/v2\/media?parent=54532"}],"wp:term":[{"taxonomy":"product_brand","embeddable":true,"href":"https:\/\/emene.com\/fr\/wp-json\/wp\/v2\/product_brand?post=54532"},{"taxonomy":"product_cat","embeddable":true,"href":"https:\/\/emene.com\/fr\/wp-json\/wp\/v2\/product_cat?post=54532"},{"taxonomy":"product_tag","embeddable":true,"href":"https:\/\/emene.com\/fr\/wp-json\/wp\/v2\/product_tag?post=54532"}],"curies":[{"name":"wp","href":"https:\/\/api.w.org\/{rel}","templated":true}]}}