{"id":54567,"date":"2024-01-11T13:04:25","date_gmt":"2024-01-11T12:04:25","guid":{"rendered":"https:\/\/emene.nueva.avantarea.com\/?post_type=product&#038;p=54567"},"modified":"2026-03-11T15:39:09","modified_gmt":"2026-03-11T14:39:09","slug":"pack-onde-lavabo-espejo-capsula-copia","status":"publish","type":"product","link":"https:\/\/emene.com\/fr\/producto\/pack-onde-lavabo-espejo-capsula-copia\/","title":{"rendered":"Pack ONDE + lavabo + miroir capsule"},"content":{"rendered":"<p>Ensemble comprenant des meubles de salle de bains, un lavabo et un miroir au design capsule. Conception de meubles avec des d\u00e9tails d\u00e9coratifs de pi\u00e8ces courbes. Mueble suspendido para lavabo formado por puerta y espacio decorativo fabricado en tablero de part\u00edculas de 19 mm con recubrimiento melam\u00ednico y caracter\u00edsticas de superficie \u00f3ptimas, ecol\u00f3gico y reciclable. Charni\u00e8res \u00e9quip\u00e9es d&rsquo;un piston amortisseur pour une fermeture en douceur de la porte et un ajustement tridimensionnel. Supports muraux \u00e0 r\u00e9glage sur 3 axes et capacit\u00e9 de charge de 65 kg par support selon la norme DIN-68840 certifi\u00e9e par LGA. Chants en PVC de 1 mm. Cintres avec syst\u00e8me antichute. Comprend un lavabo en c\u00e9ramique. Comprend un miroir design capsule. Les meubles sont livr\u00e9s assembl\u00e9s, pr\u00eats \u00e0 \u00eatre accroch\u00e9s au mur. Un kit de montage du meuble est inclus. Robinet et siphon non inclus. Fabriqu\u00e9 en Espagne.<\/p>\n","protected":false},"excerpt":{"rendered":"<p>Ensemble comprenant des meubles de salle de bains, un lavabo et un miroir au design capsule. Conception de meubles avec des d\u00e9tails d\u00e9coratifs de pi\u00e8ces courbes. Mueble suspendido para lavabo&#8230;<\/p>\n","protected":false},"featured_media":5966,"comment_status":"closed","ping_status":"closed","template":"","meta":[],"product_brand":[490],"product_cat":[390],"product_tag":[],"class_list":{"0":"post-54567","1":"product","2":"type-product","3":"status-publish","4":"has-post-thumbnail","6":"product_brand-onde","7":"product_cat-meubles-de-salle-de-bain","8":"pa_color-bardolino-2","9":"pa_color-gris-cubanite","10":"pa_color-ombre-kubric-2","11":"pa_medidas-545","12":"pa_medidas-234","13":"pa_medidas-235","15":"first","16":"instock","17":"purchasable","18":"product-type-variable"},"_links":{"self":[{"href":"https:\/\/emene.com\/fr\/wp-json\/wp\/v2\/product\/54567","targetHints":{"allow":["GET"]}}],"collection":[{"href":"https:\/\/emene.com\/fr\/wp-json\/wp\/v2\/product"}],"about":[{"href":"https:\/\/emene.com\/fr\/wp-json\/wp\/v2\/types\/product"}],"replies":[{"embeddable":true,"href":"https:\/\/emene.com\/fr\/wp-json\/wp\/v2\/comments?post=54567"}],"wp:featuredmedia":[{"embeddable":true,"href":"https:\/\/emene.com\/fr\/wp-json\/wp\/v2\/media\/5966"}],"wp:attachment":[{"href":"https:\/\/emene.com\/fr\/wp-json\/wp\/v2\/media?parent=54567"}],"wp:term":[{"taxonomy":"product_brand","embeddable":true,"href":"https:\/\/emene.com\/fr\/wp-json\/wp\/v2\/product_brand?post=54567"},{"taxonomy":"product_cat","embeddable":true,"href":"https:\/\/emene.com\/fr\/wp-json\/wp\/v2\/product_cat?post=54567"},{"taxonomy":"product_tag","embeddable":true,"href":"https:\/\/emene.com\/fr\/wp-json\/wp\/v2\/product_tag?post=54567"}],"curies":[{"name":"wp","href":"https:\/\/api.w.org\/{rel}","templated":true}]}}