{"id":54574,"date":"2024-01-11T13:03:07","date_gmt":"2024-01-11T12:03:07","guid":{"rendered":"https:\/\/emene.nueva.avantarea.com\/?post_type=product&#038;p=54574"},"modified":"2026-03-11T15:21:42","modified_gmt":"2026-03-11T14:21:42","slug":"pack-noblesse-lavabo-xtone-copia","status":"publish","type":"product","link":"https:\/\/emene.com\/fr\/producto\/pack-noblesse-lavabo-xtone-copia\/","title":{"rendered":"Pack NOBLESSE + lavabo Xtone"},"content":{"rendered":"<p>Ensemble de salle de bains comprenant un lavabo suspendu en mat\u00e9riau Xtone de Porcelanosa et un meuble. Vasque suspendue en Xtone de Porcelanosa, un min\u00e9ral compact fritt\u00e9 \u00e0 partir de la s\u00e9lection des mati\u00e8res premi\u00e8res les plus pures pour obtenir une surface tr\u00e8s performante. Meuble-lavabo mural avec tiroirs s&rsquo;ouvrant gr\u00e2ce \u00e0 une poign\u00e9e dor\u00e9e. Meubles en panneaux de particules de 19 mm avec rev\u00eatement en m\u00e9lamine et caract\u00e9ristiques de surface optimales, \u00e9cologiques et recyclables. Cintres avec syst\u00e8me antichute. Tiroir minimaliste en m\u00e9tal \u00e0 double paroi avec fines nervures et lignes droites, m\u00e9canisme de fermeture en douceur, capacit\u00e9 de charge de 25 kg, accessibilit\u00e9 totale et espace arri\u00e8re disponible. Les meubles sont livr\u00e9s assembl\u00e9s, pr\u00eats \u00e0 \u00eatre accroch\u00e9s au mur. Un kit de montage du meuble est inclus. Grifo, espejo y sif\u00f3n no incluidos. Fabriqu\u00e9 en Espagne.<\/p>\n","protected":false},"excerpt":{"rendered":"<p>Ensemble de salle de bains comprenant un lavabo suspendu en mat\u00e9riau Xtone de Porcelanosa et un meuble. Vasque suspendue en Xtone de Porcelanosa, un min\u00e9ral compact fritt\u00e9 \u00e0 partir de&#8230;<\/p>\n","protected":false},"featured_media":5930,"comment_status":"closed","ping_status":"closed","template":"","meta":[],"product_brand":[489],"product_cat":[390],"product_tag":[],"class_list":{"0":"post-54574","1":"product","2":"type-product","3":"status-publish","4":"has-post-thumbnail","6":"product_brand-noblesse","7":"product_cat-meubles-de-salle-de-bain","8":"pa_color-calacatta-gold-bardolino","9":"pa_color-liem-noir-chene-jais-fr","10":"pa_color-orobico-dark-azabache","11":"pa_color-paonazzo-biondo-nogal","12":"pa_medidas-545","13":"pa_medidas-234","14":"pa_medidas-235","16":"first","17":"instock","18":"purchasable","19":"product-type-variable"},"_links":{"self":[{"href":"https:\/\/emene.com\/fr\/wp-json\/wp\/v2\/product\/54574","targetHints":{"allow":["GET"]}}],"collection":[{"href":"https:\/\/emene.com\/fr\/wp-json\/wp\/v2\/product"}],"about":[{"href":"https:\/\/emene.com\/fr\/wp-json\/wp\/v2\/types\/product"}],"replies":[{"embeddable":true,"href":"https:\/\/emene.com\/fr\/wp-json\/wp\/v2\/comments?post=54574"}],"wp:featuredmedia":[{"embeddable":true,"href":"https:\/\/emene.com\/fr\/wp-json\/wp\/v2\/media\/5930"}],"wp:attachment":[{"href":"https:\/\/emene.com\/fr\/wp-json\/wp\/v2\/media?parent=54574"}],"wp:term":[{"taxonomy":"product_brand","embeddable":true,"href":"https:\/\/emene.com\/fr\/wp-json\/wp\/v2\/product_brand?post=54574"},{"taxonomy":"product_cat","embeddable":true,"href":"https:\/\/emene.com\/fr\/wp-json\/wp\/v2\/product_cat?post=54574"},{"taxonomy":"product_tag","embeddable":true,"href":"https:\/\/emene.com\/fr\/wp-json\/wp\/v2\/product_tag?post=54574"}],"curies":[{"name":"wp","href":"https:\/\/api.w.org\/{rel}","templated":true}]}}