{"id":54597,"date":"2024-01-11T13:00:12","date_gmt":"2024-01-11T12:00:12","guid":{"rendered":"https:\/\/emene.nueva.avantarea.com\/?post_type=product&#038;p=54597"},"modified":"2026-03-11T08:57:29","modified_gmt":"2026-03-11T07:57:29","slug":"pack-antique-xtone-lavabo-espejo-capsula-copia","status":"publish","type":"product","link":"https:\/\/emene.com\/fr\/producto\/pack-antique-xtone-lavabo-espejo-capsula-copia\/","title":{"rendered":"Pack ANTIQUE Xtone + lavabo + miroir capsule"},"content":{"rendered":"<p>Meuble vasque suspendu avec vasque int\u00e9gr\u00e9e et miroir. Ce meuble-lavabo est dot\u00e9 d&rsquo;une fa\u00e7ade en porcelaine Xtone et de pieds en m\u00e9tal. Il se compose d&rsquo;une porte et d&rsquo;une \u00e9tag\u00e8re d\u00e9corative en panneaux de particules de 19 mm avec rev\u00eatement m\u00e9lamin\u00e9, offrant des propri\u00e9t\u00e9s de surface optimales. \u00c9cologique et recyclable, il est rev\u00eatu de la mati\u00e8re Xtone de Porcelanosa, un compact min\u00e9ral fritt\u00e9 issu de mati\u00e8res premi\u00e8res de haute puret\u00e9, garantissant une surface performante. Les charni\u00e8res sont \u00e9quip\u00e9es d&rsquo;un piston \u00e0 fermeture amortie pour une ouverture et une fermeture en douceur, ainsi que d&rsquo;un syst\u00e8me de r\u00e9glage tridimensionnel. Les fixations murales sont r\u00e9glables sur trois axes et supportent une charge de 65 kg chacune, conform\u00e9ment \u00e0 la norme DIN 68840 (certifi\u00e9e LGA). Les chants sont finis avec un profil\u00e9 PVC de 1 mm. Les fixations sont \u00e9quip\u00e9es d&rsquo;un syst\u00e8me anti-d\u00e9tachement. Une vasque \u00e0 poser en c\u00e9ramique et un miroir int\u00e9gr\u00e9 sont inclus. Le meuble-lavabo est livr\u00e9 mont\u00e9 et pr\u00eat \u00e0 \u00eatre fix\u00e9 au mur. Un kit de montage est fourni. Robinetterie et bonde non incluses. Fabriqu\u00e9 en Espagne.             <\/p>\n","protected":false},"excerpt":{"rendered":"<p>Meuble vasque suspendu avec vasque int\u00e9gr\u00e9e et miroir. Ce meuble-lavabo est dot\u00e9 d&rsquo;une fa\u00e7ade en porcelaine Xtone et de pieds en m\u00e9tal. Il se compose d&rsquo;une porte et d&rsquo;une \u00e9tag\u00e8re&#8230;<\/p>\n","protected":false},"featured_media":5865,"comment_status":"closed","ping_status":"closed","template":"","meta":[],"product_brand":[487],"product_cat":[390],"product_tag":[],"class_list":{"0":"post-54597","1":"product","2":"type-product","3":"status-publish","4":"has-post-thumbnail","6":"product_brand-antique","7":"product_cat-meubles-de-salle-de-bain","8":"pa_color-calacatta-gold-bardolino","9":"pa_color-liem-noir-chene-jais-fr","10":"pa_color-orobico-dark-azabache","11":"pa_color-paonazzo-biondo-nogal","12":"pa_medidas-545","13":"pa_medidas-234","14":"pa_medidas-235","16":"first","17":"instock","18":"purchasable","19":"product-type-variable"},"_links":{"self":[{"href":"https:\/\/emene.com\/fr\/wp-json\/wp\/v2\/product\/54597","targetHints":{"allow":["GET"]}}],"collection":[{"href":"https:\/\/emene.com\/fr\/wp-json\/wp\/v2\/product"}],"about":[{"href":"https:\/\/emene.com\/fr\/wp-json\/wp\/v2\/types\/product"}],"replies":[{"embeddable":true,"href":"https:\/\/emene.com\/fr\/wp-json\/wp\/v2\/comments?post=54597"}],"wp:featuredmedia":[{"embeddable":true,"href":"https:\/\/emene.com\/fr\/wp-json\/wp\/v2\/media\/5865"}],"wp:attachment":[{"href":"https:\/\/emene.com\/fr\/wp-json\/wp\/v2\/media?parent=54597"}],"wp:term":[{"taxonomy":"product_brand","embeddable":true,"href":"https:\/\/emene.com\/fr\/wp-json\/wp\/v2\/product_brand?post=54597"},{"taxonomy":"product_cat","embeddable":true,"href":"https:\/\/emene.com\/fr\/wp-json\/wp\/v2\/product_cat?post=54597"},{"taxonomy":"product_tag","embeddable":true,"href":"https:\/\/emene.com\/fr\/wp-json\/wp\/v2\/product_tag?post=54597"}],"curies":[{"name":"wp","href":"https:\/\/api.w.org\/{rel}","templated":true}]}}