{"id":54631,"date":"2023-11-07T06:48:34","date_gmt":"2023-11-07T05:48:34","guid":{"rendered":"https:\/\/emene.nueva.avantarea.com\/?post_type=product&#038;p=54631"},"modified":"2026-03-11T13:18:24","modified_gmt":"2026-03-11T12:18:24","slug":"pack-enveloppe-xtone-lavabo-espejo-capsula-copia","status":"publish","type":"product","link":"https:\/\/emene.com\/fr\/producto\/pack-enveloppe-xtone-lavabo-espejo-capsula-copia\/","title":{"rendered":"Pack ENVELOPPE Xtone + lavabo + miroir capsule"},"content":{"rendered":"<p>Meuble-lavabo suspendu pour salle de bains, lavabo et miroir de type capsule. Conception de meubles avec cadre en porcelaine Xtone. Meuble \u00e0 tiroirs avec plan de travail et c\u00f4t\u00e9s recouverts de mat\u00e9riau Xtone de Porcelanosa, un compact min\u00e9ral fritt\u00e9 fabriqu\u00e9 \u00e0 partir de mati\u00e8res premi\u00e8res s\u00e9lectionn\u00e9es parmi les plus pures, ce qui donne une surface haute performance. Meubles en panneaux de particules de 19 mm avec rev\u00eatement en m\u00e9lamine et caract\u00e9ristiques de surface optimales, \u00e9cologiques et recyclables. Cintres avec syst\u00e8me antichute. Tiroir minimaliste en m\u00e9tal \u00e0 double paroi avec fines nervures et lignes droites, m\u00e9canisme de fermeture en douceur, capacit\u00e9 de charge de 25 kg, accessibilit\u00e9 totale et espace arri\u00e8re disponible. Comprend un lavabo en c\u00e9ramique. Comprend un miroir design capsule. Les meubles sont livr\u00e9s assembl\u00e9s, pr\u00eats \u00e0 \u00eatre accroch\u00e9s au mur. Un kit de montage du meuble est inclus. Robinet et siphon non inclus. Fabriqu\u00e9 en Espagne.<\/p>\n","protected":false},"excerpt":{"rendered":"<p>Meuble-lavabo suspendu pour salle de bains, lavabo et miroir de type capsule. Conception de meubles avec cadre en porcelaine Xtone. Meuble \u00e0 tiroirs avec plan de travail et c\u00f4t\u00e9s recouverts&#8230;<\/p>\n","protected":false},"featured_media":5608,"comment_status":"closed","ping_status":"closed","template":"","meta":[],"product_brand":[485],"product_cat":[390],"product_tag":[],"class_list":{"0":"post-54631","1":"product","2":"type-product","3":"status-publish","4":"has-post-thumbnail","6":"product_brand-enveloppe","7":"product_cat-meubles-de-salle-de-bain","8":"pa_color-calacatta-gold-bardolino","9":"pa_color-calacatta-gold-blanco-mate","10":"pa_color-liem-noir-blanc-mat","11":"pa_color-liem-noir-chene-jais-fr","12":"pa_color-orobico-dark-azabache","13":"pa_color-paonazzo-biondo-blanco-mate","14":"pa_color-paonazzo-biondo-nogal","15":"pa_medidas-545","16":"pa_medidas-234","17":"pa_medidas-235","19":"first","20":"instock","21":"purchasable","22":"product-type-variable"},"_links":{"self":[{"href":"https:\/\/emene.com\/fr\/wp-json\/wp\/v2\/product\/54631","targetHints":{"allow":["GET"]}}],"collection":[{"href":"https:\/\/emene.com\/fr\/wp-json\/wp\/v2\/product"}],"about":[{"href":"https:\/\/emene.com\/fr\/wp-json\/wp\/v2\/types\/product"}],"replies":[{"embeddable":true,"href":"https:\/\/emene.com\/fr\/wp-json\/wp\/v2\/comments?post=54631"}],"wp:featuredmedia":[{"embeddable":true,"href":"https:\/\/emene.com\/fr\/wp-json\/wp\/v2\/media\/5608"}],"wp:attachment":[{"href":"https:\/\/emene.com\/fr\/wp-json\/wp\/v2\/media?parent=54631"}],"wp:term":[{"taxonomy":"product_brand","embeddable":true,"href":"https:\/\/emene.com\/fr\/wp-json\/wp\/v2\/product_brand?post=54631"},{"taxonomy":"product_cat","embeddable":true,"href":"https:\/\/emene.com\/fr\/wp-json\/wp\/v2\/product_cat?post=54631"},{"taxonomy":"product_tag","embeddable":true,"href":"https:\/\/emene.com\/fr\/wp-json\/wp\/v2\/product_tag?post=54631"}],"curies":[{"name":"wp","href":"https:\/\/api.w.org\/{rel}","templated":true}]}}