{"id":54647,"date":"2023-11-07T06:46:19","date_gmt":"2023-11-07T05:46:19","guid":{"rendered":"https:\/\/emene.nueva.avantarea.com\/?post_type=product&#038;p=54647"},"modified":"2026-03-11T15:13:54","modified_gmt":"2026-03-11T14:13:54","slug":"pack-moulure-lavabo-xtone-espejo-led-copia","status":"publish","type":"product","link":"https:\/\/emene.com\/fr\/producto\/pack-moulure-lavabo-xtone-espejo-led-copia\/","title":{"rendered":"Pack MOULURE + lavabo Xtone + miroir LED"},"content":{"rendered":"<p>Ensemble de salle de bains compos\u00e9 d&rsquo;une vasque suspendue Xtone de Porcelanosa, d&rsquo;un meuble sous-vasque et d&rsquo;un miroir avec \u00e9clairage LED. Vasque suspendue en Xtone de Porcelanosa, un min\u00e9ral compact fritt\u00e9 \u00e0 partir de la s\u00e9lection des mati\u00e8res premi\u00e8res les plus pures pour obtenir une surface tr\u00e8s performante. Meuble-lavabo suspendu avec un tiroir et un cadre. Meubles en panneaux de particules de 19 mm avec rev\u00eatement en m\u00e9lamine et caract\u00e9ristiques de surface optimales, \u00e9cologiques et recyclables. Cintres avec syst\u00e8me antichute. Tiroir \u00e0 ouverture par pression sans poign\u00e9e, avec m\u00e9canisme d&rsquo;ouverture facile \u00e0 utiliser et de haute qualit\u00e9, design \u00e9l\u00e9gant avec une \u00e9paisseur lat\u00e9rale de 12,8 mm et des profils droits. Capacit\u00e9 de charge de 40 kg. Comprend un miroir avec \u00e9clairage LED, IP65, 10,8 W, 1170 lm et temp\u00e9rature de lumi\u00e8re 6000K. Les meubles sont livr\u00e9s assembl\u00e9s, pr\u00eats \u00e0 \u00eatre accroch\u00e9s au mur. Un kit de montage du meuble est inclus. Robinet et siphon non inclus. Fabriqu\u00e9 en Espagne.<\/p>\n","protected":false},"excerpt":{"rendered":"<p>Ensemble de salle de bains compos\u00e9 d&rsquo;une vasque suspendue Xtone de Porcelanosa, d&rsquo;un meuble sous-vasque et d&rsquo;un miroir avec \u00e9clairage LED. Vasque suspendue en Xtone de Porcelanosa, un min\u00e9ral compact&#8230;<\/p>\n","protected":false},"featured_media":5553,"comment_status":"closed","ping_status":"closed","template":"","meta":[],"product_brand":[484],"product_cat":[390],"product_tag":[],"class_list":{"0":"post-54647","1":"product","2":"type-product","3":"status-publish","4":"has-post-thumbnail","6":"product_brand-moulure","7":"product_cat-meubles-de-salle-de-bain","8":"pa_color-calacatta-blanco-mate","9":"pa_color-calacatta-roble-bardolino","10":"pa_color-calacatta-gold-bardolino","11":"pa_color-calacatta-gold-blanco-mate","12":"pa_color-jotts-noir-mat-2","13":"pa_color-kubric-noir-mat-2","14":"pa_color-liem-noir-blanc-mat","15":"pa_color-liem-noir-chene-azabache","16":"pa_color-liem-noir-chene-jais-fr","17":"pa_color-orobico-dark-blanco-mate","18":"pa_color-orobico-dark-azabache","19":"pa_color-paonazzo-biondo-blanco-mate","20":"pa_color-paonazzo-biondo-nogal","21":"pa_medidas-545","22":"pa_medidas-234","23":"pa_medidas-235","25":"first","26":"instock","27":"purchasable","28":"product-type-variable"},"_links":{"self":[{"href":"https:\/\/emene.com\/fr\/wp-json\/wp\/v2\/product\/54647","targetHints":{"allow":["GET"]}}],"collection":[{"href":"https:\/\/emene.com\/fr\/wp-json\/wp\/v2\/product"}],"about":[{"href":"https:\/\/emene.com\/fr\/wp-json\/wp\/v2\/types\/product"}],"replies":[{"embeddable":true,"href":"https:\/\/emene.com\/fr\/wp-json\/wp\/v2\/comments?post=54647"}],"wp:featuredmedia":[{"embeddable":true,"href":"https:\/\/emene.com\/fr\/wp-json\/wp\/v2\/media\/5553"}],"wp:attachment":[{"href":"https:\/\/emene.com\/fr\/wp-json\/wp\/v2\/media?parent=54647"}],"wp:term":[{"taxonomy":"product_brand","embeddable":true,"href":"https:\/\/emene.com\/fr\/wp-json\/wp\/v2\/product_brand?post=54647"},{"taxonomy":"product_cat","embeddable":true,"href":"https:\/\/emene.com\/fr\/wp-json\/wp\/v2\/product_cat?post=54647"},{"taxonomy":"product_tag","embeddable":true,"href":"https:\/\/emene.com\/fr\/wp-json\/wp\/v2\/product_tag?post=54647"}],"curies":[{"name":"wp","href":"https:\/\/api.w.org\/{rel}","templated":true}]}}