{"id":54729,"date":"2023-06-12T14:03:10","date_gmt":"2023-06-12T12:03:10","guid":{"rendered":"https:\/\/emene.nueva.avantarea.com\/?post_type=product&#038;p=54729"},"modified":"2026-02-24T15:45:41","modified_gmt":"2026-02-24T14:45:41","slug":"pack-socle-xtone-orobico-dark-lavabo-espejo-capsula-copia","status":"publish","type":"product","link":"https:\/\/emene.com\/fr\/producto\/pack-socle-xtone-orobico-dark-lavabo-espejo-capsula-copia\/","title":{"rendered":"Pack SOCLE Xtone Orobico fonc\u00e9 + lavabo + miroir capsule"},"content":{"rendered":"<p>Ensemble meuble de salle de bain suspendu, vasque et miroir. Plan vasque en mat\u00e9riau Xtone de Porcelanosa, mat\u00e9riau min\u00e9ral compact fritt\u00e9 issu d&rsquo;une s\u00e9lection de mati\u00e8res premi\u00e8res de la plus haute puret\u00e9, permettant d&rsquo;obtenir une surface aux performances \u00e9lev\u00e9es. Meuble de salle de bain suspendu fabriqu\u00e9 en panneau de particules finition bois stratifi\u00e9 de 19 mm avec micro-relief et des caract\u00e9ristiques de surface optimales, \u00e9cologique et recyclable. Tiroir m\u00e9tallique \u00e0 double paroi \u00e0 l&rsquo;esth\u00e9tique minimaliste, avec des parois lat\u00e9rales fines et des lignes droites, fermeture amortie, accessibilit\u00e9 totale et espace arri\u00e8re disponible. Structure m\u00e9tallique finition noir mat. Suspensions du meuble avec syst\u00e8me anti-d\u00e9crochement et r\u00e9glage horizontal et vertical. Comprend une vasque \u00e0 poser en c\u00e9ramique. Comprend un miroir design capsule. Le meuble est livr\u00e9 mont\u00e9, pr\u00eat \u00e0 \u00eatre fix\u00e9 au mur. Un kit pour la fixation du meuble est inclus. Robinet et siphon non inclus. Fabriqu\u00e9 en Espagne.<\/p>\n","protected":false},"excerpt":{"rendered":"<p>Ensemble meuble de salle de bain suspendu, vasque et miroir. Plan vasque en mat\u00e9riau Xtone de Porcelanosa, mat\u00e9riau min\u00e9ral compact fritt\u00e9 issu d&rsquo;une s\u00e9lection de mati\u00e8res premi\u00e8res de la plus&#8230;<\/p>\n","protected":false},"featured_media":3260,"comment_status":"closed","ping_status":"open","template":"","meta":[],"product_brand":[472],"product_cat":[390],"product_tag":[],"class_list":{"0":"post-54729","1":"product","2":"type-product","3":"status-publish","4":"has-post-thumbnail","6":"product_brand-socle","7":"product_cat-meubles-de-salle-de-bain","8":"pa_color-vert-argile-2","9":"pa_color-azabache","10":"pa_tamano-131","11":"pa_tamano-132","12":"pa_tamano-130","14":"first","15":"instock","16":"purchasable","17":"product-type-variable"},"_links":{"self":[{"href":"https:\/\/emene.com\/fr\/wp-json\/wp\/v2\/product\/54729","targetHints":{"allow":["GET"]}}],"collection":[{"href":"https:\/\/emene.com\/fr\/wp-json\/wp\/v2\/product"}],"about":[{"href":"https:\/\/emene.com\/fr\/wp-json\/wp\/v2\/types\/product"}],"replies":[{"embeddable":true,"href":"https:\/\/emene.com\/fr\/wp-json\/wp\/v2\/comments?post=54729"}],"wp:featuredmedia":[{"embeddable":true,"href":"https:\/\/emene.com\/fr\/wp-json\/wp\/v2\/media\/3260"}],"wp:attachment":[{"href":"https:\/\/emene.com\/fr\/wp-json\/wp\/v2\/media?parent=54729"}],"wp:term":[{"taxonomy":"product_brand","embeddable":true,"href":"https:\/\/emene.com\/fr\/wp-json\/wp\/v2\/product_brand?post=54729"},{"taxonomy":"product_cat","embeddable":true,"href":"https:\/\/emene.com\/fr\/wp-json\/wp\/v2\/product_cat?post=54729"},{"taxonomy":"product_tag","embeddable":true,"href":"https:\/\/emene.com\/fr\/wp-json\/wp\/v2\/product_tag?post=54729"}],"curies":[{"name":"wp","href":"https:\/\/api.w.org\/{rel}","templated":true}]}}